{"id":6327,"date":"2025-12-26T09:46:55","date_gmt":"2025-12-26T07:46:55","guid":{"rendered":"https:\/\/nhrclb.org\/reporting-violations"},"modified":"2026-04-05T18:51:27","modified_gmt":"2026-04-05T15:51:27","slug":"reporting-violations","status":"publish","type":"page","link":"https:\/\/nhrclb.org\/fr\/reporting-violations","title":{"rendered":"Signalement des violations"},"content":{"rendered":"<h1>Si vous avez \u00e9t\u00e9 victime de violations des droits de l\u2019homme ou si vous disposez d\u2019informations fiables indiquant qu\u2019une autre personne en a \u00e9t\u00e9 victime, vous pouvez vous adresser \u00e0 la Commission nationale des droits de l\u2019homme pour obtenir de l\u2019aide.<\/h1>\n<p><img loading=\"lazy\" decoding=\"async\" class=\"aligncenter size-full wp-image-4030\" src=\"https:\/\/nhrclb.org\/wp-content\/uploads\/2025\/12\/17x24-complaints.jpg\" alt=\"\" width=\"1320\" height=\"1206\" srcset=\"https:\/\/nhrclb.org\/wp-content\/uploads\/2025\/12\/17x24-complaints.jpg 1320w, https:\/\/nhrclb.org\/wp-content\/uploads\/2025\/12\/17x24-complaints-300x274.jpg 300w, https:\/\/nhrclb.org\/wp-content\/uploads\/2025\/12\/17x24-complaints-1024x936.jpg 1024w, https:\/\/nhrclb.org\/wp-content\/uploads\/2025\/12\/17x24-complaints-768x702.jpg 768w, https:\/\/nhrclb.org\/wp-content\/uploads\/2025\/12\/17x24-complaints-150x137.jpg 150w, https:\/\/nhrclb.org\/wp-content\/uploads\/2025\/12\/17x24-complaints-696x636.jpg 696w, https:\/\/nhrclb.org\/wp-content\/uploads\/2025\/12\/17x24-complaints-1068x976.jpg 1068w\" sizes=\"auto, (max-width: 1320px) 100vw, 1320px\" \/><\/p>\n<p data-start=\"0\" data-end=\"89\"><strong data-start=\"0\" data-end=\"89\">Comment la Commission nationale des droits de l\u2019homme peut-elle apporter assistance ?<\/strong><\/p>\n<p data-start=\"91\" data-end=\"231\">Si vous souhaitez d\u00e9poser une plainte, vous pouvez l\u2019adresser au Commissariat aux plaintes de la Commission nationale des droits de l\u2019homme.<\/p>\n<p data-start=\"233\" data-end=\"743\">Conform\u00e9ment \u00e0 la loi n\u00b0 62\/2016, la Commission nationale des droits de l\u2019homme au Liban est comp\u00e9tente pour suivre la situation des droits de l\u2019homme et du droit international humanitaire dans le pays. Cela inclut la r\u00e9ception, le suivi et le traitement des plaintes relatives aux violations de tout droit ou libert\u00e9 garantis par la Constitution libanaise, les lois nationales, ainsi que par les obligations du Liban en vertu du droit international des droits de l\u2019homme et du droit international humanitaire.<\/p>\n<p data-start=\"745\" data-end=\"1157\">La Commission assume \u00e9galement des r\u00f4les et responsabilit\u00e9s en mati\u00e8re de protection, qui constituent un aspect essentiel du mandat des institutions nationales des droits de l\u2019homme conform\u00e9ment aux Principes de Paris, notamment \u00e0 travers la r\u00e9ception et l\u2019examen des plaintes, la n\u00e9gociation et la m\u00e9diation, ainsi que la recherche de r\u00e9paration par le biais du minist\u00e8re public ou des juridictions comp\u00e9tentes.<\/p>\n<p data-start=\"1159\" data-end=\"1536\" data-is-last-node=\"\" data-is-only-node=\"\">La Commission a cr\u00e9\u00e9 un Commissariat aux plaintes, conform\u00e9ment \u00e0 son r\u00e8glement int\u00e9rieur, afin de faciliter la r\u00e9ception et le suivi des plaintes. Trois commissions permanentes (sur quatre) ont \u00e9galement \u00e9t\u00e9 mises en place au sein de la Commission, en plus du Comit\u00e9 pour la pr\u00e9vention de la torture, qui dispose lui aussi du pouvoir de recevoir et de traiter les plaintes :<\/p>\n<ul data-start=\"0\" data-end=\"237\">\n<li data-section-id=\"18en35\" data-start=\"0\" data-end=\"88\"><strong data-start=\"2\" data-end=\"86\">Commission des recours des enfants victimes de violations des droits de l\u2019enfant<\/strong><\/li>\n<li data-section-id=\"13ujlh9\" data-start=\"89\" data-end=\"176\"><strong data-start=\"91\" data-end=\"174\">Commission pour la protection des droits des personnes en situation de handicap<\/strong><\/li>\n<li data-section-id=\"1my4reu\" data-start=\"177\" data-end=\"237\"><strong data-start=\"179\" data-end=\"237\">Commission de lutte contre la traite des \u00eatres humains<\/strong><\/li>\n<\/ul>\n<p data-start=\"239\" data-end=\"606\" data-is-last-node=\"\" data-is-only-node=\"\">Par ailleurs, le Comit\u00e9 pour la pr\u00e9vention de la torture peut recevoir des plaintes lors de ses visites dans les lieux de d\u00e9tention, lesquelles sont trait\u00e9es conform\u00e9ment \u00e0 la section pertinente du pr\u00e9sent guide. Toutefois, ce Comit\u00e9 ne re\u00e7oit, ne suit ni ne traite de plaintes en dehors du cadre de ses visites dans les lieux de d\u00e9tention et de privation de libert\u00e9.<\/p>\n<div class=\"three-up-cta__text-wrapper\">\n<div class=\"three-up-cta__text-wrapper\">\n<div class=\"three-up-cta__text-wrapper\">\n<p data-start=\"0\" data-end=\"81\"><strong data-start=\"0\" data-end=\"81\">Les plaintes nous aident \u00e0 lutter contre les violations des droits de l\u2019homme<\/strong><\/p>\n<p data-start=\"83\" data-end=\"473\">Le d\u00e9p\u00f4t d\u2019une plainte concernant une violation pr\u00e9sum\u00e9e des droits de l\u2019homme d\u00e9clenche un processus par lequel ces all\u00e9gations sont examin\u00e9es de mani\u00e8re appropri\u00e9e \u00e0 travers le m\u00e9canisme comp\u00e9tent. \u00c0 travers ces proc\u00e9dures, les individus, les communaut\u00e9s et les organisations peuvent demander la pr\u00e9vention, la cessation, l\u2019enqu\u00eate ou la r\u00e9paration des violations subies par les victimes.<\/p>\n<p data-start=\"475\" data-end=\"498\"><strong data-start=\"475\" data-end=\"498\">Prendre des mesures<\/strong><\/p>\n<p data-start=\"500\" data-end=\"883\">En d\u00e9posant une plainte pour une violation pr\u00e9sum\u00e9e des droits de l\u2019homme, vous prenez les mesures n\u00e9cessaires pour garantir la redevabilit\u00e9 des gouvernements et d\u2019autres acteurs investis de responsabilit\u00e9s, tels que les entreprises et les organisations intergouvernementales, et pour assurer que les actions concr\u00e8tes requises soient entreprises afin de faire face \u00e0 ces violations.<\/p>\n<p data-start=\"885\" data-end=\"916\"><strong data-start=\"885\" data-end=\"916\">Responsabiliser les auteurs<\/strong><\/p>\n<p data-start=\"918\" data-end=\"1084\">Vous contribuez \u00e0 d\u00e9clencher un processus d\u2019enqu\u00eate sur les violations, \u00e0 sanctionner les responsables et \u00e0 garantir l\u2019acc\u00e8s \u00e0 des voies de recours pour les victimes.<\/p>\n<p data-start=\"1086\" data-end=\"1126\"><strong data-start=\"1086\" data-end=\"1126\">Donner un sens aux droits de l\u2019homme<\/strong><\/p>\n<p data-start=\"1128\" data-end=\"1302\" data-is-last-node=\"\" data-is-only-node=\"\">Lorsque des cas individuels sont port\u00e9s en justice et appliqu\u00e9s \u00e0 la r\u00e9alit\u00e9, les normes internationales, qui peuvent para\u00eetre abstraites, deviennent concr\u00e8tes et effectives.<\/p>\n<\/div>\n<\/div>\n<\/div>\n","protected":false},"excerpt":{"rendered":"<p>Si vous avez \u00e9t\u00e9 victime de violations des droits de l\u2019homme ou si vous disposez d\u2019informations fiables indiquant qu\u2019une autre personne en a \u00e9t\u00e9 victime, vous pouvez vous adresser \u00e0 la Commission nationale des droits de l\u2019homme pour obtenir de l\u2019aide. Comment la Commission nationale des droits de l\u2019homme peut-elle apporter assistance ? Si vous [&hellip;]<\/p>\n","protected":false},"author":1,"featured_media":4031,"parent":0,"menu_order":0,"comment_status":"closed","ping_status":"closed","template":"","meta":{"footnotes":""},"class_list":["post-6327","page","type-page","status-publish","has-post-thumbnail"],"yoast_head":"<!-- This site is optimized with the Yoast SEO plugin v27.3 - https:\/\/yoast.com\/product\/yoast-seo-wordpress\/ -->\n<title>Signalement des violations | \u0627\u0644\u0647\u064a\u0626\u0629 \u0627\u0644\u0648\u0637\u0646\u064a\u0629 \u0644\u062d\u0642\u0648\u0642 \u0627\u0644\u0625\u0646\u0633\u0627\u0646 - \u0644\u0628\u0646\u0627\u0646<\/title>\n<meta name=\"robots\" content=\"index, follow, max-snippet:-1, max-image-preview:large, max-video-preview:-1\" \/>\n<link rel=\"canonical\" href=\"https:\/\/nhrclb.org\/fr\/reporting-violations\" \/>\n<meta property=\"og:locale\" content=\"fr_FR\" \/>\n<meta property=\"og:type\" content=\"article\" \/>\n<meta property=\"og:title\" content=\"Signalement des violations | \u0627\u0644\u0647\u064a\u0626\u0629 \u0627\u0644\u0648\u0637\u0646\u064a\u0629 \u0644\u062d\u0642\u0648\u0642 \u0627\u0644\u0625\u0646\u0633\u0627\u0646 - \u0644\u0628\u0646\u0627\u0646\" \/>\n<meta property=\"og:description\" content=\"Si vous avez \u00e9t\u00e9 victime de violations des droits de l\u2019homme ou si vous disposez d\u2019informations fiables indiquant qu\u2019une autre personne en a \u00e9t\u00e9 victime, vous pouvez vous adresser \u00e0 la Commission nationale des droits de l\u2019homme pour obtenir de l\u2019aide. Comment la Commission nationale des droits de l\u2019homme peut-elle apporter assistance ? Si vous [&hellip;]\" \/>\n<meta property=\"og:url\" content=\"https:\/\/nhrclb.org\/fr\/reporting-violations\" \/>\n<meta property=\"og:site_name\" content=\"\u0627\u0644\u0647\u064a\u0626\u0629 \u0627\u0644\u0648\u0637\u0646\u064a\u0629 \u0644\u062d\u0642\u0648\u0642 \u0627\u0644\u0625\u0646\u0633\u0627\u0646 - \u0644\u0628\u0646\u0627\u0646\" \/>\n<meta property=\"article:publisher\" content=\"https:\/\/www.facebook.com\/NHRCLB\" \/>\n<meta property=\"article:modified_time\" content=\"2026-04-05T15:51:27+00:00\" \/>\n<meta property=\"og:image\" content=\"https:\/\/nhrclb.org\/wp-content\/uploads\/2025\/12\/17x24-complaints.jpg\" \/>\n\t<meta property=\"og:image:width\" content=\"1320\" \/>\n\t<meta property=\"og:image:height\" content=\"1206\" \/>\n\t<meta property=\"og:image:type\" content=\"image\/jpeg\" \/>\n<meta name=\"twitter:card\" content=\"summary_large_image\" \/>\n<meta name=\"twitter:site\" content=\"@nhrclb\" \/>\n<meta name=\"twitter:label1\" content=\"Dur\u00e9e de lecture estim\u00e9e\" \/>\n\t<meta name=\"twitter:data1\" content=\"5 minutes\" \/>\n<script type=\"application\/ld+json\" class=\"yoast-schema-graph\">{\"@context\":\"https:\\\/\\\/schema.org\",\"@graph\":[{\"@type\":\"WebPage\",\"@id\":\"https:\\\/\\\/nhrclb.org\\\/fr\\\/reporting-violations\",\"url\":\"https:\\\/\\\/nhrclb.org\\\/fr\\\/reporting-violations\",\"name\":\"Signalement des violations | \u0627\u0644\u0647\u064a\u0626\u0629 \u0627\u0644\u0648\u0637\u0646\u064a\u0629 \u0644\u062d\u0642\u0648\u0642 \u0627\u0644\u0625\u0646\u0633\u0627\u0646 - \u0644\u0628\u0646\u0627\u0646\",\"isPartOf\":{\"@id\":\"https:\\\/\\\/nhrclb.org\\\/fr#website\"},\"primaryImageOfPage\":{\"@id\":\"https:\\\/\\\/nhrclb.org\\\/fr\\\/reporting-violations#primaryimage\"},\"image\":{\"@id\":\"https:\\\/\\\/nhrclb.org\\\/fr\\\/reporting-violations#primaryimage\"},\"thumbnailUrl\":\"https:\\\/\\\/nhrclb.org\\\/wp-content\\\/uploads\\\/2025\\\/12\\\/17x24-complaints.jpg\",\"datePublished\":\"2025-12-26T07:46:55+00:00\",\"dateModified\":\"2026-04-05T15:51:27+00:00\",\"breadcrumb\":{\"@id\":\"https:\\\/\\\/nhrclb.org\\\/fr\\\/reporting-violations#breadcrumb\"},\"inLanguage\":\"fr-FR\",\"potentialAction\":[{\"@type\":\"ReadAction\",\"target\":[\"https:\\\/\\\/nhrclb.org\\\/fr\\\/reporting-violations\"]}]},{\"@type\":\"ImageObject\",\"inLanguage\":\"fr-FR\",\"@id\":\"https:\\\/\\\/nhrclb.org\\\/fr\\\/reporting-violations#primaryimage\",\"url\":\"https:\\\/\\\/nhrclb.org\\\/wp-content\\\/uploads\\\/2025\\\/12\\\/17x24-complaints.jpg\",\"contentUrl\":\"https:\\\/\\\/nhrclb.org\\\/wp-content\\\/uploads\\\/2025\\\/12\\\/17x24-complaints.jpg\",\"width\":1320,\"height\":1206},{\"@type\":\"BreadcrumbList\",\"@id\":\"https:\\\/\\\/nhrclb.org\\\/fr\\\/reporting-violations#breadcrumb\",\"itemListElement\":[{\"@type\":\"ListItem\",\"position\":1,\"name\":\"\u0627\u0644\u0631\u0626\u064a\u0633\u064a\u0629\",\"item\":\"https:\\\/\\\/nhrclb.org\\\/fr\"},{\"@type\":\"ListItem\",\"position\":2,\"name\":\"Signalement des violations\"}]},{\"@type\":\"WebSite\",\"@id\":\"https:\\\/\\\/nhrclb.org\\\/fr#website\",\"url\":\"https:\\\/\\\/nhrclb.org\\\/fr\",\"name\":\"\u0627\u0644\u0647\u064a\u0626\u0629 \u0627\u0644\u0648\u0637\u0646\u064a\u0629 \u0644\u062d\u0642\u0648\u0642 \u0627\u0644\u0625\u0646\u0633\u0627\u0646 - \u0644\u0628\u0646\u0627\u0646\",\"description\":\"\u0645\u0624\u0633\u0633\u0629 \u0648\u0637\u0646\u064a\u0629 \u0645\u0633\u062a\u0642\u0644\u0629 \u0644\u062d\u0645\u0627\u064a\u0629 \u0648\u062a\u0639\u0632\u064a\u0632 \u062d\u0642\u0648\u0642 \u0627\u0644\u0627\u0646\u0633\u0627\u0646 \u0648\u0627\u0644\u0648\u0642\u0627\u064a\u0629 \u0645\u0646 \u0627\u0644\u062a\u0639\u0630\u064a\u0628 \u0645\u0646\u0634\u0627\u0629 \u0628\u0645\u0648\u062c\u0628 \u0627\u0644\u0642\u0627\u0646\u0648\u0646 62\\\/ 2016\",\"publisher\":{\"@id\":\"https:\\\/\\\/nhrclb.org\\\/fr#organization\"},\"alternateName\":\"\u0627\u0644\u0647\u064a\u0626\u0629 \u0627\u0644\u0648\u0637\u0646\u064a\u0629 \u0644\u062d\u0642\u0648\u0642 \u0627\u0644\u0627\u0646\u0633\u0627\u0646 \u0627\u0644\u0645\u062a\u0636\u0645\u0646\u0629 \u0644\u062c\u0646\u0629 \u0627\u0644\u0648\u0642\u0627\u064a\u0629 \u0645\u0646 \u0627\u0644\u062a\u0639\u0630\u064a\u0628 - \u0627\u0644\u062c\u0645\u0647\u0648\u0631\u064a\u0629 \u0627\u0644\u0644\u0628\u0646\u0627\u0646\u064a\u0629\",\"potentialAction\":[{\"@type\":\"SearchAction\",\"target\":{\"@type\":\"EntryPoint\",\"urlTemplate\":\"https:\\\/\\\/nhrclb.org\\\/fr?s={search_term_string}\"},\"query-input\":{\"@type\":\"PropertyValueSpecification\",\"valueRequired\":true,\"valueName\":\"search_term_string\"}}],\"inLanguage\":\"fr-FR\"},{\"@type\":\"Organization\",\"@id\":\"https:\\\/\\\/nhrclb.org\\\/fr#organization\",\"name\":\"\u0627\u0644\u0647\u064a\u0626\u0629 \u0627\u0644\u0648\u0637\u0646\u064a\u0629 \u0644\u062d\u0642\u0648\u0642 \u0627\u0644\u0625\u0646\u0633\u0627\u0646 \u0627\u0644\u0645\u062a\u0636\u0645\u0646\u0629 \u0644\u062c\u0646\u0629 \u0627\u0644\u0648\u0642\u0627\u064a\u0629 \u0645\u0646 \u0627\u0644\u062a\u0639\u0630\u064a\u0628 - \u0644\u0628\u0646\u0627\u0646\",\"url\":\"https:\\\/\\\/nhrclb.org\\\/fr\",\"logo\":{\"@type\":\"ImageObject\",\"inLanguage\":\"fr-FR\",\"@id\":\"https:\\\/\\\/nhrclb.org\\\/fr#\\\/schema\\\/logo\\\/image\\\/\",\"url\":\"https:\\\/\\\/nhrclb.org\\\/wp-content\\\/uploads\\\/2024\\\/01\\\/NHRC-CPT-Logo.png\",\"contentUrl\":\"https:\\\/\\\/nhrclb.org\\\/wp-content\\\/uploads\\\/2024\\\/01\\\/NHRC-CPT-Logo.png\",\"width\":1017,\"height\":761,\"caption\":\"\u0627\u0644\u0647\u064a\u0626\u0629 \u0627\u0644\u0648\u0637\u0646\u064a\u0629 \u0644\u062d\u0642\u0648\u0642 \u0627\u0644\u0625\u0646\u0633\u0627\u0646 \u0627\u0644\u0645\u062a\u0636\u0645\u0646\u0629 \u0644\u062c\u0646\u0629 \u0627\u0644\u0648\u0642\u0627\u064a\u0629 \u0645\u0646 \u0627\u0644\u062a\u0639\u0630\u064a\u0628 - \u0644\u0628\u0646\u0627\u0646\"},\"image\":{\"@id\":\"https:\\\/\\\/nhrclb.org\\\/fr#\\\/schema\\\/logo\\\/image\\\/\"},\"sameAs\":[\"https:\\\/\\\/www.facebook.com\\\/NHRCLB\",\"https:\\\/\\\/x.com\\\/nhrclb\",\"https:\\\/\\\/www.instagram.com\\\/nhrc_lb\",\"https:\\\/\\\/www.youtube.com\\\/@lebanonsnhrccpt2364\",\"https:\\\/\\\/www.flickr.com\\\/photos\\\/145354751@N08\"]}]}<\/script>\n<!-- \/ Yoast SEO plugin. -->","yoast_head_json":{"title":"Signalement des violations | \u0627\u0644\u0647\u064a\u0626\u0629 \u0627\u0644\u0648\u0637\u0646\u064a\u0629 \u0644\u062d\u0642\u0648\u0642 \u0627\u0644\u0625\u0646\u0633\u0627\u0646 - \u0644\u0628\u0646\u0627\u0646","robots":{"index":"index","follow":"follow","max-snippet":"max-snippet:-1","max-image-preview":"max-image-preview:large","max-video-preview":"max-video-preview:-1"},"canonical":"https:\/\/nhrclb.org\/fr\/reporting-violations","og_locale":"fr_FR","og_type":"article","og_title":"Signalement des violations | \u0627\u0644\u0647\u064a\u0626\u0629 \u0627\u0644\u0648\u0637\u0646\u064a\u0629 \u0644\u062d\u0642\u0648\u0642 \u0627\u0644\u0625\u0646\u0633\u0627\u0646 - \u0644\u0628\u0646\u0627\u0646","og_description":"Si vous avez \u00e9t\u00e9 victime de violations des droits de l\u2019homme ou si vous disposez d\u2019informations fiables indiquant qu\u2019une autre personne en a \u00e9t\u00e9 victime, vous pouvez vous adresser \u00e0 la Commission nationale des droits de l\u2019homme pour obtenir de l\u2019aide. Comment la Commission nationale des droits de l\u2019homme peut-elle apporter assistance ? Si vous [&hellip;]","og_url":"https:\/\/nhrclb.org\/fr\/reporting-violations","og_site_name":"\u0627\u0644\u0647\u064a\u0626\u0629 \u0627\u0644\u0648\u0637\u0646\u064a\u0629 \u0644\u062d\u0642\u0648\u0642 \u0627\u0644\u0625\u0646\u0633\u0627\u0646 - \u0644\u0628\u0646\u0627\u0646","article_publisher":"https:\/\/www.facebook.com\/NHRCLB","article_modified_time":"2026-04-05T15:51:27+00:00","og_image":[{"width":1320,"height":1206,"url":"https:\/\/nhrclb.org\/wp-content\/uploads\/2025\/12\/17x24-complaints.jpg","type":"image\/jpeg"}],"twitter_card":"summary_large_image","twitter_site":"@nhrclb","twitter_misc":{"Dur\u00e9e de lecture estim\u00e9e":"5 minutes"},"schema":{"@context":"https:\/\/schema.org","@graph":[{"@type":"WebPage","@id":"https:\/\/nhrclb.org\/fr\/reporting-violations","url":"https:\/\/nhrclb.org\/fr\/reporting-violations","name":"Signalement des violations | \u0627\u0644\u0647\u064a\u0626\u0629 \u0627\u0644\u0648\u0637\u0646\u064a\u0629 \u0644\u062d\u0642\u0648\u0642 \u0627\u0644\u0625\u0646\u0633\u0627\u0646 - \u0644\u0628\u0646\u0627\u0646","isPartOf":{"@id":"https:\/\/nhrclb.org\/fr#website"},"primaryImageOfPage":{"@id":"https:\/\/nhrclb.org\/fr\/reporting-violations#primaryimage"},"image":{"@id":"https:\/\/nhrclb.org\/fr\/reporting-violations#primaryimage"},"thumbnailUrl":"https:\/\/nhrclb.org\/wp-content\/uploads\/2025\/12\/17x24-complaints.jpg","datePublished":"2025-12-26T07:46:55+00:00","dateModified":"2026-04-05T15:51:27+00:00","breadcrumb":{"@id":"https:\/\/nhrclb.org\/fr\/reporting-violations#breadcrumb"},"inLanguage":"fr-FR","potentialAction":[{"@type":"ReadAction","target":["https:\/\/nhrclb.org\/fr\/reporting-violations"]}]},{"@type":"ImageObject","inLanguage":"fr-FR","@id":"https:\/\/nhrclb.org\/fr\/reporting-violations#primaryimage","url":"https:\/\/nhrclb.org\/wp-content\/uploads\/2025\/12\/17x24-complaints.jpg","contentUrl":"https:\/\/nhrclb.org\/wp-content\/uploads\/2025\/12\/17x24-complaints.jpg","width":1320,"height":1206},{"@type":"BreadcrumbList","@id":"https:\/\/nhrclb.org\/fr\/reporting-violations#breadcrumb","itemListElement":[{"@type":"ListItem","position":1,"name":"\u0627\u0644\u0631\u0626\u064a\u0633\u064a\u0629","item":"https:\/\/nhrclb.org\/fr"},{"@type":"ListItem","position":2,"name":"Signalement des violations"}]},{"@type":"WebSite","@id":"https:\/\/nhrclb.org\/fr#website","url":"https:\/\/nhrclb.org\/fr","name":"\u0627\u0644\u0647\u064a\u0626\u0629 \u0627\u0644\u0648\u0637\u0646\u064a\u0629 \u0644\u062d\u0642\u0648\u0642 \u0627\u0644\u0625\u0646\u0633\u0627\u0646 - \u0644\u0628\u0646\u0627\u0646","description":"\u0645\u0624\u0633\u0633\u0629 \u0648\u0637\u0646\u064a\u0629 \u0645\u0633\u062a\u0642\u0644\u0629 \u0644\u062d\u0645\u0627\u064a\u0629 \u0648\u062a\u0639\u0632\u064a\u0632 \u062d\u0642\u0648\u0642 \u0627\u0644\u0627\u0646\u0633\u0627\u0646 \u0648\u0627\u0644\u0648\u0642\u0627\u064a\u0629 \u0645\u0646 \u0627\u0644\u062a\u0639\u0630\u064a\u0628 \u0645\u0646\u0634\u0627\u0629 \u0628\u0645\u0648\u062c\u0628 \u0627\u0644\u0642\u0627\u0646\u0648\u0646 62\/ 2016","publisher":{"@id":"https:\/\/nhrclb.org\/fr#organization"},"alternateName":"\u0627\u0644\u0647\u064a\u0626\u0629 \u0627\u0644\u0648\u0637\u0646\u064a\u0629 \u0644\u062d\u0642\u0648\u0642 \u0627\u0644\u0627\u0646\u0633\u0627\u0646 \u0627\u0644\u0645\u062a\u0636\u0645\u0646\u0629 \u0644\u062c\u0646\u0629 \u0627\u0644\u0648\u0642\u0627\u064a\u0629 \u0645\u0646 \u0627\u0644\u062a\u0639\u0630\u064a\u0628 - \u0627\u0644\u062c\u0645\u0647\u0648\u0631\u064a\u0629 \u0627\u0644\u0644\u0628\u0646\u0627\u0646\u064a\u0629","potentialAction":[{"@type":"SearchAction","target":{"@type":"EntryPoint","urlTemplate":"https:\/\/nhrclb.org\/fr?s={search_term_string}"},"query-input":{"@type":"PropertyValueSpecification","valueRequired":true,"valueName":"search_term_string"}}],"inLanguage":"fr-FR"},{"@type":"Organization","@id":"https:\/\/nhrclb.org\/fr#organization","name":"\u0627\u0644\u0647\u064a\u0626\u0629 \u0627\u0644\u0648\u0637\u0646\u064a\u0629 \u0644\u062d\u0642\u0648\u0642 \u0627\u0644\u0625\u0646\u0633\u0627\u0646 \u0627\u0644\u0645\u062a\u0636\u0645\u0646\u0629 \u0644\u062c\u0646\u0629 \u0627\u0644\u0648\u0642\u0627\u064a\u0629 \u0645\u0646 \u0627\u0644\u062a\u0639\u0630\u064a\u0628 - \u0644\u0628\u0646\u0627\u0646","url":"https:\/\/nhrclb.org\/fr","logo":{"@type":"ImageObject","inLanguage":"fr-FR","@id":"https:\/\/nhrclb.org\/fr#\/schema\/logo\/image\/","url":"https:\/\/nhrclb.org\/wp-content\/uploads\/2024\/01\/NHRC-CPT-Logo.png","contentUrl":"https:\/\/nhrclb.org\/wp-content\/uploads\/2024\/01\/NHRC-CPT-Logo.png","width":1017,"height":761,"caption":"\u0627\u0644\u0647\u064a\u0626\u0629 \u0627\u0644\u0648\u0637\u0646\u064a\u0629 \u0644\u062d\u0642\u0648\u0642 \u0627\u0644\u0625\u0646\u0633\u0627\u0646 \u0627\u0644\u0645\u062a\u0636\u0645\u0646\u0629 \u0644\u062c\u0646\u0629 \u0627\u0644\u0648\u0642\u0627\u064a\u0629 \u0645\u0646 \u0627\u0644\u062a\u0639\u0630\u064a\u0628 - \u0644\u0628\u0646\u0627\u0646"},"image":{"@id":"https:\/\/nhrclb.org\/fr#\/schema\/logo\/image\/"},"sameAs":["https:\/\/www.facebook.com\/NHRCLB","https:\/\/x.com\/nhrclb","https:\/\/www.instagram.com\/nhrc_lb","https:\/\/www.youtube.com\/@lebanonsnhrccpt2364","https:\/\/www.flickr.com\/photos\/145354751@N08"]}]}},"_links":{"self":[{"href":"https:\/\/nhrclb.org\/fr\/wp-json\/wp\/v2\/pages\/6327","targetHints":{"allow":["GET"]}}],"collection":[{"href":"https:\/\/nhrclb.org\/fr\/wp-json\/wp\/v2\/pages"}],"about":[{"href":"https:\/\/nhrclb.org\/fr\/wp-json\/wp\/v2\/types\/page"}],"author":[{"embeddable":true,"href":"https:\/\/nhrclb.org\/fr\/wp-json\/wp\/v2\/users\/1"}],"replies":[{"embeddable":true,"href":"https:\/\/nhrclb.org\/fr\/wp-json\/wp\/v2\/comments?post=6327"}],"version-history":[{"count":2,"href":"https:\/\/nhrclb.org\/fr\/wp-json\/wp\/v2\/pages\/6327\/revisions"}],"predecessor-version":[{"id":6329,"href":"https:\/\/nhrclb.org\/fr\/wp-json\/wp\/v2\/pages\/6327\/revisions\/6329"}],"wp:featuredmedia":[{"embeddable":true,"href":"https:\/\/nhrclb.org\/fr\/wp-json\/wp\/v2\/media\/4031"}],"wp:attachment":[{"href":"https:\/\/nhrclb.org\/fr\/wp-json\/wp\/v2\/media?parent=6327"}],"curies":[{"name":"wp","href":"https:\/\/api.w.org\/{rel}","templated":true}]}}