{"id":6309,"date":"2024-05-03T09:36:07","date_gmt":"2024-05-03T06:36:07","guid":{"rendered":"https:\/\/nhrclb.org\/places-of-deprivation-of-liberty-in-lebanon"},"modified":"2026-04-05T18:30:45","modified_gmt":"2026-04-05T15:30:45","slug":"places-of-deprivation-of-liberty-in-lebanon","status":"publish","type":"page","link":"https:\/\/nhrclb.org\/fr\/places-of-deprivation-of-liberty-in-lebanon","title":{"rendered":"Lieux de privation de libert\u00e9 au Liban"},"content":{"rendered":"<h1>relevant de la comp\u00e9tence du Comit\u00e9 national pour la pr\u00e9vention de la torture<\/h1>\n<p><img loading=\"lazy\" decoding=\"async\" class=\"aligncenter wp-image-1935 size-full\" src=\"https:\/\/nhrclb.org\/wp-content\/uploads\/2024\/04\/Roumieh-prison-Arabic-\u0633\u062c\u0646-\u0631\u0648\u0645\u064a\u0629-is-the-largest-and-most-notorious-prison-in-Lebanon-2.jpg\" alt=\"\" width=\"1200\" height=\"800\" srcset=\"https:\/\/nhrclb.org\/wp-content\/uploads\/2024\/04\/Roumieh-prison-Arabic-\u0633\u062c\u0646-\u0631\u0648\u0645\u064a\u0629-is-the-largest-and-most-notorious-prison-in-Lebanon-2.jpg 1200w, https:\/\/nhrclb.org\/wp-content\/uploads\/2024\/04\/Roumieh-prison-Arabic-\u0633\u062c\u0646-\u0631\u0648\u0645\u064a\u0629-is-the-largest-and-most-notorious-prison-in-Lebanon-2-300x200.jpg 300w, https:\/\/nhrclb.org\/wp-content\/uploads\/2024\/04\/Roumieh-prison-Arabic-\u0633\u062c\u0646-\u0631\u0648\u0645\u064a\u0629-is-the-largest-and-most-notorious-prison-in-Lebanon-2-1024x683.jpg 1024w, https:\/\/nhrclb.org\/wp-content\/uploads\/2024\/04\/Roumieh-prison-Arabic-\u0633\u062c\u0646-\u0631\u0648\u0645\u064a\u0629-is-the-largest-and-most-notorious-prison-in-Lebanon-2-768x512.jpg 768w, https:\/\/nhrclb.org\/wp-content\/uploads\/2024\/04\/Roumieh-prison-Arabic-\u0633\u062c\u0646-\u0631\u0648\u0645\u064a\u0629-is-the-largest-and-most-notorious-prison-in-Lebanon-2-150x100.jpg 150w, https:\/\/nhrclb.org\/wp-content\/uploads\/2024\/04\/Roumieh-prison-Arabic-\u0633\u062c\u0646-\u0631\u0648\u0645\u064a\u0629-is-the-largest-and-most-notorious-prison-in-Lebanon-2-696x464.jpg 696w, https:\/\/nhrclb.org\/wp-content\/uploads\/2024\/04\/Roumieh-prison-Arabic-\u0633\u062c\u0646-\u0631\u0648\u0645\u064a\u0629-is-the-largest-and-most-notorious-prison-in-Lebanon-2-1068x712.jpg 1068w\" sizes=\"auto, (max-width: 1200px) 100vw, 1200px\" \/><\/p>\n<p data-start=\"0\" data-end=\"486\">1- <strong data-start=\"3\" data-end=\"171\">Les lieux de privation de libert\u00e9 relevant de l\u2019autorit\u00e9 de la Direction g\u00e9n\u00e9rale des Forces de s\u00e9curit\u00e9 int\u00e9rieure \u2013 Minist\u00e8re de l\u2019Int\u00e9rieur et des Municipalit\u00e9s.<\/strong> Cela inclut les prisons, les centres de d\u00e9tention provisoire, les postes de police, les \u00e9tablissements pour mineurs, les centres de d\u00e9tention temporaire aux postes-fronti\u00e8res, a\u00e9roports et ports maritimes, ainsi que les centres d\u2019enqu\u00eate relevant de la branche des renseignements des Forces de s\u00e9curit\u00e9 int\u00e9rieure.<\/p>\n<p data-start=\"488\" data-end=\"933\">2- <strong data-start=\"491\" data-end=\"647\">Les lieux de privation de libert\u00e9 relevant de l\u2019autorit\u00e9 de la Direction g\u00e9n\u00e9rale de la S\u00fbret\u00e9 g\u00e9n\u00e9rale \u2013 Minist\u00e8re de l\u2019Int\u00e9rieur et des Municipalit\u00e9s.<\/strong> Cela inclut les prisons, les installations de d\u00e9tention temporaire, les centres de d\u00e9tention pour r\u00e9fugi\u00e9s, les refuges pour migrants et survivants de la traite des \u00eatres humains, ainsi que les centres de d\u00e9tention temporaire aux fronti\u00e8res terrestres, dans les a\u00e9roports et les ports.<\/p>\n<p data-start=\"935\" data-end=\"1167\">3- <strong data-start=\"938\" data-end=\"1093\">Les lieux de privation de libert\u00e9 relevant de l\u2019autorit\u00e9 de la Direction g\u00e9n\u00e9rale de la S\u00fbret\u00e9 de l\u2019\u00c9tat, rattach\u00e9e au Conseil sup\u00e9rieur de la d\u00e9fense.<\/strong> Cela inclut les centres de d\u00e9tention temporaire et les centres d\u2019enqu\u00eate.<\/p>\n<p data-start=\"1169\" data-end=\"1416\">4- <strong data-start=\"1172\" data-end=\"1295\">Les lieux de privation de libert\u00e9 relevant de l\u2019autorit\u00e9 de la Direction g\u00e9n\u00e9rale des Douanes \u2013 Minist\u00e8re des Finances.<\/strong> Cela inclut les installations de d\u00e9tention temporaire aux postes-fronti\u00e8res terrestres, dans les a\u00e9roports et les ports.<\/p>\n<p data-start=\"1418\" data-end=\"1763\">5- <strong data-start=\"1421\" data-end=\"1539\">Les lieux de privation de libert\u00e9 relevant de l\u2019autorit\u00e9 de l\u2019Arm\u00e9e libanaise \u2013 Minist\u00e8re de la D\u00e9fense nationale.<\/strong> Cela inclut les prisons et les centres de d\u00e9tention temporaire, y compris les casernes militaires, les centres de d\u00e9tention provisoire de la police militaire et les centres d\u2019enqu\u00eate des services de renseignement militaire.<\/p>\n<p data-start=\"1765\" data-end=\"2082\">6- <strong data-start=\"1768\" data-end=\"1900\">Les lieux de privation et\/ou de restriction de libert\u00e9 relevant de l\u2019autorit\u00e9 des forces charg\u00e9es de la protection du Parlement,<\/strong> compos\u00e9es de la Police du Parlement, des Forces de s\u00e9curit\u00e9 int\u00e9rieure et d\u2019une unit\u00e9 de l\u2019Arm\u00e9e libanaise. Cela inclut les centres de d\u00e9tention temporaire et les centres d\u2019enqu\u00eate.<\/p>\n<p data-start=\"2084\" data-end=\"2648\">7- <strong data-start=\"2087\" data-end=\"2304\">Les lieux de privation et\/ou de restriction de libert\u00e9 relevant de l\u2019autorit\u00e9 d\u2019organisations gouvernementales et non gouvernementales, sous la supervision et\/ou contract\u00e9es avec le Minist\u00e8re de la Sant\u00e9 publique.<\/strong> Cela inclut les h\u00f4pitaux, les \u00e9tablissements psychiatriques, les lieux de quarantaine, les centres pour personnes \u00e2g\u00e9es, y compris les personnes atteintes de d\u00e9mence, les centres de traitement des addictions aux drogues, les centres de traitement de l\u2019alcoolisme, ainsi que tout autre centre impliquant une privation ou restriction de libert\u00e9.<\/p>\n<p data-start=\"2650\" data-end=\"3233\">8- <strong data-start=\"2653\" data-end=\"2871\">Les lieux de privation et\/ou de restriction de libert\u00e9 relevant de l\u2019autorit\u00e9 d\u2019organisations gouvernementales et non gouvernementales, sous la supervision et\/ou contract\u00e9es avec le Minist\u00e8re des Affaires sociales.<\/strong> Cela inclut les orphelinats, les associations, les internats pour personnes en situation de handicap, les refuges pour survivants de violences fond\u00e9es sur le genre, les refuges pour survivants de la traite des \u00eatres humains, les refuges pour les personnes LGBTQI+, les refuges pour survivants de violences, ainsi que les centres et maisons pour personnes \u00e2g\u00e9es.<\/p>\n<p data-start=\"3235\" data-end=\"3969\">9- <strong data-start=\"3238\" data-end=\"3392\">Les lieux de privation et\/ou de restriction de libert\u00e9 relevant de l\u2019autorit\u00e9, de la supervision ou de la gestion des missions diplomatiques au Liban.<\/strong> Cela inclut les refuges pour travailleuses domestiques migrantes, les refuges pour survivants de violences fond\u00e9es sur le genre, les refuges pour survivants de la traite des \u00eatres humains, ainsi que tout autre type de refuge \u00e9tabli par les ambassades et\/ou consulats, \u00e0 l\u2019int\u00e9rieur ou \u00e0 l\u2019ext\u00e9rieur de leurs locaux. Ceci sous r\u00e9serve des restrictions d\u2019acc\u00e8s conform\u00e9ment aux r\u00e8gles du droit international applicable, notamment celles pr\u00e9vues par la Convention de Vienne sur les relations diplomatiques de 1961 et la Convention de Vienne sur les relations consulaires de 1963.<\/p>\n<p data-start=\"3971\" data-end=\"4305\">10- <strong data-start=\"3975\" data-end=\"4217\">Les lieux de privation et\/ou de restriction de libert\u00e9 relevant de l\u2019autorit\u00e9 d\u2019organisations gouvernementales et non gouvernementales, sous la supervision et\/ou contract\u00e9es avec le Minist\u00e8re de l\u2019\u00c9ducation et de l\u2019Enseignement sup\u00e9rieur.<\/strong> Cela inclut les orphelinats, les associations concern\u00e9es et d\u2019autres types d\u2019internats.<\/p>\n<p data-start=\"4307\" data-end=\"4624\">11- <strong data-start=\"4311\" data-end=\"4466\">Les lieux de privation de libert\u00e9 relevant de l\u2019autorit\u00e9 du Minist\u00e8re de la Justice ou d\u2019autres organisations gouvernementales et non gouvernementales.<\/strong> Cela inclut les \u00e9tablissements pour mineurs, les centres de r\u00e9habilitation, les centres disciplinaires ainsi que tous les autres \u00e9tablissements pour mineurs.<\/p>\n<p data-start=\"4626\" data-end=\"4742\" data-is-last-node=\"\" data-is-only-node=\"\">12- <strong data-start=\"4630\" data-end=\"4742\" data-is-last-node=\"\">Les lieux de privation et\/ou de restriction de libert\u00e9 relevant de l\u2019autorit\u00e9 d\u2019acteurs non gouvernementaux.<\/strong><\/p>\n","protected":false},"excerpt":{"rendered":"<p>relevant de la comp\u00e9tence du Comit\u00e9 national pour la pr\u00e9vention de la torture 1- Les lieux de privation de libert\u00e9 relevant de l\u2019autorit\u00e9 de la Direction g\u00e9n\u00e9rale des Forces de s\u00e9curit\u00e9 int\u00e9rieure \u2013 Minist\u00e8re de l\u2019Int\u00e9rieur et des Municipalit\u00e9s. Cela inclut les prisons, les centres de d\u00e9tention provisoire, les postes de police, les \u00e9tablissements pour [&hellip;]<\/p>\n","protected":false},"author":1,"featured_media":4579,"parent":0,"menu_order":0,"comment_status":"closed","ping_status":"closed","template":"","meta":{"footnotes":""},"class_list":["post-6309","page","type-page","status-publish","has-post-thumbnail"],"yoast_head":"<!-- This site is optimized with the Yoast SEO plugin v27.3 - https:\/\/yoast.com\/product\/yoast-seo-wordpress\/ -->\n<title>Lieux de privation de libert\u00e9 au Liban | \u0627\u0644\u0647\u064a\u0626\u0629 \u0627\u0644\u0648\u0637\u0646\u064a\u0629 \u0644\u062d\u0642\u0648\u0642 \u0627\u0644\u0625\u0646\u0633\u0627\u0646 - \u0644\u0628\u0646\u0627\u0646<\/title>\n<meta name=\"robots\" content=\"index, follow, max-snippet:-1, max-image-preview:large, max-video-preview:-1\" \/>\n<link rel=\"canonical\" href=\"https:\/\/nhrclb.org\/fr\/places-of-deprivation-of-liberty-in-lebanon\" \/>\n<meta property=\"og:locale\" content=\"fr_FR\" \/>\n<meta property=\"og:type\" content=\"article\" \/>\n<meta property=\"og:title\" content=\"Lieux de privation de libert\u00e9 au Liban | \u0627\u0644\u0647\u064a\u0626\u0629 \u0627\u0644\u0648\u0637\u0646\u064a\u0629 \u0644\u062d\u0642\u0648\u0642 \u0627\u0644\u0625\u0646\u0633\u0627\u0646 - \u0644\u0628\u0646\u0627\u0646\" \/>\n<meta property=\"og:description\" content=\"relevant de la comp\u00e9tence du Comit\u00e9 national pour la pr\u00e9vention de la torture 1- Les lieux de privation de libert\u00e9 relevant de l\u2019autorit\u00e9 de la Direction g\u00e9n\u00e9rale des Forces de s\u00e9curit\u00e9 int\u00e9rieure \u2013 Minist\u00e8re de l\u2019Int\u00e9rieur et des Municipalit\u00e9s. Cela inclut les prisons, les centres de d\u00e9tention provisoire, les postes de police, les \u00e9tablissements pour [&hellip;]\" \/>\n<meta property=\"og:url\" content=\"https:\/\/nhrclb.org\/fr\/places-of-deprivation-of-liberty-in-lebanon\" \/>\n<meta property=\"og:site_name\" content=\"\u0627\u0644\u0647\u064a\u0626\u0629 \u0627\u0644\u0648\u0637\u0646\u064a\u0629 \u0644\u062d\u0642\u0648\u0642 \u0627\u0644\u0625\u0646\u0633\u0627\u0646 - \u0644\u0628\u0646\u0627\u0646\" \/>\n<meta property=\"article:publisher\" content=\"https:\/\/www.facebook.com\/NHRCLB\" \/>\n<meta property=\"article:modified_time\" content=\"2026-04-05T15:30:45+00:00\" \/>\n<meta property=\"og:image\" content=\"https:\/\/nhrclb.org\/wp-content\/uploads\/2024\/04\/Roumieh-prison-Arabic-\u0633\u062c\u0646-\u0631\u0648\u0645\u064a\u0629-is-the-largest-and-most-notorious-prison-in-Lebanon-2.jpg\" \/>\n\t<meta property=\"og:image:width\" content=\"1200\" \/>\n\t<meta property=\"og:image:height\" content=\"800\" \/>\n\t<meta property=\"og:image:type\" content=\"image\/jpeg\" \/>\n<meta name=\"twitter:card\" content=\"summary_large_image\" \/>\n<meta name=\"twitter:site\" content=\"@nhrclb\" \/>\n<meta name=\"twitter:label1\" content=\"Dur\u00e9e de lecture estim\u00e9e\" \/>\n\t<meta name=\"twitter:data1\" content=\"6 minutes\" \/>\n<script type=\"application\/ld+json\" class=\"yoast-schema-graph\">{\"@context\":\"https:\\\/\\\/schema.org\",\"@graph\":[{\"@type\":\"WebPage\",\"@id\":\"https:\\\/\\\/nhrclb.org\\\/fr\\\/places-of-deprivation-of-liberty-in-lebanon\",\"url\":\"https:\\\/\\\/nhrclb.org\\\/fr\\\/places-of-deprivation-of-liberty-in-lebanon\",\"name\":\"Lieux de privation de libert\u00e9 au Liban | \u0627\u0644\u0647\u064a\u0626\u0629 \u0627\u0644\u0648\u0637\u0646\u064a\u0629 \u0644\u062d\u0642\u0648\u0642 \u0627\u0644\u0625\u0646\u0633\u0627\u0646 - \u0644\u0628\u0646\u0627\u0646\",\"isPartOf\":{\"@id\":\"https:\\\/\\\/nhrclb.org\\\/fr#website\"},\"primaryImageOfPage\":{\"@id\":\"https:\\\/\\\/nhrclb.org\\\/fr\\\/places-of-deprivation-of-liberty-in-lebanon#primaryimage\"},\"image\":{\"@id\":\"https:\\\/\\\/nhrclb.org\\\/fr\\\/places-of-deprivation-of-liberty-in-lebanon#primaryimage\"},\"thumbnailUrl\":\"https:\\\/\\\/nhrclb.org\\\/wp-content\\\/uploads\\\/2024\\\/04\\\/Roumieh-prison-Arabic-\u0633\u062c\u0646-\u0631\u0648\u0645\u064a\u0629-is-the-largest-and-most-notorious-prison-in-Lebanon-2.jpg\",\"datePublished\":\"2024-05-03T06:36:07+00:00\",\"dateModified\":\"2026-04-05T15:30:45+00:00\",\"breadcrumb\":{\"@id\":\"https:\\\/\\\/nhrclb.org\\\/fr\\\/places-of-deprivation-of-liberty-in-lebanon#breadcrumb\"},\"inLanguage\":\"fr-FR\",\"potentialAction\":[{\"@type\":\"ReadAction\",\"target\":[\"https:\\\/\\\/nhrclb.org\\\/fr\\\/places-of-deprivation-of-liberty-in-lebanon\"]}]},{\"@type\":\"ImageObject\",\"inLanguage\":\"fr-FR\",\"@id\":\"https:\\\/\\\/nhrclb.org\\\/fr\\\/places-of-deprivation-of-liberty-in-lebanon#primaryimage\",\"url\":\"https:\\\/\\\/nhrclb.org\\\/wp-content\\\/uploads\\\/2024\\\/04\\\/Roumieh-prison-Arabic-\u0633\u062c\u0646-\u0631\u0648\u0645\u064a\u0629-is-the-largest-and-most-notorious-prison-in-Lebanon-2.jpg\",\"contentUrl\":\"https:\\\/\\\/nhrclb.org\\\/wp-content\\\/uploads\\\/2024\\\/04\\\/Roumieh-prison-Arabic-\u0633\u062c\u0646-\u0631\u0648\u0645\u064a\u0629-is-the-largest-and-most-notorious-prison-in-Lebanon-2.jpg\",\"width\":1200,\"height\":800,\"caption\":\"\u062c\u0648\u0644\u0629 \u0641\u064a \u0633\u062c\u0646 \u0631\u0648\u0645\u064a\u0629 (\u0645\u062d\u0645\u062f \u0634\u0631\u0627\u0631\u0629)\"},{\"@type\":\"BreadcrumbList\",\"@id\":\"https:\\\/\\\/nhrclb.org\\\/fr\\\/places-of-deprivation-of-liberty-in-lebanon#breadcrumb\",\"itemListElement\":[{\"@type\":\"ListItem\",\"position\":1,\"name\":\"\u0627\u0644\u0631\u0626\u064a\u0633\u064a\u0629\",\"item\":\"https:\\\/\\\/nhrclb.org\\\/fr\"},{\"@type\":\"ListItem\",\"position\":2,\"name\":\"Lieux de privation de libert\u00e9 au Liban\"}]},{\"@type\":\"WebSite\",\"@id\":\"https:\\\/\\\/nhrclb.org\\\/fr#website\",\"url\":\"https:\\\/\\\/nhrclb.org\\\/fr\",\"name\":\"\u0627\u0644\u0647\u064a\u0626\u0629 \u0627\u0644\u0648\u0637\u0646\u064a\u0629 \u0644\u062d\u0642\u0648\u0642 \u0627\u0644\u0625\u0646\u0633\u0627\u0646 - \u0644\u0628\u0646\u0627\u0646\",\"description\":\"\u0645\u0624\u0633\u0633\u0629 \u0648\u0637\u0646\u064a\u0629 \u0645\u0633\u062a\u0642\u0644\u0629 \u0644\u062d\u0645\u0627\u064a\u0629 \u0648\u062a\u0639\u0632\u064a\u0632 \u062d\u0642\u0648\u0642 \u0627\u0644\u0627\u0646\u0633\u0627\u0646 \u0648\u0627\u0644\u0648\u0642\u0627\u064a\u0629 \u0645\u0646 \u0627\u0644\u062a\u0639\u0630\u064a\u0628 \u0645\u0646\u0634\u0627\u0629 \u0628\u0645\u0648\u062c\u0628 \u0627\u0644\u0642\u0627\u0646\u0648\u0646 62\\\/ 2016\",\"publisher\":{\"@id\":\"https:\\\/\\\/nhrclb.org\\\/fr#organization\"},\"alternateName\":\"\u0627\u0644\u0647\u064a\u0626\u0629 \u0627\u0644\u0648\u0637\u0646\u064a\u0629 \u0644\u062d\u0642\u0648\u0642 \u0627\u0644\u0627\u0646\u0633\u0627\u0646 \u0627\u0644\u0645\u062a\u0636\u0645\u0646\u0629 \u0644\u062c\u0646\u0629 \u0627\u0644\u0648\u0642\u0627\u064a\u0629 \u0645\u0646 \u0627\u0644\u062a\u0639\u0630\u064a\u0628 - \u0627\u0644\u062c\u0645\u0647\u0648\u0631\u064a\u0629 \u0627\u0644\u0644\u0628\u0646\u0627\u0646\u064a\u0629\",\"potentialAction\":[{\"@type\":\"SearchAction\",\"target\":{\"@type\":\"EntryPoint\",\"urlTemplate\":\"https:\\\/\\\/nhrclb.org\\\/fr?s={search_term_string}\"},\"query-input\":{\"@type\":\"PropertyValueSpecification\",\"valueRequired\":true,\"valueName\":\"search_term_string\"}}],\"inLanguage\":\"fr-FR\"},{\"@type\":\"Organization\",\"@id\":\"https:\\\/\\\/nhrclb.org\\\/fr#organization\",\"name\":\"\u0627\u0644\u0647\u064a\u0626\u0629 \u0627\u0644\u0648\u0637\u0646\u064a\u0629 \u0644\u062d\u0642\u0648\u0642 \u0627\u0644\u0625\u0646\u0633\u0627\u0646 \u0627\u0644\u0645\u062a\u0636\u0645\u0646\u0629 \u0644\u062c\u0646\u0629 \u0627\u0644\u0648\u0642\u0627\u064a\u0629 \u0645\u0646 \u0627\u0644\u062a\u0639\u0630\u064a\u0628 - \u0644\u0628\u0646\u0627\u0646\",\"url\":\"https:\\\/\\\/nhrclb.org\\\/fr\",\"logo\":{\"@type\":\"ImageObject\",\"inLanguage\":\"fr-FR\",\"@id\":\"https:\\\/\\\/nhrclb.org\\\/fr#\\\/schema\\\/logo\\\/image\\\/\",\"url\":\"https:\\\/\\\/nhrclb.org\\\/wp-content\\\/uploads\\\/2024\\\/01\\\/NHRC-CPT-Logo.png\",\"contentUrl\":\"https:\\\/\\\/nhrclb.org\\\/wp-content\\\/uploads\\\/2024\\\/01\\\/NHRC-CPT-Logo.png\",\"width\":1017,\"height\":761,\"caption\":\"\u0627\u0644\u0647\u064a\u0626\u0629 \u0627\u0644\u0648\u0637\u0646\u064a\u0629 \u0644\u062d\u0642\u0648\u0642 \u0627\u0644\u0625\u0646\u0633\u0627\u0646 \u0627\u0644\u0645\u062a\u0636\u0645\u0646\u0629 \u0644\u062c\u0646\u0629 \u0627\u0644\u0648\u0642\u0627\u064a\u0629 \u0645\u0646 \u0627\u0644\u062a\u0639\u0630\u064a\u0628 - \u0644\u0628\u0646\u0627\u0646\"},\"image\":{\"@id\":\"https:\\\/\\\/nhrclb.org\\\/fr#\\\/schema\\\/logo\\\/image\\\/\"},\"sameAs\":[\"https:\\\/\\\/www.facebook.com\\\/NHRCLB\",\"https:\\\/\\\/x.com\\\/nhrclb\",\"https:\\\/\\\/www.instagram.com\\\/nhrc_lb\",\"https:\\\/\\\/www.youtube.com\\\/@lebanonsnhrccpt2364\",\"https:\\\/\\\/www.flickr.com\\\/photos\\\/145354751@N08\"]}]}<\/script>\n<!-- \/ Yoast SEO plugin. -->","yoast_head_json":{"title":"Lieux de privation de libert\u00e9 au Liban | \u0627\u0644\u0647\u064a\u0626\u0629 \u0627\u0644\u0648\u0637\u0646\u064a\u0629 \u0644\u062d\u0642\u0648\u0642 \u0627\u0644\u0625\u0646\u0633\u0627\u0646 - \u0644\u0628\u0646\u0627\u0646","robots":{"index":"index","follow":"follow","max-snippet":"max-snippet:-1","max-image-preview":"max-image-preview:large","max-video-preview":"max-video-preview:-1"},"canonical":"https:\/\/nhrclb.org\/fr\/places-of-deprivation-of-liberty-in-lebanon","og_locale":"fr_FR","og_type":"article","og_title":"Lieux de privation de libert\u00e9 au Liban | \u0627\u0644\u0647\u064a\u0626\u0629 \u0627\u0644\u0648\u0637\u0646\u064a\u0629 \u0644\u062d\u0642\u0648\u0642 \u0627\u0644\u0625\u0646\u0633\u0627\u0646 - \u0644\u0628\u0646\u0627\u0646","og_description":"relevant de la comp\u00e9tence du Comit\u00e9 national pour la pr\u00e9vention de la torture 1- Les lieux de privation de libert\u00e9 relevant de l\u2019autorit\u00e9 de la Direction g\u00e9n\u00e9rale des Forces de s\u00e9curit\u00e9 int\u00e9rieure \u2013 Minist\u00e8re de l\u2019Int\u00e9rieur et des Municipalit\u00e9s. Cela inclut les prisons, les centres de d\u00e9tention provisoire, les postes de police, les \u00e9tablissements pour [&hellip;]","og_url":"https:\/\/nhrclb.org\/fr\/places-of-deprivation-of-liberty-in-lebanon","og_site_name":"\u0627\u0644\u0647\u064a\u0626\u0629 \u0627\u0644\u0648\u0637\u0646\u064a\u0629 \u0644\u062d\u0642\u0648\u0642 \u0627\u0644\u0625\u0646\u0633\u0627\u0646 - \u0644\u0628\u0646\u0627\u0646","article_publisher":"https:\/\/www.facebook.com\/NHRCLB","article_modified_time":"2026-04-05T15:30:45+00:00","og_image":[{"width":1200,"height":800,"url":"https:\/\/nhrclb.org\/wp-content\/uploads\/2024\/04\/Roumieh-prison-Arabic-\u0633\u062c\u0646-\u0631\u0648\u0645\u064a\u0629-is-the-largest-and-most-notorious-prison-in-Lebanon-2.jpg","type":"image\/jpeg"}],"twitter_card":"summary_large_image","twitter_site":"@nhrclb","twitter_misc":{"Dur\u00e9e de lecture estim\u00e9e":"6 minutes"},"schema":{"@context":"https:\/\/schema.org","@graph":[{"@type":"WebPage","@id":"https:\/\/nhrclb.org\/fr\/places-of-deprivation-of-liberty-in-lebanon","url":"https:\/\/nhrclb.org\/fr\/places-of-deprivation-of-liberty-in-lebanon","name":"Lieux de privation de libert\u00e9 au Liban | \u0627\u0644\u0647\u064a\u0626\u0629 \u0627\u0644\u0648\u0637\u0646\u064a\u0629 \u0644\u062d\u0642\u0648\u0642 \u0627\u0644\u0625\u0646\u0633\u0627\u0646 - \u0644\u0628\u0646\u0627\u0646","isPartOf":{"@id":"https:\/\/nhrclb.org\/fr#website"},"primaryImageOfPage":{"@id":"https:\/\/nhrclb.org\/fr\/places-of-deprivation-of-liberty-in-lebanon#primaryimage"},"image":{"@id":"https:\/\/nhrclb.org\/fr\/places-of-deprivation-of-liberty-in-lebanon#primaryimage"},"thumbnailUrl":"https:\/\/nhrclb.org\/wp-content\/uploads\/2024\/04\/Roumieh-prison-Arabic-\u0633\u062c\u0646-\u0631\u0648\u0645\u064a\u0629-is-the-largest-and-most-notorious-prison-in-Lebanon-2.jpg","datePublished":"2024-05-03T06:36:07+00:00","dateModified":"2026-04-05T15:30:45+00:00","breadcrumb":{"@id":"https:\/\/nhrclb.org\/fr\/places-of-deprivation-of-liberty-in-lebanon#breadcrumb"},"inLanguage":"fr-FR","potentialAction":[{"@type":"ReadAction","target":["https:\/\/nhrclb.org\/fr\/places-of-deprivation-of-liberty-in-lebanon"]}]},{"@type":"ImageObject","inLanguage":"fr-FR","@id":"https:\/\/nhrclb.org\/fr\/places-of-deprivation-of-liberty-in-lebanon#primaryimage","url":"https:\/\/nhrclb.org\/wp-content\/uploads\/2024\/04\/Roumieh-prison-Arabic-\u0633\u062c\u0646-\u0631\u0648\u0645\u064a\u0629-is-the-largest-and-most-notorious-prison-in-Lebanon-2.jpg","contentUrl":"https:\/\/nhrclb.org\/wp-content\/uploads\/2024\/04\/Roumieh-prison-Arabic-\u0633\u062c\u0646-\u0631\u0648\u0645\u064a\u0629-is-the-largest-and-most-notorious-prison-in-Lebanon-2.jpg","width":1200,"height":800,"caption":"\u062c\u0648\u0644\u0629 \u0641\u064a \u0633\u062c\u0646 \u0631\u0648\u0645\u064a\u0629 (\u0645\u062d\u0645\u062f \u0634\u0631\u0627\u0631\u0629)"},{"@type":"BreadcrumbList","@id":"https:\/\/nhrclb.org\/fr\/places-of-deprivation-of-liberty-in-lebanon#breadcrumb","itemListElement":[{"@type":"ListItem","position":1,"name":"\u0627\u0644\u0631\u0626\u064a\u0633\u064a\u0629","item":"https:\/\/nhrclb.org\/fr"},{"@type":"ListItem","position":2,"name":"Lieux de privation de libert\u00e9 au Liban"}]},{"@type":"WebSite","@id":"https:\/\/nhrclb.org\/fr#website","url":"https:\/\/nhrclb.org\/fr","name":"\u0627\u0644\u0647\u064a\u0626\u0629 \u0627\u0644\u0648\u0637\u0646\u064a\u0629 \u0644\u062d\u0642\u0648\u0642 \u0627\u0644\u0625\u0646\u0633\u0627\u0646 - \u0644\u0628\u0646\u0627\u0646","description":"\u0645\u0624\u0633\u0633\u0629 \u0648\u0637\u0646\u064a\u0629 \u0645\u0633\u062a\u0642\u0644\u0629 \u0644\u062d\u0645\u0627\u064a\u0629 \u0648\u062a\u0639\u0632\u064a\u0632 \u062d\u0642\u0648\u0642 \u0627\u0644\u0627\u0646\u0633\u0627\u0646 \u0648\u0627\u0644\u0648\u0642\u0627\u064a\u0629 \u0645\u0646 \u0627\u0644\u062a\u0639\u0630\u064a\u0628 \u0645\u0646\u0634\u0627\u0629 \u0628\u0645\u0648\u062c\u0628 \u0627\u0644\u0642\u0627\u0646\u0648\u0646 62\/ 2016","publisher":{"@id":"https:\/\/nhrclb.org\/fr#organization"},"alternateName":"\u0627\u0644\u0647\u064a\u0626\u0629 \u0627\u0644\u0648\u0637\u0646\u064a\u0629 \u0644\u062d\u0642\u0648\u0642 \u0627\u0644\u0627\u0646\u0633\u0627\u0646 \u0627\u0644\u0645\u062a\u0636\u0645\u0646\u0629 \u0644\u062c\u0646\u0629 \u0627\u0644\u0648\u0642\u0627\u064a\u0629 \u0645\u0646 \u0627\u0644\u062a\u0639\u0630\u064a\u0628 - \u0627\u0644\u062c\u0645\u0647\u0648\u0631\u064a\u0629 \u0627\u0644\u0644\u0628\u0646\u0627\u0646\u064a\u0629","potentialAction":[{"@type":"SearchAction","target":{"@type":"EntryPoint","urlTemplate":"https:\/\/nhrclb.org\/fr?s={search_term_string}"},"query-input":{"@type":"PropertyValueSpecification","valueRequired":true,"valueName":"search_term_string"}}],"inLanguage":"fr-FR"},{"@type":"Organization","@id":"https:\/\/nhrclb.org\/fr#organization","name":"\u0627\u0644\u0647\u064a\u0626\u0629 \u0627\u0644\u0648\u0637\u0646\u064a\u0629 \u0644\u062d\u0642\u0648\u0642 \u0627\u0644\u0625\u0646\u0633\u0627\u0646 \u0627\u0644\u0645\u062a\u0636\u0645\u0646\u0629 \u0644\u062c\u0646\u0629 \u0627\u0644\u0648\u0642\u0627\u064a\u0629 \u0645\u0646 \u0627\u0644\u062a\u0639\u0630\u064a\u0628 - \u0644\u0628\u0646\u0627\u0646","url":"https:\/\/nhrclb.org\/fr","logo":{"@type":"ImageObject","inLanguage":"fr-FR","@id":"https:\/\/nhrclb.org\/fr#\/schema\/logo\/image\/","url":"https:\/\/nhrclb.org\/wp-content\/uploads\/2024\/01\/NHRC-CPT-Logo.png","contentUrl":"https:\/\/nhrclb.org\/wp-content\/uploads\/2024\/01\/NHRC-CPT-Logo.png","width":1017,"height":761,"caption":"\u0627\u0644\u0647\u064a\u0626\u0629 \u0627\u0644\u0648\u0637\u0646\u064a\u0629 \u0644\u062d\u0642\u0648\u0642 \u0627\u0644\u0625\u0646\u0633\u0627\u0646 \u0627\u0644\u0645\u062a\u0636\u0645\u0646\u0629 \u0644\u062c\u0646\u0629 \u0627\u0644\u0648\u0642\u0627\u064a\u0629 \u0645\u0646 \u0627\u0644\u062a\u0639\u0630\u064a\u0628 - \u0644\u0628\u0646\u0627\u0646"},"image":{"@id":"https:\/\/nhrclb.org\/fr#\/schema\/logo\/image\/"},"sameAs":["https:\/\/www.facebook.com\/NHRCLB","https:\/\/x.com\/nhrclb","https:\/\/www.instagram.com\/nhrc_lb","https:\/\/www.youtube.com\/@lebanonsnhrccpt2364","https:\/\/www.flickr.com\/photos\/145354751@N08"]}]}},"_links":{"self":[{"href":"https:\/\/nhrclb.org\/fr\/wp-json\/wp\/v2\/pages\/6309","targetHints":{"allow":["GET"]}}],"collection":[{"href":"https:\/\/nhrclb.org\/fr\/wp-json\/wp\/v2\/pages"}],"about":[{"href":"https:\/\/nhrclb.org\/fr\/wp-json\/wp\/v2\/types\/page"}],"author":[{"embeddable":true,"href":"https:\/\/nhrclb.org\/fr\/wp-json\/wp\/v2\/users\/1"}],"replies":[{"embeddable":true,"href":"https:\/\/nhrclb.org\/fr\/wp-json\/wp\/v2\/comments?post=6309"}],"version-history":[{"count":2,"href":"https:\/\/nhrclb.org\/fr\/wp-json\/wp\/v2\/pages\/6309\/revisions"}],"predecessor-version":[{"id":6311,"href":"https:\/\/nhrclb.org\/fr\/wp-json\/wp\/v2\/pages\/6309\/revisions\/6311"}],"wp:featuredmedia":[{"embeddable":true,"href":"https:\/\/nhrclb.org\/fr\/wp-json\/wp\/v2\/media\/4579"}],"wp:attachment":[{"href":"https:\/\/nhrclb.org\/fr\/wp-json\/wp\/v2\/media?parent=6309"}],"curies":[{"name":"wp","href":"https:\/\/api.w.org\/{rel}","templated":true}]}}