{"id":6281,"date":"2024-02-10T18:07:32","date_gmt":"2024-02-10T16:07:32","guid":{"rendered":"https:\/\/nhrclb.org\/special-procedures"},"modified":"2026-04-05T17:28:02","modified_gmt":"2026-04-05T14:28:02","slug":"special-procedures","status":"publish","type":"page","link":"https:\/\/nhrclb.org\/fr\/special-procedures","title":{"rendered":"Proc\u00e9dures sp\u00e9ciales"},"content":{"rendered":"<p>Dans le cadre des proc\u00e9dures sp\u00e9ciales du Conseil des droits de l\u2019homme, des\u00a0<strong>experts ind\u00e9pendants des droits de l\u2019homme<\/strong>\u00a0ont pour mandat de rendre compte de la situation des droits de l\u2019homme et de fournir des conseils en la mati\u00e8re du point de vue d\u2019un th\u00e8me ou d\u2019un pays particulier. Ils ne sont pas r\u00e9mun\u00e9r\u00e9s et leur mandat esr de six ans maximum. En novembre 2025, on d\u00e9nombrait 46\u00a0<a href=\"https:\/\/spinternet.ohchr.org\/ViewAllCountryMandates.aspx?Type=TM&amp;lang=fr\" target=\"_blank\" rel=\"noopener\">mandats th\u00e9matiques<\/a>\u00a0et 13\u00a0<a href=\"https:\/\/spinternet.ohchr.org\/ViewAllCountryMandates.aspx?lang=fr\" target=\"_blank\" rel=\"noopener\">mandats par pays<\/a>.<\/p>\n<p>Avec l\u2019appui du Haut-Commissariat des Nations Unies aux droits de l\u2019homme (HCDH), les titulaires de mandat au titre des proc\u00e9dures sp\u00e9ciales\u00a0:<\/p>\n<ul>\n<li>m\u00e8nent des\u00a0<a href=\"https:\/\/www.ohchr.org\/fr\/special-procedures-human-rights-council\/country-and-other-visits\" target=\"_blank\" rel=\"noopener\">visites dans les pays<\/a>\u00a0;<\/li>\n<li>s\u2019occupent de cas individuels de violations signal\u00e9es et de pr\u00e9occupations de nature g\u00e9n\u00e9rale en envoyant des\u00a0<a href=\"https:\/\/www.ohchr.org\/fr\/special-procedures-human-rights-council\/what-are-communications\" target=\"_blank\" rel=\"noopener\">communications<\/a>\u00a0aux \u00c9tats et \u00e0 d\u2019autres entit\u00e9s\u00a0;<\/li>\n<li>m\u00e8nent des \u00e9tudes th\u00e9matiques annuelles, recherchent des informations au moyen d\u2019appels \u00e0 contributions et organisent des consultations d\u2019experts\u00a0;<\/li>\n<li>contribuent \u00e0 l\u2019\u00e9laboration des normes internationales relatives aux droits de l\u2019homme\u00a0;<\/li>\n<li>s\u2019impliquent dans des activit\u00e9s de plaidoyer\u00a0et de sensibilisation du public, et fournissent des conseils pour la coop\u00e9ration technique.<\/li>\n<\/ul>\n<p><a href=\"https:\/\/www.ohchr.org\/fr\/special-procedures-human-rights-council\/special-procedures-human-rights-council\" target=\"_blank\" rel=\"noopener\">En savoir plus sur les travaux des proc\u00e9dures sp\u00e9ciales<\/a><\/p>\n<p>&nbsp;<\/p>\n<h3>Comment les titulaires de mandat au titre des proc\u00e9dures sp\u00e9ciales peuvent-ils changer la donne ?<\/h3>\n<p>Les titulaires de mandat au titre des proc\u00e9dures sp\u00e9ciales aident \u00e0 faire progresser les droits de l\u2019homme \u00e0 petite et grande \u00e9chelle en contribuant aux domaines suivants\u00a0:<\/p>\n<p><a class=\"link-item--with-arrow-light-blue-underline link-arrow-span link-arrow-processed\" href=\"https:\/\/www.ohchr.org\/fr\/special-procedures-human-rights-council\/impact-work-special-procedures-legislative-reform\"><span class=\"link-item__text\">R\u00e9formes l\u00e9gislatives\u00a0<span class=\"link-item__arrow\" aria-hidden=\"true\">\u00a0\u00a0<\/span><\/span><\/a><\/p>\n<p><a class=\"link-item--with-arrow-light-blue-underline link-arrow-span link-arrow-processed\" href=\"https:\/\/www.ohchr.org\/fr\/special-procedures-human-rights-council\/impact-work-special-procedures-mechanisms-redress\"><span class=\"link-item__text\">Am\u00e9lioration de l\u2019acc\u00e8s aux m\u00e9canismes de r\u00e9paration\u00a0<span class=\"link-item__arrow\" aria-hidden=\"true\">\u00a0\u00a0<\/span><\/span><\/a><\/p>\n<p><a class=\"link-item--with-arrow-light-blue-underline link-arrow-span link-arrow-processed\" href=\"https:\/\/www.ohchr.org\/fr\/special-procedures-human-rights-council\/impact-work-special-procedures-policy-reform\"><span class=\"link-item__text\">R\u00e9formes politiques\u00a0<span class=\"link-item__arrow\" aria-hidden=\"true\">\u00a0\u00a0<\/span><\/span><\/a><\/p>\n<p><a class=\"link-item--with-arrow-light-blue-underline link-arrow-span link-arrow-processed\" href=\"https:\/\/www.ohchr.org\/fr\/special-procedures-human-rights-council\/impact-work-special-procedures-human-rights-mainstreaming\"><span class=\"link-item__text\">Int\u00e9gration des questions relatives aux droits de l\u2019homme\u00a0<span class=\"link-item__arrow\" aria-hidden=\"true\">\u00a0\u00a0<\/span><\/span><\/a><\/p>\n<p><a class=\"link-item--with-arrow-light-blue-underline link-arrow-span link-arrow-processed\" href=\"https:\/\/www.ohchr.org\/fr\/special-procedures-human-rights-council\/impact-work-special-procedures-contribution-governmental-andor-judicial-processes\"><span class=\"link-item__text\">Contribution aux processus gouvernementaux et judiciaires\u00a0<span class=\"link-item__arrow\" aria-hidden=\"true\">\u00a0\u00a0<\/span><\/span><\/a><\/p>\n<p><a class=\"link-item--with-arrow-light-blue-underline link-arrow-span link-arrow-processed\" href=\"https:\/\/www.ohchr.org\/fr\/special-procedures-human-rights-council\/impact-work-special-procedures-human-rights-standard-setting\"><span class=\"link-item__text\">\u00c9laboration des normes relatives aux droits de l\u2019homme\u00a0<span class=\"link-item__arrow\" aria-hidden=\"true\">\u00a0\u00a0<\/span><\/span><\/a><\/p>\n<p><a class=\"link-item--with-arrow-light-blue-underline link-arrow-span link-arrow-processed\" href=\"https:\/\/www.ohchr.org\/fr\/special-procedures-human-rights-council\/impact-work-special-procedures-raising-human-rights-awareness\"><span class=\"link-item__text\">Sensibilisation aux droits de l\u2019homme\u00a0<span class=\"link-item__arrow\" aria-hidden=\"true\">\u00a0\u00a0<\/span><\/span><\/a><\/p>\n<p><a class=\"link-item--with-arrow-light-blue-underline link-arrow-span link-arrow-processed\" href=\"https:\/\/www.ohchr.org\/fr\/special-procedures-human-rights-council\/impact-work-special-procedures-facilitating-dialogue-andor-coalition-building\"><span class=\"link-item__text\">Soutien au dialogue ou \u00e0 la formation de coalitions\u00a0<span class=\"link-item__arrow\" aria-hidden=\"true\">\u00a0\u00a0<\/span><\/span><\/a><\/p>\n<p><a class=\"link-item--with-arrow-light-blue-underline link-arrow-span link-arrow-processed\" href=\"https:\/\/www.ohchr.org\/fr\/special-procedures-human-rights-council\/impact-work-special-procedures-prevention-andor-cessation-human-rights-violations\"><span class=\"link-item__text\">Pr\u00e9vention ou cessation des violations\u00a0<span class=\"link-item__arrow\" aria-hidden=\"true\">\u00a0\u00a0<\/span><\/span><\/a><\/p>\n<h3>Comment contribuent-ils aux questions transversales ?<\/h3>\n<p>Certaines questions contemporaines concernent un large \u00e9ventail de droits de l\u2019homme. En cons\u00e9quence, de nombreux titulaires de mandat apportent une expertise et des recommandations sp\u00e9cifiques sur des sujets allant des changements climatiques aux nouvelles technologies, de la migration \u00e0 la COVID-19, etc.<\/p>\n<p>Le HCDH a compil\u00e9 tous les rapports des Rapporteurs sp\u00e9ciaux traitant de ces questions.<\/p>\n<p><a class=\"link-item--with-arrow-light-blue-underline link-arrow-span link-arrow-processed\" href=\"https:\/\/www.ohchr.org\/fr\/special-procedures-human-rights-council\/cross-cutting-thematic-issues\"><span class=\"link-item__text\">Acc\u00e9der aux listes de rapports portant sur des questions transversales\u00a0<span class=\"link-item__arrow\" aria-hidden=\"true\">\u00a0\u00a0<\/span><\/span><\/a><\/p>\n<h3>Adresser une plainte aux proc\u00e9dures sp\u00e9ciales<\/h3>\n<p>\u00cates-vous victime ou avez-vous connaissance d\u2019une violation des droits de l\u2019homme ? Pensez-vous qu\u2019il existe dans votre pays des politiques ou des lois qui ne respectent pas les droits de l\u2019homme ? Vous pouvez utiliser le processus de communication des proc\u00e9dures sp\u00e9ciales pour leur soumettre ces informations.<\/p>\n<p><a class=\"link-item--with-arrow-light-blue-underline link-arrow-span link-arrow-processed\" href=\"https:\/\/www.ohchr.org\/fr\/special-procedures-human-rights-council\/what-are-communications\"><span class=\"link-item__text\">En savoir plus sur la mani\u00e8re dont le processus de communication des proc\u00e9dures sp\u00e9ciales peut vous venir en aide\u00a0<span class=\"link-item__arrow\" aria-hidden=\"true\">\u00a0\u00a0<\/span><\/span><\/a><\/p>\n<h3>Coop\u00e9ration avec les proc\u00e9dures sp\u00e9ciales et actes d\u2019intimidation et de repr\u00e9sailles<\/h3>\n<p>Les titulaires de mandat au titre des proc\u00e9dures sp\u00e9ciales ne peuvent remplir leur mandat de mani\u00e8re efficace que lorsque des personnes et des groupes collaborent avec eux sans crainte d\u2019intimidation ou de repr\u00e9sailles. Or, une augmentation des cas d\u2019intimidation et de repr\u00e9sailles \u00e0 l\u2019encontre de ceux ayant coop\u00e9r\u00e9 avec eux a \u00e9t\u00e9 constat\u00e9e. Le Comit\u00e9 de coordination a \u00e9tabli un cadre d\u2019action pour lutter contre ces pratiques inacceptables.<\/p>\n<p><a class=\"link-item--with-arrow-light-blue-underline link-arrow-span link-arrow-processed\" href=\"https:\/\/www.ohchr.org\/fr\/special-procedures-human-rights-council\/acts-intimidation-and-reprisal-cooperation-special-procedures\"><span class=\"link-item__text\">En savoir plus sur les repr\u00e9sailles et le cadre d\u2019action des proc\u00e9dures sp\u00e9ciales\u00a0<span class=\"link-item__arrow\" aria-hidden=\"true\">\u00a0\u00a0<\/span><\/span><\/a><\/p>\n","protected":false},"excerpt":{"rendered":"<p>Dans le cadre des proc\u00e9dures sp\u00e9ciales du Conseil des droits de l\u2019homme, des\u00a0experts ind\u00e9pendants des droits de l\u2019homme\u00a0ont pour mandat de rendre compte de la situation des droits de l\u2019homme et de fournir des conseils en la mati\u00e8re du point de vue d\u2019un th\u00e8me ou d\u2019un pays particulier. Ils ne sont pas r\u00e9mun\u00e9r\u00e9s et leur [&hellip;]<\/p>\n","protected":false},"author":1,"featured_media":0,"parent":0,"menu_order":0,"comment_status":"closed","ping_status":"closed","template":"","meta":{"footnotes":""},"class_list":["post-6281","page","type-page","status-publish"],"yoast_head":"<!-- This site is optimized with the Yoast SEO plugin v27.3 - https:\/\/yoast.com\/product\/yoast-seo-wordpress\/ -->\n<title>Proc\u00e9dures sp\u00e9ciales | \u0627\u0644\u0647\u064a\u0626\u0629 \u0627\u0644\u0648\u0637\u0646\u064a\u0629 \u0644\u062d\u0642\u0648\u0642 \u0627\u0644\u0625\u0646\u0633\u0627\u0646 - \u0644\u0628\u0646\u0627\u0646<\/title>\n<meta name=\"robots\" content=\"index, follow, max-snippet:-1, max-image-preview:large, max-video-preview:-1\" \/>\n<link rel=\"canonical\" href=\"https:\/\/nhrclb.org\/fr\/special-procedures\" \/>\n<meta property=\"og:locale\" content=\"fr_FR\" \/>\n<meta property=\"og:type\" content=\"article\" \/>\n<meta property=\"og:title\" content=\"Proc\u00e9dures sp\u00e9ciales | \u0627\u0644\u0647\u064a\u0626\u0629 \u0627\u0644\u0648\u0637\u0646\u064a\u0629 \u0644\u062d\u0642\u0648\u0642 \u0627\u0644\u0625\u0646\u0633\u0627\u0646 - \u0644\u0628\u0646\u0627\u0646\" \/>\n<meta property=\"og:description\" content=\"Dans le cadre des proc\u00e9dures sp\u00e9ciales du Conseil des droits de l\u2019homme, des\u00a0experts ind\u00e9pendants des droits de l\u2019homme\u00a0ont pour mandat de rendre compte de la situation des droits de l\u2019homme et de fournir des conseils en la mati\u00e8re du point de vue d\u2019un th\u00e8me ou d\u2019un pays particulier. Ils ne sont pas r\u00e9mun\u00e9r\u00e9s et leur [&hellip;]\" \/>\n<meta property=\"og:url\" content=\"https:\/\/nhrclb.org\/fr\/special-procedures\" \/>\n<meta property=\"og:site_name\" content=\"\u0627\u0644\u0647\u064a\u0626\u0629 \u0627\u0644\u0648\u0637\u0646\u064a\u0629 \u0644\u062d\u0642\u0648\u0642 \u0627\u0644\u0625\u0646\u0633\u0627\u0646 - \u0644\u0628\u0646\u0627\u0646\" \/>\n<meta property=\"article:publisher\" content=\"https:\/\/www.facebook.com\/NHRCLB\" \/>\n<meta property=\"article:modified_time\" content=\"2026-04-05T14:28:02+00:00\" \/>\n<meta name=\"twitter:card\" content=\"summary_large_image\" \/>\n<meta name=\"twitter:site\" content=\"@nhrclb\" \/>\n<meta name=\"twitter:label1\" content=\"Dur\u00e9e de lecture estim\u00e9e\" \/>\n\t<meta name=\"twitter:data1\" content=\"4 minutes\" \/>\n<script type=\"application\/ld+json\" class=\"yoast-schema-graph\">{\"@context\":\"https:\\\/\\\/schema.org\",\"@graph\":[{\"@type\":\"WebPage\",\"@id\":\"https:\\\/\\\/nhrclb.org\\\/fr\\\/special-procedures\",\"url\":\"https:\\\/\\\/nhrclb.org\\\/fr\\\/special-procedures\",\"name\":\"Proc\u00e9dures sp\u00e9ciales | \u0627\u0644\u0647\u064a\u0626\u0629 \u0627\u0644\u0648\u0637\u0646\u064a\u0629 \u0644\u062d\u0642\u0648\u0642 \u0627\u0644\u0625\u0646\u0633\u0627\u0646 - \u0644\u0628\u0646\u0627\u0646\",\"isPartOf\":{\"@id\":\"https:\\\/\\\/nhrclb.org\\\/fr#website\"},\"datePublished\":\"2024-02-10T16:07:32+00:00\",\"dateModified\":\"2026-04-05T14:28:02+00:00\",\"breadcrumb\":{\"@id\":\"https:\\\/\\\/nhrclb.org\\\/fr\\\/special-procedures#breadcrumb\"},\"inLanguage\":\"fr-FR\",\"potentialAction\":[{\"@type\":\"ReadAction\",\"target\":[\"https:\\\/\\\/nhrclb.org\\\/fr\\\/special-procedures\"]}]},{\"@type\":\"BreadcrumbList\",\"@id\":\"https:\\\/\\\/nhrclb.org\\\/fr\\\/special-procedures#breadcrumb\",\"itemListElement\":[{\"@type\":\"ListItem\",\"position\":1,\"name\":\"\u0627\u0644\u0631\u0626\u064a\u0633\u064a\u0629\",\"item\":\"https:\\\/\\\/nhrclb.org\\\/fr\"},{\"@type\":\"ListItem\",\"position\":2,\"name\":\"Proc\u00e9dures sp\u00e9ciales\"}]},{\"@type\":\"WebSite\",\"@id\":\"https:\\\/\\\/nhrclb.org\\\/fr#website\",\"url\":\"https:\\\/\\\/nhrclb.org\\\/fr\",\"name\":\"\u0627\u0644\u0647\u064a\u0626\u0629 \u0627\u0644\u0648\u0637\u0646\u064a\u0629 \u0644\u062d\u0642\u0648\u0642 \u0627\u0644\u0625\u0646\u0633\u0627\u0646 - \u0644\u0628\u0646\u0627\u0646\",\"description\":\"\u0645\u0624\u0633\u0633\u0629 \u0648\u0637\u0646\u064a\u0629 \u0645\u0633\u062a\u0642\u0644\u0629 \u0644\u062d\u0645\u0627\u064a\u0629 \u0648\u062a\u0639\u0632\u064a\u0632 \u062d\u0642\u0648\u0642 \u0627\u0644\u0627\u0646\u0633\u0627\u0646 \u0648\u0627\u0644\u0648\u0642\u0627\u064a\u0629 \u0645\u0646 \u0627\u0644\u062a\u0639\u0630\u064a\u0628 \u0645\u0646\u0634\u0627\u0629 \u0628\u0645\u0648\u062c\u0628 \u0627\u0644\u0642\u0627\u0646\u0648\u0646 62\\\/ 2016\",\"publisher\":{\"@id\":\"https:\\\/\\\/nhrclb.org\\\/fr#organization\"},\"alternateName\":\"\u0627\u0644\u0647\u064a\u0626\u0629 \u0627\u0644\u0648\u0637\u0646\u064a\u0629 \u0644\u062d\u0642\u0648\u0642 \u0627\u0644\u0627\u0646\u0633\u0627\u0646 \u0627\u0644\u0645\u062a\u0636\u0645\u0646\u0629 \u0644\u062c\u0646\u0629 \u0627\u0644\u0648\u0642\u0627\u064a\u0629 \u0645\u0646 \u0627\u0644\u062a\u0639\u0630\u064a\u0628 - \u0627\u0644\u062c\u0645\u0647\u0648\u0631\u064a\u0629 \u0627\u0644\u0644\u0628\u0646\u0627\u0646\u064a\u0629\",\"potentialAction\":[{\"@type\":\"SearchAction\",\"target\":{\"@type\":\"EntryPoint\",\"urlTemplate\":\"https:\\\/\\\/nhrclb.org\\\/fr?s={search_term_string}\"},\"query-input\":{\"@type\":\"PropertyValueSpecification\",\"valueRequired\":true,\"valueName\":\"search_term_string\"}}],\"inLanguage\":\"fr-FR\"},{\"@type\":\"Organization\",\"@id\":\"https:\\\/\\\/nhrclb.org\\\/fr#organization\",\"name\":\"\u0627\u0644\u0647\u064a\u0626\u0629 \u0627\u0644\u0648\u0637\u0646\u064a\u0629 \u0644\u062d\u0642\u0648\u0642 \u0627\u0644\u0625\u0646\u0633\u0627\u0646 \u0627\u0644\u0645\u062a\u0636\u0645\u0646\u0629 \u0644\u062c\u0646\u0629 \u0627\u0644\u0648\u0642\u0627\u064a\u0629 \u0645\u0646 \u0627\u0644\u062a\u0639\u0630\u064a\u0628 - \u0644\u0628\u0646\u0627\u0646\",\"url\":\"https:\\\/\\\/nhrclb.org\\\/fr\",\"logo\":{\"@type\":\"ImageObject\",\"inLanguage\":\"fr-FR\",\"@id\":\"https:\\\/\\\/nhrclb.org\\\/fr#\\\/schema\\\/logo\\\/image\\\/\",\"url\":\"https:\\\/\\\/nhrclb.org\\\/wp-content\\\/uploads\\\/2024\\\/01\\\/NHRC-CPT-Logo.png\",\"contentUrl\":\"https:\\\/\\\/nhrclb.org\\\/wp-content\\\/uploads\\\/2024\\\/01\\\/NHRC-CPT-Logo.png\",\"width\":1017,\"height\":761,\"caption\":\"\u0627\u0644\u0647\u064a\u0626\u0629 \u0627\u0644\u0648\u0637\u0646\u064a\u0629 \u0644\u062d\u0642\u0648\u0642 \u0627\u0644\u0625\u0646\u0633\u0627\u0646 \u0627\u0644\u0645\u062a\u0636\u0645\u0646\u0629 \u0644\u062c\u0646\u0629 \u0627\u0644\u0648\u0642\u0627\u064a\u0629 \u0645\u0646 \u0627\u0644\u062a\u0639\u0630\u064a\u0628 - \u0644\u0628\u0646\u0627\u0646\"},\"image\":{\"@id\":\"https:\\\/\\\/nhrclb.org\\\/fr#\\\/schema\\\/logo\\\/image\\\/\"},\"sameAs\":[\"https:\\\/\\\/www.facebook.com\\\/NHRCLB\",\"https:\\\/\\\/x.com\\\/nhrclb\",\"https:\\\/\\\/www.instagram.com\\\/nhrc_lb\",\"https:\\\/\\\/www.youtube.com\\\/@lebanonsnhrccpt2364\",\"https:\\\/\\\/www.flickr.com\\\/photos\\\/145354751@N08\"]}]}<\/script>\n<!-- \/ Yoast SEO plugin. -->","yoast_head_json":{"title":"Proc\u00e9dures sp\u00e9ciales | \u0627\u0644\u0647\u064a\u0626\u0629 \u0627\u0644\u0648\u0637\u0646\u064a\u0629 \u0644\u062d\u0642\u0648\u0642 \u0627\u0644\u0625\u0646\u0633\u0627\u0646 - \u0644\u0628\u0646\u0627\u0646","robots":{"index":"index","follow":"follow","max-snippet":"max-snippet:-1","max-image-preview":"max-image-preview:large","max-video-preview":"max-video-preview:-1"},"canonical":"https:\/\/nhrclb.org\/fr\/special-procedures","og_locale":"fr_FR","og_type":"article","og_title":"Proc\u00e9dures sp\u00e9ciales | \u0627\u0644\u0647\u064a\u0626\u0629 \u0627\u0644\u0648\u0637\u0646\u064a\u0629 \u0644\u062d\u0642\u0648\u0642 \u0627\u0644\u0625\u0646\u0633\u0627\u0646 - \u0644\u0628\u0646\u0627\u0646","og_description":"Dans le cadre des proc\u00e9dures sp\u00e9ciales du Conseil des droits de l\u2019homme, des\u00a0experts ind\u00e9pendants des droits de l\u2019homme\u00a0ont pour mandat de rendre compte de la situation des droits de l\u2019homme et de fournir des conseils en la mati\u00e8re du point de vue d\u2019un th\u00e8me ou d\u2019un pays particulier. Ils ne sont pas r\u00e9mun\u00e9r\u00e9s et leur [&hellip;]","og_url":"https:\/\/nhrclb.org\/fr\/special-procedures","og_site_name":"\u0627\u0644\u0647\u064a\u0626\u0629 \u0627\u0644\u0648\u0637\u0646\u064a\u0629 \u0644\u062d\u0642\u0648\u0642 \u0627\u0644\u0625\u0646\u0633\u0627\u0646 - \u0644\u0628\u0646\u0627\u0646","article_publisher":"https:\/\/www.facebook.com\/NHRCLB","article_modified_time":"2026-04-05T14:28:02+00:00","twitter_card":"summary_large_image","twitter_site":"@nhrclb","twitter_misc":{"Dur\u00e9e de lecture estim\u00e9e":"4 minutes"},"schema":{"@context":"https:\/\/schema.org","@graph":[{"@type":"WebPage","@id":"https:\/\/nhrclb.org\/fr\/special-procedures","url":"https:\/\/nhrclb.org\/fr\/special-procedures","name":"Proc\u00e9dures sp\u00e9ciales | \u0627\u0644\u0647\u064a\u0626\u0629 \u0627\u0644\u0648\u0637\u0646\u064a\u0629 \u0644\u062d\u0642\u0648\u0642 \u0627\u0644\u0625\u0646\u0633\u0627\u0646 - \u0644\u0628\u0646\u0627\u0646","isPartOf":{"@id":"https:\/\/nhrclb.org\/fr#website"},"datePublished":"2024-02-10T16:07:32+00:00","dateModified":"2026-04-05T14:28:02+00:00","breadcrumb":{"@id":"https:\/\/nhrclb.org\/fr\/special-procedures#breadcrumb"},"inLanguage":"fr-FR","potentialAction":[{"@type":"ReadAction","target":["https:\/\/nhrclb.org\/fr\/special-procedures"]}]},{"@type":"BreadcrumbList","@id":"https:\/\/nhrclb.org\/fr\/special-procedures#breadcrumb","itemListElement":[{"@type":"ListItem","position":1,"name":"\u0627\u0644\u0631\u0626\u064a\u0633\u064a\u0629","item":"https:\/\/nhrclb.org\/fr"},{"@type":"ListItem","position":2,"name":"Proc\u00e9dures sp\u00e9ciales"}]},{"@type":"WebSite","@id":"https:\/\/nhrclb.org\/fr#website","url":"https:\/\/nhrclb.org\/fr","name":"\u0627\u0644\u0647\u064a\u0626\u0629 \u0627\u0644\u0648\u0637\u0646\u064a\u0629 \u0644\u062d\u0642\u0648\u0642 \u0627\u0644\u0625\u0646\u0633\u0627\u0646 - \u0644\u0628\u0646\u0627\u0646","description":"\u0645\u0624\u0633\u0633\u0629 \u0648\u0637\u0646\u064a\u0629 \u0645\u0633\u062a\u0642\u0644\u0629 \u0644\u062d\u0645\u0627\u064a\u0629 \u0648\u062a\u0639\u0632\u064a\u0632 \u062d\u0642\u0648\u0642 \u0627\u0644\u0627\u0646\u0633\u0627\u0646 \u0648\u0627\u0644\u0648\u0642\u0627\u064a\u0629 \u0645\u0646 \u0627\u0644\u062a\u0639\u0630\u064a\u0628 \u0645\u0646\u0634\u0627\u0629 \u0628\u0645\u0648\u062c\u0628 \u0627\u0644\u0642\u0627\u0646\u0648\u0646 62\/ 2016","publisher":{"@id":"https:\/\/nhrclb.org\/fr#organization"},"alternateName":"\u0627\u0644\u0647\u064a\u0626\u0629 \u0627\u0644\u0648\u0637\u0646\u064a\u0629 \u0644\u062d\u0642\u0648\u0642 \u0627\u0644\u0627\u0646\u0633\u0627\u0646 \u0627\u0644\u0645\u062a\u0636\u0645\u0646\u0629 \u0644\u062c\u0646\u0629 \u0627\u0644\u0648\u0642\u0627\u064a\u0629 \u0645\u0646 \u0627\u0644\u062a\u0639\u0630\u064a\u0628 - \u0627\u0644\u062c\u0645\u0647\u0648\u0631\u064a\u0629 \u0627\u0644\u0644\u0628\u0646\u0627\u0646\u064a\u0629","potentialAction":[{"@type":"SearchAction","target":{"@type":"EntryPoint","urlTemplate":"https:\/\/nhrclb.org\/fr?s={search_term_string}"},"query-input":{"@type":"PropertyValueSpecification","valueRequired":true,"valueName":"search_term_string"}}],"inLanguage":"fr-FR"},{"@type":"Organization","@id":"https:\/\/nhrclb.org\/fr#organization","name":"\u0627\u0644\u0647\u064a\u0626\u0629 \u0627\u0644\u0648\u0637\u0646\u064a\u0629 \u0644\u062d\u0642\u0648\u0642 \u0627\u0644\u0625\u0646\u0633\u0627\u0646 \u0627\u0644\u0645\u062a\u0636\u0645\u0646\u0629 \u0644\u062c\u0646\u0629 \u0627\u0644\u0648\u0642\u0627\u064a\u0629 \u0645\u0646 \u0627\u0644\u062a\u0639\u0630\u064a\u0628 - \u0644\u0628\u0646\u0627\u0646","url":"https:\/\/nhrclb.org\/fr","logo":{"@type":"ImageObject","inLanguage":"fr-FR","@id":"https:\/\/nhrclb.org\/fr#\/schema\/logo\/image\/","url":"https:\/\/nhrclb.org\/wp-content\/uploads\/2024\/01\/NHRC-CPT-Logo.png","contentUrl":"https:\/\/nhrclb.org\/wp-content\/uploads\/2024\/01\/NHRC-CPT-Logo.png","width":1017,"height":761,"caption":"\u0627\u0644\u0647\u064a\u0626\u0629 \u0627\u0644\u0648\u0637\u0646\u064a\u0629 \u0644\u062d\u0642\u0648\u0642 \u0627\u0644\u0625\u0646\u0633\u0627\u0646 \u0627\u0644\u0645\u062a\u0636\u0645\u0646\u0629 \u0644\u062c\u0646\u0629 \u0627\u0644\u0648\u0642\u0627\u064a\u0629 \u0645\u0646 \u0627\u0644\u062a\u0639\u0630\u064a\u0628 - \u0644\u0628\u0646\u0627\u0646"},"image":{"@id":"https:\/\/nhrclb.org\/fr#\/schema\/logo\/image\/"},"sameAs":["https:\/\/www.facebook.com\/NHRCLB","https:\/\/x.com\/nhrclb","https:\/\/www.instagram.com\/nhrc_lb","https:\/\/www.youtube.com\/@lebanonsnhrccpt2364","https:\/\/www.flickr.com\/photos\/145354751@N08"]}]}},"_links":{"self":[{"href":"https:\/\/nhrclb.org\/fr\/wp-json\/wp\/v2\/pages\/6281","targetHints":{"allow":["GET"]}}],"collection":[{"href":"https:\/\/nhrclb.org\/fr\/wp-json\/wp\/v2\/pages"}],"about":[{"href":"https:\/\/nhrclb.org\/fr\/wp-json\/wp\/v2\/types\/page"}],"author":[{"embeddable":true,"href":"https:\/\/nhrclb.org\/fr\/wp-json\/wp\/v2\/users\/1"}],"replies":[{"embeddable":true,"href":"https:\/\/nhrclb.org\/fr\/wp-json\/wp\/v2\/comments?post=6281"}],"version-history":[{"count":2,"href":"https:\/\/nhrclb.org\/fr\/wp-json\/wp\/v2\/pages\/6281\/revisions"}],"predecessor-version":[{"id":6285,"href":"https:\/\/nhrclb.org\/fr\/wp-json\/wp\/v2\/pages\/6281\/revisions\/6285"}],"wp:attachment":[{"href":"https:\/\/nhrclb.org\/fr\/wp-json\/wp\/v2\/media?parent=6281"}],"curies":[{"name":"wp","href":"https:\/\/api.w.org\/{rel}","templated":true}]}}