{"id":6255,"date":"2024-02-10T13:10:39","date_gmt":"2024-02-10T11:10:39","guid":{"rendered":"https:\/\/nhrclb.org\/economic-social-cultural-rights"},"modified":"2026-04-05T17:09:51","modified_gmt":"2026-04-05T14:09:51","slug":"economic-social-cultural-rights","status":"publish","type":"page","link":"https:\/\/nhrclb.org\/fr\/economic-social-cultural-rights","title":{"rendered":"Droits \u00e9conomiques, sociaux et culturels"},"content":{"rendered":"<p>Les droits \u00e9conomiques, sociaux et culturels incluent le droit \u00e0 une alimentation ad\u00e9quate, \u00e0 un logement convenable, \u00e0 l\u2019\u00e9ducation, \u00e0 la sant\u00e9, \u00e0 la s\u00e9curit\u00e9 sociale, \u00e0 la participation \u00e0 la vie culturelle, \u00e0 l\u2019eau et \u00e0 l\u2019assainissement, et au travail.<\/p>\n<h3>Principaux concepts li\u00e9s aux droits \u00e9conomiques, sociaux et culturels<\/h3>\n<p><strong>Liens entre les droits \u00e9conomiques, sociaux et culturels et les droits civils et politiques\u00a0<\/strong><\/p>\n<p>Tous les droits de l\u2019homme, qu\u2019il s\u2019agisse des droits \u00e9conomiques, sociaux et culturels ou des droits civils et politiques, sont interd\u00e9pendants. Par exemple, les personnes qui ne savent ni lire ni \u00e9crire ont souvent plus de difficult\u00e9s \u00e0 r\u00e9aliser leur plein potentiel que celles qui en sont capables, afin de trouver un travail ou de participer aux activit\u00e9s politiques. La malnutrition et la faim sont \u00e9galement moins pr\u00e9sentes lorsque les individus peuvent exercer efficacement leur droit de vote et influencer les politiques gouvernementales.<\/p>\n<p>La D\u00e9claration universelle des droits de l\u2019homme, ratifi\u00e9e en\u00a01948, ne distingue pas ces droits. Une distinction est ensuite apparue dans le contexte des tensions entre l\u2019Est et l\u2019Ouest durant la guerre froide. Cette situation a men\u00e9 \u00e0 la n\u00e9gociation et \u00e0 l\u2019adoption de deux pactes distincts, un relatif aux droits civils et politiques et un autre relatif aux droits \u00e9conomiques, sociaux et culturels.<\/p>\n<p>Ces derni\u00e8res d\u00e9cennies, depuis la D\u00e9claration de Vienne sur les droits de l\u2019homme en\u00a01993, nous avons \u00e9t\u00e9 t\u00e9moins d\u2019un retour \u00e0 la structure originale de la D\u00e9claration universelle des droits de l\u2019homme r\u00e9affirmant l\u2019indivisibilit\u00e9 de tous les droits de l\u2019homme. Dans le m\u00eame temps, l\u2019importance des droits \u00e9conomiques, sociaux et culturels a fait l\u2019objet d\u2019un regain d\u2019attention, notamment dans le contexte du Programme de d\u00e9veloppement durable \u00e0 l\u2019horizon\u00a02030, et pour combattre et pr\u00e9venir les crises li\u00e9es aux conflits dans le monde, dont la pand\u00e9mie de COVID-19.<\/p>\n<h3>Obligations des \u00c9tats<\/h3>\n<p>Les \u00c9tats ont le devoir de respecter, prot\u00e9ger et r\u00e9aliser les droits \u00e9conomiques, sociaux et culturels.<\/p>\n<p>Leurs obligations sp\u00e9cifiques peuvent \u00eatre r\u00e9sum\u00e9es de la mani\u00e8re suivante.<\/p>\n<ul>\n<li>La r\u00e9alisation progressive\u00a0: les \u00c9tats doivent garantir progressivement le plein exercice de ces droits sur une p\u00e9riode donn\u00e9e. Quelles que soient les ressources disponibles, les \u00c9tats ont l\u2019obligation imm\u00e9diate de prendre les mesures n\u00e9cessaires pour garantir une am\u00e9lioration continue et durable de l\u2019exercice de ces droits au fil du temps.<\/li>\n<li>Des obligations d\u2019une nature imm\u00e9diate\u00a0:\n<ul>\n<li>niveau essentiel minimum\u00a0: les \u00c9tats sont tenus, avec effet imm\u00e9diat, d\u2019assurer la jouissance des niveaux essentiels minimums de chaque droit\u00a0;<\/li>\n<li>interdiction des mesures r\u00e9gressives\u00a0: l\u2019obligation de mettre progressivement en \u0153uvre les droits \u00e9conomiques, sociaux et culturels suppose que l\u2019on interdise les mesures qui limiteraient la r\u00e9alisation actuelle de ces droits. Par exemple, les \u00c9tats doivent veiller \u00e0 ce que leurs politiques et mesures ne portent pas atteinte \u00e0 l\u2019acc\u00e8s aux soins de sant\u00e9 ou aux prestations de s\u00e9curit\u00e9 sociale\u00a0;<\/li>\n<li>interdiction de la discrimination\u00a0: les lois, politiques et pratiques ayant des effets discriminatoires, quelle que soit leur intention. Respecter le principe de non-discrimination n\u00e9cessite la mise en place de mesures sp\u00e9cifiques pour garantir en priorit\u00e9 la protection des droits des populations marginalis\u00e9es. M\u00eame lorsque les ressources sont limit\u00e9es, l\u2019\u00c9tat a le devoir d\u2019adopter des mesures pour prot\u00e9ger les personnes les plus vuln\u00e9rables. Il peut notamment s\u2019agir de mesures fiscales et de transferts sociaux visant \u00e0 att\u00e9nuer les in\u00e9galit\u00e9s qui peuvent survenir ou se creuser en temps de crise\u00a0;<\/li>\n<li>mesures favorisant la pleine r\u00e9alisation des droits \u00e9conomiques, sociaux et culturels pour tous.<\/li>\n<\/ul>\n<\/li>\n<li>L\u2019utilisation du maximum de ressources disponibles\u00a0: les \u00c9tats ont le devoir d\u2019utiliser le maximum de ressources disponibles pour garantir progressivement la r\u00e9alisation des droits \u00e9conomiques, sociaux et culturels. M\u00eame si un \u00c9tat ne dispose pas, de toute \u00e9vidence, des ressources n\u00e9cessaires, il doit n\u00e9anmoins introduire des programmes peu co\u00fbteux et cibl\u00e9s afin d\u2019aider celles et ceux qui en ont le plus besoin, en veillant \u00e0 ce que leurs ressources limit\u00e9es soient utilis\u00e9es de mani\u00e8re efficace et efficiente.<\/li>\n<\/ul>\n<h3>Exemples de violations<\/h3>\n<p>Un individu peut \u00eatre victime de diff\u00e9rentes formes de violation des droits \u00e9conomiques, sociaux et culturels. Des violations se produisent lorsqu\u2019un \u00c9tat manque \u00e0 ses obligations de respecter, prot\u00e9ger et r\u00e9aliser ces droits, par exemple\u00a0:<\/p>\n<ul>\n<li>des personnes expuls\u00e9es de force de leur logement (droit \u00e0 un logement convenable)\u00a0;<\/li>\n<li>la contamination de l\u2019eau potable par des installations de traitement des eaux (droit \u00e0 la sant\u00e9)\u00a0;<\/li>\n<li>l\u2019absence de garanties d\u2019un salaire minimum suffisant pour avoir une vie d\u00e9cente (droit au travail)\u00a0;<\/li>\n<li>l\u2019absence de mesures visant \u00e0 pr\u00e9venir la famine (droit d\u2019\u00eatre \u00e0 l\u2019abri de la faim)\u00a0;<\/li>\n<li>le d\u00e9ni d\u2019acc\u00e8s \u00e0 l\u2019information et aux services li\u00e9s \u00e0 la sant\u00e9 sexuelle et procr\u00e9ative (droit \u00e0 la sant\u00e9)\u00a0;<\/li>\n<li>le non-acc\u00e8s des enfants handicap\u00e9s aux \u00e9tablissements scolaires ordinaires (droit \u00e0 l\u2019\u00e9ducation).<\/li>\n<\/ul>\n<h3>Application de la loi<\/h3>\n<p>Les d\u00e9cisions de justice rendues dans le monde entier ainsi que les m\u00e9canismes r\u00e9gionaux et internationaux couvrant l\u2019ensemble des droits \u00e9conomiques, sociaux et culturels montrent que ces droits peuvent faire l\u2019objet de mesures d\u2019ex\u00e9cution judiciaire. Le pouvoir judiciaire joue un r\u00f4le fondamental nous permettant de mieux comprendre ces droits, d\u2019offrir des voies de recours en cas de violations, et de rendre des d\u00e9cisions dans des affaires appel\u00e9es \u00e0 faire jurisprudence, tous ces \u00e9l\u00e9ments \u00e9tant susceptibles de provoquer des changements institutionnels syst\u00e9matiques pour pr\u00e9venir de futures violations.<\/p>\n<p>Pour en savoir plus sur ces concepts fondamentaux et d\u2019autres \u00e9l\u00e9ments, nous vous invitons \u00e0 consulter la\u00a0<a href=\"https:\/\/www.ohchr.org\/sites\/default\/files\/Documents\/Issues\/ESCR\/FS%20FAQ%20on%20ESCR-fra.pdf\" target=\"_blank\" rel=\"noopener\">fiche d\u2019information<\/a>\u00a0sur les droits \u00e9conomiques, sociaux et culturels.<\/p>\n<h3>Notre travail concernant les droits \u00e9conomiques, sociaux et culturels<\/h3>\n<p>Nous nous effor\u00e7ons de renforcer la promotion et la protection des droits \u00e9conomiques, sociaux et culturels dans le cadre d\u2019une approche indivisible de tous les droits de l\u2019homme. Pour ce faire\u00a0:<\/p>\n<ul>\n<li>nous menons des recherches et des analyses pour d\u00e9finir des positions politiques et des activit\u00e9s de sensibilisation sur les droits \u00e9conomiques, sociaux et culturels\u00a0;<\/li>\n<li>nous fournissons des conseils strat\u00e9giques et techniques et un soutien au renforcement des capacit\u00e9s en mati\u00e8re de droits \u00e9conomiques, sociaux et culturels aux pr\u00e9sences du HCDH sur le terrain et aux parties prenantes au niveau national\u00a0;<\/li>\n<li>nous soutenons le travail des m\u00e9canismes des droits de l\u2019homme de l\u2019ONU sur les droits \u00e9conomiques, sociaux et culturels et encourageons la mise en place de processus intergouvernementaux li\u00e9s \u00e0 ces droits\u00a0;<\/li>\n<li>nous renfor\u00e7ons nos partenariats avec d\u2019autres organismes des Nations Unies, les villes et les autorit\u00e9s locales, les institutions nationales des droits de l\u2019homme et la soci\u00e9t\u00e9 civile pour promouvoir conjointement les droits \u00e9conomiques, sociaux et culturels.<\/li>\n<\/ul>\n<h3>Pour en savoir plus sur le travail que nous effectuons pour prot\u00e9ger et promouvoir les droits \u00e9conomiques, sociaux et culturels, nous vous invitons \u00e0 consulter les liens suivants.<\/h3>\n<ul>\n<li><a href=\"https:\/\/www.ohchr.org\/fr\/food\" target=\"_blank\" rel=\"noopener\"><strong>Droit \u00e0 l\u2019alimentation<\/strong><\/a><\/li>\n<li><a href=\"https:\/\/www.ohchr.org\/fr\/topics\" target=\"_blank\" rel=\"noopener\"><strong>Droit \u00e0 un logement convenable<\/strong><\/a><\/li>\n<li><a title=\"Bo\u00eete \u00e0 outils sur le droit \u00e0 la sant\u00e9\" href=\"https:\/\/www.ohchr.org\/fr\/health\" target=\"_blank\" rel=\"noopener\"><strong>Droit \u00e0 la sant\u00e9<\/strong><\/a><\/li>\n<li><a title=\"Bo\u00eete \u00e0 outils sur les droits \u00e0 l\u2019eau et \u00e0 l\u2019assainissement\" href=\"https:\/\/www.ohchr.org\/fr\/water-and-sanitation\" target=\"_blank\" rel=\"noopener\"><strong>Droits \u00e0 l\u2019eau potable et \u00e0 l\u2019assainissement<\/strong><\/a><\/li>\n<li><a title=\"Bo\u00eete \u00e0 outils sur le droit \u00e0 la s\u00e9curit\u00e9 sociale\" href=\"https:\/\/www.ohchr.org\/fr\/social-security\" target=\"_blank\" rel=\"noopener\"><strong>Droit \u00e0 la s\u00e9curit\u00e9 sociale<\/strong><\/a><\/li>\n<li><a title=\"Droit \u00e0 l\u2019\u00e9ducation et droits culturels\" href=\"https:\/\/www.ohchr.org\/fr\/topic\/education-and-cultural-rights\" target=\"_blank\" rel=\"noopener\" data-entity-type=\"node\" data-entity-uuid=\"fbca0be6-8894-47a9-997b-8ad287ca2ec1\" data-entity-substitution=\"canonical\"><strong>Droit \u00e0 l&rsquo;\u00e9ducation et droits culturels<\/strong><\/a><\/li>\n<\/ul>\n","protected":false},"excerpt":{"rendered":"<p>Les droits \u00e9conomiques, sociaux et culturels incluent le droit \u00e0 une alimentation ad\u00e9quate, \u00e0 un logement convenable, \u00e0 l\u2019\u00e9ducation, \u00e0 la sant\u00e9, \u00e0 la s\u00e9curit\u00e9 sociale, \u00e0 la participation \u00e0 la vie culturelle, \u00e0 l\u2019eau et \u00e0 l\u2019assainissement, et au travail. Principaux concepts li\u00e9s aux droits \u00e9conomiques, sociaux et culturels Liens entre les droits \u00e9conomiques, [&hellip;]<\/p>\n","protected":false},"author":1,"featured_media":6256,"parent":0,"menu_order":0,"comment_status":"closed","ping_status":"closed","template":"","meta":{"footnotes":""},"class_list":["post-6255","page","type-page","status-publish","has-post-thumbnail"],"yoast_head":"<!-- This site is optimized with the Yoast SEO plugin v27.3 - https:\/\/yoast.com\/product\/yoast-seo-wordpress\/ -->\n<title>Droits \u00e9conomiques, sociaux et culturels | \u0627\u0644\u0647\u064a\u0626\u0629 \u0627\u0644\u0648\u0637\u0646\u064a\u0629 \u0644\u062d\u0642\u0648\u0642 \u0627\u0644\u0625\u0646\u0633\u0627\u0646 - \u0644\u0628\u0646\u0627\u0646<\/title>\n<meta name=\"robots\" content=\"index, follow, max-snippet:-1, max-image-preview:large, max-video-preview:-1\" \/>\n<link rel=\"canonical\" href=\"https:\/\/nhrclb.org\/fr\/economic-social-cultural-rights\" \/>\n<meta property=\"og:locale\" content=\"fr_FR\" \/>\n<meta property=\"og:type\" content=\"article\" \/>\n<meta property=\"og:title\" content=\"Droits \u00e9conomiques, sociaux et culturels | \u0627\u0644\u0647\u064a\u0626\u0629 \u0627\u0644\u0648\u0637\u0646\u064a\u0629 \u0644\u062d\u0642\u0648\u0642 \u0627\u0644\u0625\u0646\u0633\u0627\u0646 - \u0644\u0628\u0646\u0627\u0646\" \/>\n<meta property=\"og:description\" content=\"Les droits \u00e9conomiques, sociaux et culturels incluent le droit \u00e0 une alimentation ad\u00e9quate, \u00e0 un logement convenable, \u00e0 l\u2019\u00e9ducation, \u00e0 la sant\u00e9, \u00e0 la s\u00e9curit\u00e9 sociale, \u00e0 la participation \u00e0 la vie culturelle, \u00e0 l\u2019eau et \u00e0 l\u2019assainissement, et au travail. Principaux concepts li\u00e9s aux droits \u00e9conomiques, sociaux et culturels Liens entre les droits \u00e9conomiques, [&hellip;]\" \/>\n<meta property=\"og:url\" content=\"https:\/\/nhrclb.org\/fr\/economic-social-cultural-rights\" \/>\n<meta property=\"og:site_name\" content=\"\u0627\u0644\u0647\u064a\u0626\u0629 \u0627\u0644\u0648\u0637\u0646\u064a\u0629 \u0644\u062d\u0642\u0648\u0642 \u0627\u0644\u0625\u0646\u0633\u0627\u0646 - \u0644\u0628\u0646\u0627\u0646\" \/>\n<meta property=\"article:publisher\" content=\"https:\/\/www.facebook.com\/NHRCLB\" \/>\n<meta property=\"article:modified_time\" content=\"2026-04-05T14:09:51+00:00\" \/>\n<meta property=\"og:image\" content=\"https:\/\/nhrclb.org\/wp-content\/uploads\/2024\/02\/2-39-copy.jpg\" \/>\n\t<meta property=\"og:image:width\" content=\"1200\" \/>\n\t<meta property=\"og:image:height\" content=\"718\" \/>\n\t<meta property=\"og:image:type\" content=\"image\/jpeg\" \/>\n<meta name=\"twitter:card\" content=\"summary_large_image\" \/>\n<meta name=\"twitter:site\" content=\"@nhrclb\" \/>\n<meta name=\"twitter:label1\" content=\"Dur\u00e9e de lecture estim\u00e9e\" \/>\n\t<meta name=\"twitter:data1\" content=\"9 minutes\" \/>\n<script type=\"application\/ld+json\" class=\"yoast-schema-graph\">{\"@context\":\"https:\\\/\\\/schema.org\",\"@graph\":[{\"@type\":\"WebPage\",\"@id\":\"https:\\\/\\\/nhrclb.org\\\/fr\\\/economic-social-cultural-rights\",\"url\":\"https:\\\/\\\/nhrclb.org\\\/fr\\\/economic-social-cultural-rights\",\"name\":\"Droits \u00e9conomiques, sociaux et culturels | \u0627\u0644\u0647\u064a\u0626\u0629 \u0627\u0644\u0648\u0637\u0646\u064a\u0629 \u0644\u062d\u0642\u0648\u0642 \u0627\u0644\u0625\u0646\u0633\u0627\u0646 - \u0644\u0628\u0646\u0627\u0646\",\"isPartOf\":{\"@id\":\"https:\\\/\\\/nhrclb.org\\\/fr#website\"},\"primaryImageOfPage\":{\"@id\":\"https:\\\/\\\/nhrclb.org\\\/fr\\\/economic-social-cultural-rights#primaryimage\"},\"image\":{\"@id\":\"https:\\\/\\\/nhrclb.org\\\/fr\\\/economic-social-cultural-rights#primaryimage\"},\"thumbnailUrl\":\"https:\\\/\\\/nhrclb.org\\\/wp-content\\\/uploads\\\/2024\\\/02\\\/2-39-copy.jpg\",\"datePublished\":\"2024-02-10T11:10:39+00:00\",\"dateModified\":\"2026-04-05T14:09:51+00:00\",\"breadcrumb\":{\"@id\":\"https:\\\/\\\/nhrclb.org\\\/fr\\\/economic-social-cultural-rights#breadcrumb\"},\"inLanguage\":\"fr-FR\",\"potentialAction\":[{\"@type\":\"ReadAction\",\"target\":[\"https:\\\/\\\/nhrclb.org\\\/fr\\\/economic-social-cultural-rights\"]}]},{\"@type\":\"ImageObject\",\"inLanguage\":\"fr-FR\",\"@id\":\"https:\\\/\\\/nhrclb.org\\\/fr\\\/economic-social-cultural-rights#primaryimage\",\"url\":\"https:\\\/\\\/nhrclb.org\\\/wp-content\\\/uploads\\\/2024\\\/02\\\/2-39-copy.jpg\",\"contentUrl\":\"https:\\\/\\\/nhrclb.org\\\/wp-content\\\/uploads\\\/2024\\\/02\\\/2-39-copy.jpg\",\"width\":1200,\"height\":718},{\"@type\":\"BreadcrumbList\",\"@id\":\"https:\\\/\\\/nhrclb.org\\\/fr\\\/economic-social-cultural-rights#breadcrumb\",\"itemListElement\":[{\"@type\":\"ListItem\",\"position\":1,\"name\":\"\u0627\u0644\u0631\u0626\u064a\u0633\u064a\u0629\",\"item\":\"https:\\\/\\\/nhrclb.org\\\/fr\"},{\"@type\":\"ListItem\",\"position\":2,\"name\":\"Droits \u00e9conomiques, sociaux et culturels\"}]},{\"@type\":\"WebSite\",\"@id\":\"https:\\\/\\\/nhrclb.org\\\/fr#website\",\"url\":\"https:\\\/\\\/nhrclb.org\\\/fr\",\"name\":\"\u0627\u0644\u0647\u064a\u0626\u0629 \u0627\u0644\u0648\u0637\u0646\u064a\u0629 \u0644\u062d\u0642\u0648\u0642 \u0627\u0644\u0625\u0646\u0633\u0627\u0646 - \u0644\u0628\u0646\u0627\u0646\",\"description\":\"\u0645\u0624\u0633\u0633\u0629 \u0648\u0637\u0646\u064a\u0629 \u0645\u0633\u062a\u0642\u0644\u0629 \u0644\u062d\u0645\u0627\u064a\u0629 \u0648\u062a\u0639\u0632\u064a\u0632 \u062d\u0642\u0648\u0642 \u0627\u0644\u0627\u0646\u0633\u0627\u0646 \u0648\u0627\u0644\u0648\u0642\u0627\u064a\u0629 \u0645\u0646 \u0627\u0644\u062a\u0639\u0630\u064a\u0628 \u0645\u0646\u0634\u0627\u0629 \u0628\u0645\u0648\u062c\u0628 \u0627\u0644\u0642\u0627\u0646\u0648\u0646 62\\\/ 2016\",\"publisher\":{\"@id\":\"https:\\\/\\\/nhrclb.org\\\/fr#organization\"},\"alternateName\":\"\u0627\u0644\u0647\u064a\u0626\u0629 \u0627\u0644\u0648\u0637\u0646\u064a\u0629 \u0644\u062d\u0642\u0648\u0642 \u0627\u0644\u0627\u0646\u0633\u0627\u0646 \u0627\u0644\u0645\u062a\u0636\u0645\u0646\u0629 \u0644\u062c\u0646\u0629 \u0627\u0644\u0648\u0642\u0627\u064a\u0629 \u0645\u0646 \u0627\u0644\u062a\u0639\u0630\u064a\u0628 - \u0627\u0644\u062c\u0645\u0647\u0648\u0631\u064a\u0629 \u0627\u0644\u0644\u0628\u0646\u0627\u0646\u064a\u0629\",\"potentialAction\":[{\"@type\":\"SearchAction\",\"target\":{\"@type\":\"EntryPoint\",\"urlTemplate\":\"https:\\\/\\\/nhrclb.org\\\/fr?s={search_term_string}\"},\"query-input\":{\"@type\":\"PropertyValueSpecification\",\"valueRequired\":true,\"valueName\":\"search_term_string\"}}],\"inLanguage\":\"fr-FR\"},{\"@type\":\"Organization\",\"@id\":\"https:\\\/\\\/nhrclb.org\\\/fr#organization\",\"name\":\"\u0627\u0644\u0647\u064a\u0626\u0629 \u0627\u0644\u0648\u0637\u0646\u064a\u0629 \u0644\u062d\u0642\u0648\u0642 \u0627\u0644\u0625\u0646\u0633\u0627\u0646 \u0627\u0644\u0645\u062a\u0636\u0645\u0646\u0629 \u0644\u062c\u0646\u0629 \u0627\u0644\u0648\u0642\u0627\u064a\u0629 \u0645\u0646 \u0627\u0644\u062a\u0639\u0630\u064a\u0628 - \u0644\u0628\u0646\u0627\u0646\",\"url\":\"https:\\\/\\\/nhrclb.org\\\/fr\",\"logo\":{\"@type\":\"ImageObject\",\"inLanguage\":\"fr-FR\",\"@id\":\"https:\\\/\\\/nhrclb.org\\\/fr#\\\/schema\\\/logo\\\/image\\\/\",\"url\":\"https:\\\/\\\/nhrclb.org\\\/wp-content\\\/uploads\\\/2024\\\/01\\\/NHRC-CPT-Logo.png\",\"contentUrl\":\"https:\\\/\\\/nhrclb.org\\\/wp-content\\\/uploads\\\/2024\\\/01\\\/NHRC-CPT-Logo.png\",\"width\":1017,\"height\":761,\"caption\":\"\u0627\u0644\u0647\u064a\u0626\u0629 \u0627\u0644\u0648\u0637\u0646\u064a\u0629 \u0644\u062d\u0642\u0648\u0642 \u0627\u0644\u0625\u0646\u0633\u0627\u0646 \u0627\u0644\u0645\u062a\u0636\u0645\u0646\u0629 \u0644\u062c\u0646\u0629 \u0627\u0644\u0648\u0642\u0627\u064a\u0629 \u0645\u0646 \u0627\u0644\u062a\u0639\u0630\u064a\u0628 - \u0644\u0628\u0646\u0627\u0646\"},\"image\":{\"@id\":\"https:\\\/\\\/nhrclb.org\\\/fr#\\\/schema\\\/logo\\\/image\\\/\"},\"sameAs\":[\"https:\\\/\\\/www.facebook.com\\\/NHRCLB\",\"https:\\\/\\\/x.com\\\/nhrclb\",\"https:\\\/\\\/www.instagram.com\\\/nhrc_lb\",\"https:\\\/\\\/www.youtube.com\\\/@lebanonsnhrccpt2364\",\"https:\\\/\\\/www.flickr.com\\\/photos\\\/145354751@N08\"]}]}<\/script>\n<!-- \/ Yoast SEO plugin. -->","yoast_head_json":{"title":"Droits \u00e9conomiques, sociaux et culturels | \u0627\u0644\u0647\u064a\u0626\u0629 \u0627\u0644\u0648\u0637\u0646\u064a\u0629 \u0644\u062d\u0642\u0648\u0642 \u0627\u0644\u0625\u0646\u0633\u0627\u0646 - \u0644\u0628\u0646\u0627\u0646","robots":{"index":"index","follow":"follow","max-snippet":"max-snippet:-1","max-image-preview":"max-image-preview:large","max-video-preview":"max-video-preview:-1"},"canonical":"https:\/\/nhrclb.org\/fr\/economic-social-cultural-rights","og_locale":"fr_FR","og_type":"article","og_title":"Droits \u00e9conomiques, sociaux et culturels | \u0627\u0644\u0647\u064a\u0626\u0629 \u0627\u0644\u0648\u0637\u0646\u064a\u0629 \u0644\u062d\u0642\u0648\u0642 \u0627\u0644\u0625\u0646\u0633\u0627\u0646 - \u0644\u0628\u0646\u0627\u0646","og_description":"Les droits \u00e9conomiques, sociaux et culturels incluent le droit \u00e0 une alimentation ad\u00e9quate, \u00e0 un logement convenable, \u00e0 l\u2019\u00e9ducation, \u00e0 la sant\u00e9, \u00e0 la s\u00e9curit\u00e9 sociale, \u00e0 la participation \u00e0 la vie culturelle, \u00e0 l\u2019eau et \u00e0 l\u2019assainissement, et au travail. Principaux concepts li\u00e9s aux droits \u00e9conomiques, sociaux et culturels Liens entre les droits \u00e9conomiques, [&hellip;]","og_url":"https:\/\/nhrclb.org\/fr\/economic-social-cultural-rights","og_site_name":"\u0627\u0644\u0647\u064a\u0626\u0629 \u0627\u0644\u0648\u0637\u0646\u064a\u0629 \u0644\u062d\u0642\u0648\u0642 \u0627\u0644\u0625\u0646\u0633\u0627\u0646 - \u0644\u0628\u0646\u0627\u0646","article_publisher":"https:\/\/www.facebook.com\/NHRCLB","article_modified_time":"2026-04-05T14:09:51+00:00","og_image":[{"width":1200,"height":718,"url":"https:\/\/nhrclb.org\/wp-content\/uploads\/2024\/02\/2-39-copy.jpg","type":"image\/jpeg"}],"twitter_card":"summary_large_image","twitter_site":"@nhrclb","twitter_misc":{"Dur\u00e9e de lecture estim\u00e9e":"9 minutes"},"schema":{"@context":"https:\/\/schema.org","@graph":[{"@type":"WebPage","@id":"https:\/\/nhrclb.org\/fr\/economic-social-cultural-rights","url":"https:\/\/nhrclb.org\/fr\/economic-social-cultural-rights","name":"Droits \u00e9conomiques, sociaux et culturels | \u0627\u0644\u0647\u064a\u0626\u0629 \u0627\u0644\u0648\u0637\u0646\u064a\u0629 \u0644\u062d\u0642\u0648\u0642 \u0627\u0644\u0625\u0646\u0633\u0627\u0646 - \u0644\u0628\u0646\u0627\u0646","isPartOf":{"@id":"https:\/\/nhrclb.org\/fr#website"},"primaryImageOfPage":{"@id":"https:\/\/nhrclb.org\/fr\/economic-social-cultural-rights#primaryimage"},"image":{"@id":"https:\/\/nhrclb.org\/fr\/economic-social-cultural-rights#primaryimage"},"thumbnailUrl":"https:\/\/nhrclb.org\/wp-content\/uploads\/2024\/02\/2-39-copy.jpg","datePublished":"2024-02-10T11:10:39+00:00","dateModified":"2026-04-05T14:09:51+00:00","breadcrumb":{"@id":"https:\/\/nhrclb.org\/fr\/economic-social-cultural-rights#breadcrumb"},"inLanguage":"fr-FR","potentialAction":[{"@type":"ReadAction","target":["https:\/\/nhrclb.org\/fr\/economic-social-cultural-rights"]}]},{"@type":"ImageObject","inLanguage":"fr-FR","@id":"https:\/\/nhrclb.org\/fr\/economic-social-cultural-rights#primaryimage","url":"https:\/\/nhrclb.org\/wp-content\/uploads\/2024\/02\/2-39-copy.jpg","contentUrl":"https:\/\/nhrclb.org\/wp-content\/uploads\/2024\/02\/2-39-copy.jpg","width":1200,"height":718},{"@type":"BreadcrumbList","@id":"https:\/\/nhrclb.org\/fr\/economic-social-cultural-rights#breadcrumb","itemListElement":[{"@type":"ListItem","position":1,"name":"\u0627\u0644\u0631\u0626\u064a\u0633\u064a\u0629","item":"https:\/\/nhrclb.org\/fr"},{"@type":"ListItem","position":2,"name":"Droits \u00e9conomiques, sociaux et culturels"}]},{"@type":"WebSite","@id":"https:\/\/nhrclb.org\/fr#website","url":"https:\/\/nhrclb.org\/fr","name":"\u0627\u0644\u0647\u064a\u0626\u0629 \u0627\u0644\u0648\u0637\u0646\u064a\u0629 \u0644\u062d\u0642\u0648\u0642 \u0627\u0644\u0625\u0646\u0633\u0627\u0646 - \u0644\u0628\u0646\u0627\u0646","description":"\u0645\u0624\u0633\u0633\u0629 \u0648\u0637\u0646\u064a\u0629 \u0645\u0633\u062a\u0642\u0644\u0629 \u0644\u062d\u0645\u0627\u064a\u0629 \u0648\u062a\u0639\u0632\u064a\u0632 \u062d\u0642\u0648\u0642 \u0627\u0644\u0627\u0646\u0633\u0627\u0646 \u0648\u0627\u0644\u0648\u0642\u0627\u064a\u0629 \u0645\u0646 \u0627\u0644\u062a\u0639\u0630\u064a\u0628 \u0645\u0646\u0634\u0627\u0629 \u0628\u0645\u0648\u062c\u0628 \u0627\u0644\u0642\u0627\u0646\u0648\u0646 62\/ 2016","publisher":{"@id":"https:\/\/nhrclb.org\/fr#organization"},"alternateName":"\u0627\u0644\u0647\u064a\u0626\u0629 \u0627\u0644\u0648\u0637\u0646\u064a\u0629 \u0644\u062d\u0642\u0648\u0642 \u0627\u0644\u0627\u0646\u0633\u0627\u0646 \u0627\u0644\u0645\u062a\u0636\u0645\u0646\u0629 \u0644\u062c\u0646\u0629 \u0627\u0644\u0648\u0642\u0627\u064a\u0629 \u0645\u0646 \u0627\u0644\u062a\u0639\u0630\u064a\u0628 - \u0627\u0644\u062c\u0645\u0647\u0648\u0631\u064a\u0629 \u0627\u0644\u0644\u0628\u0646\u0627\u0646\u064a\u0629","potentialAction":[{"@type":"SearchAction","target":{"@type":"EntryPoint","urlTemplate":"https:\/\/nhrclb.org\/fr?s={search_term_string}"},"query-input":{"@type":"PropertyValueSpecification","valueRequired":true,"valueName":"search_term_string"}}],"inLanguage":"fr-FR"},{"@type":"Organization","@id":"https:\/\/nhrclb.org\/fr#organization","name":"\u0627\u0644\u0647\u064a\u0626\u0629 \u0627\u0644\u0648\u0637\u0646\u064a\u0629 \u0644\u062d\u0642\u0648\u0642 \u0627\u0644\u0625\u0646\u0633\u0627\u0646 \u0627\u0644\u0645\u062a\u0636\u0645\u0646\u0629 \u0644\u062c\u0646\u0629 \u0627\u0644\u0648\u0642\u0627\u064a\u0629 \u0645\u0646 \u0627\u0644\u062a\u0639\u0630\u064a\u0628 - \u0644\u0628\u0646\u0627\u0646","url":"https:\/\/nhrclb.org\/fr","logo":{"@type":"ImageObject","inLanguage":"fr-FR","@id":"https:\/\/nhrclb.org\/fr#\/schema\/logo\/image\/","url":"https:\/\/nhrclb.org\/wp-content\/uploads\/2024\/01\/NHRC-CPT-Logo.png","contentUrl":"https:\/\/nhrclb.org\/wp-content\/uploads\/2024\/01\/NHRC-CPT-Logo.png","width":1017,"height":761,"caption":"\u0627\u0644\u0647\u064a\u0626\u0629 \u0627\u0644\u0648\u0637\u0646\u064a\u0629 \u0644\u062d\u0642\u0648\u0642 \u0627\u0644\u0625\u0646\u0633\u0627\u0646 \u0627\u0644\u0645\u062a\u0636\u0645\u0646\u0629 \u0644\u062c\u0646\u0629 \u0627\u0644\u0648\u0642\u0627\u064a\u0629 \u0645\u0646 \u0627\u0644\u062a\u0639\u0630\u064a\u0628 - \u0644\u0628\u0646\u0627\u0646"},"image":{"@id":"https:\/\/nhrclb.org\/fr#\/schema\/logo\/image\/"},"sameAs":["https:\/\/www.facebook.com\/NHRCLB","https:\/\/x.com\/nhrclb","https:\/\/www.instagram.com\/nhrc_lb","https:\/\/www.youtube.com\/@lebanonsnhrccpt2364","https:\/\/www.flickr.com\/photos\/145354751@N08"]}]}},"_links":{"self":[{"href":"https:\/\/nhrclb.org\/fr\/wp-json\/wp\/v2\/pages\/6255","targetHints":{"allow":["GET"]}}],"collection":[{"href":"https:\/\/nhrclb.org\/fr\/wp-json\/wp\/v2\/pages"}],"about":[{"href":"https:\/\/nhrclb.org\/fr\/wp-json\/wp\/v2\/types\/page"}],"author":[{"embeddable":true,"href":"https:\/\/nhrclb.org\/fr\/wp-json\/wp\/v2\/users\/1"}],"replies":[{"embeddable":true,"href":"https:\/\/nhrclb.org\/fr\/wp-json\/wp\/v2\/comments?post=6255"}],"version-history":[{"count":2,"href":"https:\/\/nhrclb.org\/fr\/wp-json\/wp\/v2\/pages\/6255\/revisions"}],"predecessor-version":[{"id":6260,"href":"https:\/\/nhrclb.org\/fr\/wp-json\/wp\/v2\/pages\/6255\/revisions\/6260"}],"wp:featuredmedia":[{"embeddable":true,"href":"https:\/\/nhrclb.org\/fr\/wp-json\/wp\/v2\/media\/6256"}],"wp:attachment":[{"href":"https:\/\/nhrclb.org\/fr\/wp-json\/wp\/v2\/media?parent=6255"}],"curies":[{"name":"wp","href":"https:\/\/api.w.org\/{rel}","templated":true}]}}