{"id":6241,"date":"2024-02-10T11:52:42","date_gmt":"2024-02-10T09:52:42","guid":{"rendered":"https:\/\/nhrclb.org\/%d9%8a%d9%88%d9%85-%d8%ad%d9%82%d9%88%d9%82-%d8%a7%d9%84%d8%a5%d9%86%d8%b3%d8%a7%d9%86"},"modified":"2026-04-05T16:56:28","modified_gmt":"2026-04-05T13:56:28","slug":"human-rights-day","status":"publish","type":"page","link":"https:\/\/nhrclb.org\/fr\/human-rights-day","title":{"rendered":"Journ\u00e9e des droits de l&rsquo;homme"},"content":{"rendered":"<p>La Journ\u00e9e des droits de l&rsquo;homme est c\u00e9l\u00e9br\u00e9e chaque ann\u00e9e le 10\u00a0d\u00e9cembre pour marquer l&rsquo;anniversaire de l&rsquo;un des engagements mondiaux les plus importants\u00a0: la\u00a0<a href=\"https:\/\/www.un.org\/fr\/about-us\/universal-declaration-of-human-rights\" target=\"_blank\" rel=\"noopener\">D\u00e9claration universelle des droits de l&rsquo;homme<\/a>, un document fondateur qui a proclam\u00e9 les droits inali\u00e9nables de chaque individu en tant qu\u2019\u00eatre humain, sans distinction aucune, notamment de race, de couleur, de sexe, de langue, de religion, d\u2019opinion politique ou de toute autre opinion, d\u2019origine nationale ou sociale, de fortune, de naissance ou de toute autre situation.<\/p>\n<p>La D\u00e9claration a \u00e9t\u00e9 proclam\u00e9e par l&rsquo;Assembl\u00e9e g\u00e9n\u00e9rale des Nations Unies \u00e0 Paris le 10\u00a0d\u00e9cembre 1948 et \u00e9nonce, pour la premi\u00e8re fois, les droits fondamentaux qui doivent \u00eatre universellement prot\u00e9g\u00e9s.<\/p>\n<p>En tant qu&rsquo;\u00ab\u00a0id\u00e9al commun \u00e0 atteindre par tous les peuples et toutes les nations\u00a0\u00bb, ce document repr\u00e9sente un sch\u00e9ma directeur mondial pour les lois et politiques internationales, nationales et locales, ainsi qu&rsquo;un des piliers du\u00a0<a href=\"https:\/\/www.un.org\/sustainabledevelopment\/fr\/development-agenda\/\" target=\"_blank\" rel=\"noopener\">Programme de d\u00e9veloppement durable \u00e0 l&rsquo;horizon 2030<\/a>.<\/p>\n<p>Disponible en 577\u00a0langues, de l&rsquo;abkhaze au zoulou, la D\u00e9claration universelle des droits de l&rsquo;homme est le document le plus traduit au monde.<\/p>\n<h3>Les droits humains sont POSITIFS<\/h3>\n<p>Ils ne font pas que prot\u00e9ger, ils apportent aussi de la joie, du bonheur et de la s\u00e9curit\u00e9 dans la vie de tous les jours. Les droits humains sont des r\u00e9alit\u00e9s v\u00e9cues. Ils se trouvent dans la nourriture que nous mangeons, l\u2019air que nous respirons, les mots que nous pronon\u00e7ons, les opportunit\u00e9s que nous poursuivons ou les protections qui nous gardent en s\u00e9curit\u00e9.<\/p>\n<h3>Les droits humains sont ESSENTIELS<\/h3>\n<p>Ce sont les essentiels que nous partageons tous, le terrain commun qui nous unit au-del\u00e0 de nos diff\u00e9rences de race, de genre, de croyance ou d\u2019origine. Dans un monde incertain, les droits humains demeurent nos constantes de tous les jours. Quand tout semble instable, le droit \u00e0 la s\u00e9curit\u00e9, \u00e0 la libert\u00e9 d\u2019expression et \u00e0 la participation aux d\u00e9cisions qui nous concernent fonde la stabilit\u00e9 de nos vies.<\/p>\n<h3>Les droits humains sont ACCESSIBLES<\/h3>\n<p>Ils commencent avec nous, dans les petits gestes du quotidien : traiter les autres avec respect, d\u00e9noncer l\u2019injustice, \u00e9couter les voix souvent ignor\u00e9es. Nos choix et nos paroles de chaque jour comptent plus qu\u2019on ne le pense : ils construisent une culture de dignit\u00e9 et d\u2019\u00e9quit\u00e9 autour de nous. Mais les droits humains d\u00e9pendent aussi de l\u2019action collective, lorsque les communaut\u00e9s, les mouvements et les nations s\u2019unissent pour r\u00e9clamer justice et \u00e9galit\u00e9.<\/p>\n","protected":false},"excerpt":{"rendered":"<p>La Journ\u00e9e des droits de l&rsquo;homme est c\u00e9l\u00e9br\u00e9e chaque ann\u00e9e le 10\u00a0d\u00e9cembre pour marquer l&rsquo;anniversaire de l&rsquo;un des engagements mondiaux les plus importants\u00a0: la\u00a0D\u00e9claration universelle des droits de l&rsquo;homme, un document fondateur qui a proclam\u00e9 les droits inali\u00e9nables de chaque individu en tant qu\u2019\u00eatre humain, sans distinction aucune, notamment de race, de couleur, de sexe, [&hellip;]<\/p>\n","protected":false},"author":1,"featured_media":6242,"parent":0,"menu_order":0,"comment_status":"closed","ping_status":"closed","template":"","meta":{"footnotes":""},"class_list":["post-6241","page","type-page","status-publish","has-post-thumbnail"],"yoast_head":"<!-- This site is optimized with the Yoast SEO plugin v27.3 - https:\/\/yoast.com\/product\/yoast-seo-wordpress\/ -->\n<title>Journ\u00e9e des droits de l&#039;homme | \u0627\u0644\u0647\u064a\u0626\u0629 \u0627\u0644\u0648\u0637\u0646\u064a\u0629 \u0644\u062d\u0642\u0648\u0642 \u0627\u0644\u0625\u0646\u0633\u0627\u0646 - \u0644\u0628\u0646\u0627\u0646<\/title>\n<meta name=\"robots\" content=\"index, follow, max-snippet:-1, max-image-preview:large, max-video-preview:-1\" \/>\n<link rel=\"canonical\" href=\"https:\/\/nhrclb.org\/fr\/human-rights-day\" \/>\n<meta property=\"og:locale\" content=\"fr_FR\" \/>\n<meta property=\"og:type\" content=\"article\" \/>\n<meta property=\"og:title\" content=\"Journ\u00e9e des droits de l&#039;homme | \u0627\u0644\u0647\u064a\u0626\u0629 \u0627\u0644\u0648\u0637\u0646\u064a\u0629 \u0644\u062d\u0642\u0648\u0642 \u0627\u0644\u0625\u0646\u0633\u0627\u0646 - \u0644\u0628\u0646\u0627\u0646\" \/>\n<meta property=\"og:description\" content=\"La Journ\u00e9e des droits de l&rsquo;homme est c\u00e9l\u00e9br\u00e9e chaque ann\u00e9e le 10\u00a0d\u00e9cembre pour marquer l&rsquo;anniversaire de l&rsquo;un des engagements mondiaux les plus importants\u00a0: la\u00a0D\u00e9claration universelle des droits de l&rsquo;homme, un document fondateur qui a proclam\u00e9 les droits inali\u00e9nables de chaque individu en tant qu\u2019\u00eatre humain, sans distinction aucune, notamment de race, de couleur, de sexe, [&hellip;]\" \/>\n<meta property=\"og:url\" content=\"https:\/\/nhrclb.org\/fr\/human-rights-day\" \/>\n<meta property=\"og:site_name\" content=\"\u0627\u0644\u0647\u064a\u0626\u0629 \u0627\u0644\u0648\u0637\u0646\u064a\u0629 \u0644\u062d\u0642\u0648\u0642 \u0627\u0644\u0625\u0646\u0633\u0627\u0646 - \u0644\u0628\u0646\u0627\u0646\" \/>\n<meta property=\"article:publisher\" content=\"https:\/\/www.facebook.com\/NHRCLB\" \/>\n<meta property=\"article:modified_time\" content=\"2026-04-05T13:56:28+00:00\" \/>\n<meta property=\"og:image\" content=\"https:\/\/nhrclb.org\/wp-content\/uploads\/2024\/02\/20121104151017.jpg\" \/>\n\t<meta property=\"og:image:width\" content=\"1200\" \/>\n\t<meta property=\"og:image:height\" content=\"863\" \/>\n\t<meta property=\"og:image:type\" content=\"image\/jpeg\" \/>\n<meta name=\"twitter:card\" content=\"summary_large_image\" \/>\n<meta name=\"twitter:site\" content=\"@nhrclb\" \/>\n<meta name=\"twitter:label1\" content=\"Dur\u00e9e de lecture estim\u00e9e\" \/>\n\t<meta name=\"twitter:data1\" content=\"4 minutes\" \/>\n<script type=\"application\/ld+json\" class=\"yoast-schema-graph\">{\"@context\":\"https:\\\/\\\/schema.org\",\"@graph\":[{\"@type\":\"WebPage\",\"@id\":\"https:\\\/\\\/nhrclb.org\\\/fr\\\/human-rights-day\",\"url\":\"https:\\\/\\\/nhrclb.org\\\/fr\\\/human-rights-day\",\"name\":\"Journ\u00e9e des droits de l'homme | \u0627\u0644\u0647\u064a\u0626\u0629 \u0627\u0644\u0648\u0637\u0646\u064a\u0629 \u0644\u062d\u0642\u0648\u0642 \u0627\u0644\u0625\u0646\u0633\u0627\u0646 - \u0644\u0628\u0646\u0627\u0646\",\"isPartOf\":{\"@id\":\"https:\\\/\\\/nhrclb.org\\\/fr#website\"},\"primaryImageOfPage\":{\"@id\":\"https:\\\/\\\/nhrclb.org\\\/fr\\\/human-rights-day#primaryimage\"},\"image\":{\"@id\":\"https:\\\/\\\/nhrclb.org\\\/fr\\\/human-rights-day#primaryimage\"},\"thumbnailUrl\":\"https:\\\/\\\/nhrclb.org\\\/wp-content\\\/uploads\\\/2024\\\/02\\\/20121104151017.jpg\",\"datePublished\":\"2024-02-10T09:52:42+00:00\",\"dateModified\":\"2026-04-05T13:56:28+00:00\",\"breadcrumb\":{\"@id\":\"https:\\\/\\\/nhrclb.org\\\/fr\\\/human-rights-day#breadcrumb\"},\"inLanguage\":\"fr-FR\",\"potentialAction\":[{\"@type\":\"ReadAction\",\"target\":[\"https:\\\/\\\/nhrclb.org\\\/fr\\\/human-rights-day\"]}]},{\"@type\":\"ImageObject\",\"inLanguage\":\"fr-FR\",\"@id\":\"https:\\\/\\\/nhrclb.org\\\/fr\\\/human-rights-day#primaryimage\",\"url\":\"https:\\\/\\\/nhrclb.org\\\/wp-content\\\/uploads\\\/2024\\\/02\\\/20121104151017.jpg\",\"contentUrl\":\"https:\\\/\\\/nhrclb.org\\\/wp-content\\\/uploads\\\/2024\\\/02\\\/20121104151017.jpg\",\"width\":1200,\"height\":863,\"caption\":\"\u00d9\u2026\u00d8\u00ad\u00d9\u201e\u00d9\u0160\u00d8\u00a7\u00d8\u00aa \u00d8\u00b0\u00d9\u0192\u00d8\u00b1\u00d9\u2030 \u00d8\u00a7\u00d8\u00a8\u00d9\u02c6 \u00d9\u0160\u00d8\u00ad\u00d9\u0160\u00d9\u2030 \u00d9\u0081\u00d9\u0160 \u00d8\u00a8\u00d8\u00b9\u00d9\u201e\u00d8\u00a8\u00d9\u0192 ( \u00d8\u00b9\u00d8\u00a8\u00d8\u00a7\u00d8\u00b3 \u00d8\u00b3\u00d9\u201e\u00d9\u2026\u00d8\u00a7\u00d9\u2020 )\"},{\"@type\":\"BreadcrumbList\",\"@id\":\"https:\\\/\\\/nhrclb.org\\\/fr\\\/human-rights-day#breadcrumb\",\"itemListElement\":[{\"@type\":\"ListItem\",\"position\":1,\"name\":\"\u0627\u0644\u0631\u0626\u064a\u0633\u064a\u0629\",\"item\":\"https:\\\/\\\/nhrclb.org\\\/fr\"},{\"@type\":\"ListItem\",\"position\":2,\"name\":\"Journ\u00e9e des droits de l&#8217;homme\"}]},{\"@type\":\"WebSite\",\"@id\":\"https:\\\/\\\/nhrclb.org\\\/fr#website\",\"url\":\"https:\\\/\\\/nhrclb.org\\\/fr\",\"name\":\"\u0627\u0644\u0647\u064a\u0626\u0629 \u0627\u0644\u0648\u0637\u0646\u064a\u0629 \u0644\u062d\u0642\u0648\u0642 \u0627\u0644\u0625\u0646\u0633\u0627\u0646 - \u0644\u0628\u0646\u0627\u0646\",\"description\":\"\u0645\u0624\u0633\u0633\u0629 \u0648\u0637\u0646\u064a\u0629 \u0645\u0633\u062a\u0642\u0644\u0629 \u0644\u062d\u0645\u0627\u064a\u0629 \u0648\u062a\u0639\u0632\u064a\u0632 \u062d\u0642\u0648\u0642 \u0627\u0644\u0627\u0646\u0633\u0627\u0646 \u0648\u0627\u0644\u0648\u0642\u0627\u064a\u0629 \u0645\u0646 \u0627\u0644\u062a\u0639\u0630\u064a\u0628 \u0645\u0646\u0634\u0627\u0629 \u0628\u0645\u0648\u062c\u0628 \u0627\u0644\u0642\u0627\u0646\u0648\u0646 62\\\/ 2016\",\"publisher\":{\"@id\":\"https:\\\/\\\/nhrclb.org\\\/fr#organization\"},\"alternateName\":\"\u0627\u0644\u0647\u064a\u0626\u0629 \u0627\u0644\u0648\u0637\u0646\u064a\u0629 \u0644\u062d\u0642\u0648\u0642 \u0627\u0644\u0627\u0646\u0633\u0627\u0646 \u0627\u0644\u0645\u062a\u0636\u0645\u0646\u0629 \u0644\u062c\u0646\u0629 \u0627\u0644\u0648\u0642\u0627\u064a\u0629 \u0645\u0646 \u0627\u0644\u062a\u0639\u0630\u064a\u0628 - \u0627\u0644\u062c\u0645\u0647\u0648\u0631\u064a\u0629 \u0627\u0644\u0644\u0628\u0646\u0627\u0646\u064a\u0629\",\"potentialAction\":[{\"@type\":\"SearchAction\",\"target\":{\"@type\":\"EntryPoint\",\"urlTemplate\":\"https:\\\/\\\/nhrclb.org\\\/fr?s={search_term_string}\"},\"query-input\":{\"@type\":\"PropertyValueSpecification\",\"valueRequired\":true,\"valueName\":\"search_term_string\"}}],\"inLanguage\":\"fr-FR\"},{\"@type\":\"Organization\",\"@id\":\"https:\\\/\\\/nhrclb.org\\\/fr#organization\",\"name\":\"\u0627\u0644\u0647\u064a\u0626\u0629 \u0627\u0644\u0648\u0637\u0646\u064a\u0629 \u0644\u062d\u0642\u0648\u0642 \u0627\u0644\u0625\u0646\u0633\u0627\u0646 \u0627\u0644\u0645\u062a\u0636\u0645\u0646\u0629 \u0644\u062c\u0646\u0629 \u0627\u0644\u0648\u0642\u0627\u064a\u0629 \u0645\u0646 \u0627\u0644\u062a\u0639\u0630\u064a\u0628 - \u0644\u0628\u0646\u0627\u0646\",\"url\":\"https:\\\/\\\/nhrclb.org\\\/fr\",\"logo\":{\"@type\":\"ImageObject\",\"inLanguage\":\"fr-FR\",\"@id\":\"https:\\\/\\\/nhrclb.org\\\/fr#\\\/schema\\\/logo\\\/image\\\/\",\"url\":\"https:\\\/\\\/nhrclb.org\\\/wp-content\\\/uploads\\\/2024\\\/01\\\/NHRC-CPT-Logo.png\",\"contentUrl\":\"https:\\\/\\\/nhrclb.org\\\/wp-content\\\/uploads\\\/2024\\\/01\\\/NHRC-CPT-Logo.png\",\"width\":1017,\"height\":761,\"caption\":\"\u0627\u0644\u0647\u064a\u0626\u0629 \u0627\u0644\u0648\u0637\u0646\u064a\u0629 \u0644\u062d\u0642\u0648\u0642 \u0627\u0644\u0625\u0646\u0633\u0627\u0646 \u0627\u0644\u0645\u062a\u0636\u0645\u0646\u0629 \u0644\u062c\u0646\u0629 \u0627\u0644\u0648\u0642\u0627\u064a\u0629 \u0645\u0646 \u0627\u0644\u062a\u0639\u0630\u064a\u0628 - \u0644\u0628\u0646\u0627\u0646\"},\"image\":{\"@id\":\"https:\\\/\\\/nhrclb.org\\\/fr#\\\/schema\\\/logo\\\/image\\\/\"},\"sameAs\":[\"https:\\\/\\\/www.facebook.com\\\/NHRCLB\",\"https:\\\/\\\/x.com\\\/nhrclb\",\"https:\\\/\\\/www.instagram.com\\\/nhrc_lb\",\"https:\\\/\\\/www.youtube.com\\\/@lebanonsnhrccpt2364\",\"https:\\\/\\\/www.flickr.com\\\/photos\\\/145354751@N08\"]}]}<\/script>\n<!-- \/ Yoast SEO plugin. -->","yoast_head_json":{"title":"Journ\u00e9e des droits de l'homme | \u0627\u0644\u0647\u064a\u0626\u0629 \u0627\u0644\u0648\u0637\u0646\u064a\u0629 \u0644\u062d\u0642\u0648\u0642 \u0627\u0644\u0625\u0646\u0633\u0627\u0646 - \u0644\u0628\u0646\u0627\u0646","robots":{"index":"index","follow":"follow","max-snippet":"max-snippet:-1","max-image-preview":"max-image-preview:large","max-video-preview":"max-video-preview:-1"},"canonical":"https:\/\/nhrclb.org\/fr\/human-rights-day","og_locale":"fr_FR","og_type":"article","og_title":"Journ\u00e9e des droits de l'homme | \u0627\u0644\u0647\u064a\u0626\u0629 \u0627\u0644\u0648\u0637\u0646\u064a\u0629 \u0644\u062d\u0642\u0648\u0642 \u0627\u0644\u0625\u0646\u0633\u0627\u0646 - \u0644\u0628\u0646\u0627\u0646","og_description":"La Journ\u00e9e des droits de l&rsquo;homme est c\u00e9l\u00e9br\u00e9e chaque ann\u00e9e le 10\u00a0d\u00e9cembre pour marquer l&rsquo;anniversaire de l&rsquo;un des engagements mondiaux les plus importants\u00a0: la\u00a0D\u00e9claration universelle des droits de l&rsquo;homme, un document fondateur qui a proclam\u00e9 les droits inali\u00e9nables de chaque individu en tant qu\u2019\u00eatre humain, sans distinction aucune, notamment de race, de couleur, de sexe, [&hellip;]","og_url":"https:\/\/nhrclb.org\/fr\/human-rights-day","og_site_name":"\u0627\u0644\u0647\u064a\u0626\u0629 \u0627\u0644\u0648\u0637\u0646\u064a\u0629 \u0644\u062d\u0642\u0648\u0642 \u0627\u0644\u0625\u0646\u0633\u0627\u0646 - \u0644\u0628\u0646\u0627\u0646","article_publisher":"https:\/\/www.facebook.com\/NHRCLB","article_modified_time":"2026-04-05T13:56:28+00:00","og_image":[{"width":1200,"height":863,"url":"https:\/\/nhrclb.org\/wp-content\/uploads\/2024\/02\/20121104151017.jpg","type":"image\/jpeg"}],"twitter_card":"summary_large_image","twitter_site":"@nhrclb","twitter_misc":{"Dur\u00e9e de lecture estim\u00e9e":"4 minutes"},"schema":{"@context":"https:\/\/schema.org","@graph":[{"@type":"WebPage","@id":"https:\/\/nhrclb.org\/fr\/human-rights-day","url":"https:\/\/nhrclb.org\/fr\/human-rights-day","name":"Journ\u00e9e des droits de l'homme | \u0627\u0644\u0647\u064a\u0626\u0629 \u0627\u0644\u0648\u0637\u0646\u064a\u0629 \u0644\u062d\u0642\u0648\u0642 \u0627\u0644\u0625\u0646\u0633\u0627\u0646 - \u0644\u0628\u0646\u0627\u0646","isPartOf":{"@id":"https:\/\/nhrclb.org\/fr#website"},"primaryImageOfPage":{"@id":"https:\/\/nhrclb.org\/fr\/human-rights-day#primaryimage"},"image":{"@id":"https:\/\/nhrclb.org\/fr\/human-rights-day#primaryimage"},"thumbnailUrl":"https:\/\/nhrclb.org\/wp-content\/uploads\/2024\/02\/20121104151017.jpg","datePublished":"2024-02-10T09:52:42+00:00","dateModified":"2026-04-05T13:56:28+00:00","breadcrumb":{"@id":"https:\/\/nhrclb.org\/fr\/human-rights-day#breadcrumb"},"inLanguage":"fr-FR","potentialAction":[{"@type":"ReadAction","target":["https:\/\/nhrclb.org\/fr\/human-rights-day"]}]},{"@type":"ImageObject","inLanguage":"fr-FR","@id":"https:\/\/nhrclb.org\/fr\/human-rights-day#primaryimage","url":"https:\/\/nhrclb.org\/wp-content\/uploads\/2024\/02\/20121104151017.jpg","contentUrl":"https:\/\/nhrclb.org\/wp-content\/uploads\/2024\/02\/20121104151017.jpg","width":1200,"height":863,"caption":"\u00d9\u2026\u00d8\u00ad\u00d9\u201e\u00d9\u0160\u00d8\u00a7\u00d8\u00aa \u00d8\u00b0\u00d9\u0192\u00d8\u00b1\u00d9\u2030 \u00d8\u00a7\u00d8\u00a8\u00d9\u02c6 \u00d9\u0160\u00d8\u00ad\u00d9\u0160\u00d9\u2030 \u00d9\u0081\u00d9\u0160 \u00d8\u00a8\u00d8\u00b9\u00d9\u201e\u00d8\u00a8\u00d9\u0192 ( \u00d8\u00b9\u00d8\u00a8\u00d8\u00a7\u00d8\u00b3 \u00d8\u00b3\u00d9\u201e\u00d9\u2026\u00d8\u00a7\u00d9\u2020 )"},{"@type":"BreadcrumbList","@id":"https:\/\/nhrclb.org\/fr\/human-rights-day#breadcrumb","itemListElement":[{"@type":"ListItem","position":1,"name":"\u0627\u0644\u0631\u0626\u064a\u0633\u064a\u0629","item":"https:\/\/nhrclb.org\/fr"},{"@type":"ListItem","position":2,"name":"Journ\u00e9e des droits de l&#8217;homme"}]},{"@type":"WebSite","@id":"https:\/\/nhrclb.org\/fr#website","url":"https:\/\/nhrclb.org\/fr","name":"\u0627\u0644\u0647\u064a\u0626\u0629 \u0627\u0644\u0648\u0637\u0646\u064a\u0629 \u0644\u062d\u0642\u0648\u0642 \u0627\u0644\u0625\u0646\u0633\u0627\u0646 - \u0644\u0628\u0646\u0627\u0646","description":"\u0645\u0624\u0633\u0633\u0629 \u0648\u0637\u0646\u064a\u0629 \u0645\u0633\u062a\u0642\u0644\u0629 \u0644\u062d\u0645\u0627\u064a\u0629 \u0648\u062a\u0639\u0632\u064a\u0632 \u062d\u0642\u0648\u0642 \u0627\u0644\u0627\u0646\u0633\u0627\u0646 \u0648\u0627\u0644\u0648\u0642\u0627\u064a\u0629 \u0645\u0646 \u0627\u0644\u062a\u0639\u0630\u064a\u0628 \u0645\u0646\u0634\u0627\u0629 \u0628\u0645\u0648\u062c\u0628 \u0627\u0644\u0642\u0627\u0646\u0648\u0646 62\/ 2016","publisher":{"@id":"https:\/\/nhrclb.org\/fr#organization"},"alternateName":"\u0627\u0644\u0647\u064a\u0626\u0629 \u0627\u0644\u0648\u0637\u0646\u064a\u0629 \u0644\u062d\u0642\u0648\u0642 \u0627\u0644\u0627\u0646\u0633\u0627\u0646 \u0627\u0644\u0645\u062a\u0636\u0645\u0646\u0629 \u0644\u062c\u0646\u0629 \u0627\u0644\u0648\u0642\u0627\u064a\u0629 \u0645\u0646 \u0627\u0644\u062a\u0639\u0630\u064a\u0628 - \u0627\u0644\u062c\u0645\u0647\u0648\u0631\u064a\u0629 \u0627\u0644\u0644\u0628\u0646\u0627\u0646\u064a\u0629","potentialAction":[{"@type":"SearchAction","target":{"@type":"EntryPoint","urlTemplate":"https:\/\/nhrclb.org\/fr?s={search_term_string}"},"query-input":{"@type":"PropertyValueSpecification","valueRequired":true,"valueName":"search_term_string"}}],"inLanguage":"fr-FR"},{"@type":"Organization","@id":"https:\/\/nhrclb.org\/fr#organization","name":"\u0627\u0644\u0647\u064a\u0626\u0629 \u0627\u0644\u0648\u0637\u0646\u064a\u0629 \u0644\u062d\u0642\u0648\u0642 \u0627\u0644\u0625\u0646\u0633\u0627\u0646 \u0627\u0644\u0645\u062a\u0636\u0645\u0646\u0629 \u0644\u062c\u0646\u0629 \u0627\u0644\u0648\u0642\u0627\u064a\u0629 \u0645\u0646 \u0627\u0644\u062a\u0639\u0630\u064a\u0628 - \u0644\u0628\u0646\u0627\u0646","url":"https:\/\/nhrclb.org\/fr","logo":{"@type":"ImageObject","inLanguage":"fr-FR","@id":"https:\/\/nhrclb.org\/fr#\/schema\/logo\/image\/","url":"https:\/\/nhrclb.org\/wp-content\/uploads\/2024\/01\/NHRC-CPT-Logo.png","contentUrl":"https:\/\/nhrclb.org\/wp-content\/uploads\/2024\/01\/NHRC-CPT-Logo.png","width":1017,"height":761,"caption":"\u0627\u0644\u0647\u064a\u0626\u0629 \u0627\u0644\u0648\u0637\u0646\u064a\u0629 \u0644\u062d\u0642\u0648\u0642 \u0627\u0644\u0625\u0646\u0633\u0627\u0646 \u0627\u0644\u0645\u062a\u0636\u0645\u0646\u0629 \u0644\u062c\u0646\u0629 \u0627\u0644\u0648\u0642\u0627\u064a\u0629 \u0645\u0646 \u0627\u0644\u062a\u0639\u0630\u064a\u0628 - \u0644\u0628\u0646\u0627\u0646"},"image":{"@id":"https:\/\/nhrclb.org\/fr#\/schema\/logo\/image\/"},"sameAs":["https:\/\/www.facebook.com\/NHRCLB","https:\/\/x.com\/nhrclb","https:\/\/www.instagram.com\/nhrc_lb","https:\/\/www.youtube.com\/@lebanonsnhrccpt2364","https:\/\/www.flickr.com\/photos\/145354751@N08"]}]}},"_links":{"self":[{"href":"https:\/\/nhrclb.org\/fr\/wp-json\/wp\/v2\/pages\/6241","targetHints":{"allow":["GET"]}}],"collection":[{"href":"https:\/\/nhrclb.org\/fr\/wp-json\/wp\/v2\/pages"}],"about":[{"href":"https:\/\/nhrclb.org\/fr\/wp-json\/wp\/v2\/types\/page"}],"author":[{"embeddable":true,"href":"https:\/\/nhrclb.org\/fr\/wp-json\/wp\/v2\/users\/1"}],"replies":[{"embeddable":true,"href":"https:\/\/nhrclb.org\/fr\/wp-json\/wp\/v2\/comments?post=6241"}],"version-history":[{"count":4,"href":"https:\/\/nhrclb.org\/fr\/wp-json\/wp\/v2\/pages\/6241\/revisions"}],"predecessor-version":[{"id":6252,"href":"https:\/\/nhrclb.org\/fr\/wp-json\/wp\/v2\/pages\/6241\/revisions\/6252"}],"wp:featuredmedia":[{"embeddable":true,"href":"https:\/\/nhrclb.org\/fr\/wp-json\/wp\/v2\/media\/6242"}],"wp:attachment":[{"href":"https:\/\/nhrclb.org\/fr\/wp-json\/wp\/v2\/media?parent=6241"}],"curies":[{"name":"wp","href":"https:\/\/api.w.org\/{rel}","templated":true}]}}