{"id":5957,"date":"2024-02-10T11:50:03","date_gmt":"2024-02-10T09:50:03","guid":{"rendered":"https:\/\/nhrclb.org\/universal-declaration-of-human-rights"},"modified":"2026-03-28T10:15:29","modified_gmt":"2026-03-28T08:15:29","slug":"universal-declaration-of-human-rights","status":"publish","type":"page","link":"https:\/\/nhrclb.org\/fr\/universal-declaration-of-human-rights","title":{"rendered":"La D\u00e9claration universelle des droits de l\u2019homme"},"content":{"rendered":"<p><img loading=\"lazy\" decoding=\"async\" class=\"size-full wp-image-529\" src=\"https:\/\/nhrclb.org\/wp-content\/uploads\/2024\/02\/ABS1413-1420638880.jpg\" alt=\"\" width=\"1200\" height=\"794\" srcset=\"https:\/\/nhrclb.org\/wp-content\/uploads\/2024\/02\/ABS1413-1420638880.jpg 1200w, https:\/\/nhrclb.org\/wp-content\/uploads\/2024\/02\/ABS1413-1420638880-300x199.jpg 300w, https:\/\/nhrclb.org\/wp-content\/uploads\/2024\/02\/ABS1413-1420638880-1024x678.jpg 1024w, https:\/\/nhrclb.org\/wp-content\/uploads\/2024\/02\/ABS1413-1420638880-768x508.jpg 768w, https:\/\/nhrclb.org\/wp-content\/uploads\/2024\/02\/ABS1413-1420638880-150x99.jpg 150w, https:\/\/nhrclb.org\/wp-content\/uploads\/2024\/02\/ABS1413-1420638880-696x461.jpg 696w, https:\/\/nhrclb.org\/wp-content\/uploads\/2024\/02\/ABS1413-1420638880-1068x707.jpg 1068w\" sizes=\"auto, (max-width: 1200px) 100vw, 1200px\" \/><\/p>\n<div class=\"hero-1-social-share\">\n<div class=\"social-share\">\n<div class=\"social-share__wrapper\">\n<div class=\"flex flex-col text-sm pb-25\">\n<section class=\"text-token-text-primary w-full focus:outline-none [--shadow-height:45px] has-data-writing-block:pointer-events-none has-data-writing-block:-mt-(--shadow-height) has-data-writing-block:pt-(--shadow-height) [&amp;:has([data-writing-block])&gt;*]:pointer-events-auto scroll-mt-[calc(var(--header-height)+min(200px,max(70px,20svh)))]\" dir=\"auto\" data-turn-id=\"request-WEB:4ed2f5ec-405c-41b0-9baf-5deb1288a927-4\" data-testid=\"conversation-turn-10\" data-scroll-anchor=\"true\" data-turn=\"assistant\">\n<div class=\"text-base my-auto mx-auto pb-10 [--thread-content-margin:var(--thread-content-margin-xs,calc(var(--spacing)*4))] @w-sm\/main:[--thread-content-margin:var(--thread-content-margin-sm,calc(var(--spacing)*6))] @w-lg\/main:[--thread-content-margin:var(--thread-content-margin-lg,calc(var(--spacing)*16))] px-(--thread-content-margin)\">\n<div class=\"[--thread-content-max-width:40rem] @w-lg\/main:[--thread-content-max-width:48rem] mx-auto max-w-(--thread-content-max-width) flex-1 group\/turn-messages focus-visible:outline-hidden relative flex w-full min-w-0 flex-col agent-turn\">\n<div class=\"flex max-w-full flex-col gap-4 grow\">\n<div class=\"min-h-8 text-message relative flex w-full flex-col items-end gap-2 text-start break-words whitespace-normal outline-none keyboard-focused:focus-ring [.text-message+&amp;]:mt-1\" dir=\"auto\" tabindex=\"0\" data-message-author-role=\"assistant\" data-message-id=\"12046de7-4573-43fa-aa61-6d3c9f713c4a\" data-message-model-slug=\"gpt-5-3\" data-turn-start-message=\"true\">\n<div class=\"flex w-full flex-col gap-1 empty:hidden\">\n<div class=\"markdown prose dark:prose-invert w-full wrap-break-word light markdown-new-styling\">\n<p data-start=\"52\" data-end=\"307\">\u00ab La force de la D\u00e9claration universelle des droits de l\u2019homme r\u00e9side dans des id\u00e9es capables de changer le monde. Elle nous inspire \u00e0 poursuivre nos efforts afin de garantir \u00e0 tous les peuples la jouissance de la libert\u00e9, de l\u2019\u00e9galit\u00e9 et de la dignit\u00e9. \u00bb<\/p>\n<p data-start=\"309\" data-end=\"689\">La D\u00e9claration universelle des droits de l\u2019homme est un document fondamental qui constitue une avanc\u00e9e majeure dans l\u2019histoire des droits humains. Elle a \u00e9t\u00e9 r\u00e9dig\u00e9e par des repr\u00e9sentants issus de contextes juridiques et culturels vari\u00e9s, venus de toutes les r\u00e9gions du monde, et a \u00e9nonc\u00e9 pour la premi\u00e8re fois les droits fondamentaux devant \u00eatre prot\u00e9g\u00e9s \u00e0 l\u2019\u00e9chelle universelle.<\/p>\n<p data-start=\"691\" data-end=\"721\"><strong data-start=\"691\" data-end=\"719\">D\u00e9couvrez la D\u00e9claration<\/strong><\/p>\n<p data-start=\"723\" data-end=\"974\">La force de la D\u00e9claration universelle des droits de l\u2019homme r\u00e9side dans des id\u00e9es capables de changer le monde. Elle nous inspire \u00e0 poursuivre nos efforts afin de garantir \u00e0 tous les peuples la jouissance de la libert\u00e9, de l\u2019\u00e9galit\u00e9 et de la dignit\u00e9.<\/p>\n<ul data-start=\"976\" data-end=\"1186\">\n<li data-section-id=\"12gavhl\" data-start=\"976\" data-end=\"994\">La D\u00e9claration<\/li>\n<li data-section-id=\"qfqe01\" data-start=\"995\" data-end=\"1051\">Mat\u00e9riels de la D\u00e9claration pour les r\u00e9seaux sociaux<\/li>\n<li data-section-id=\"sm7gxm\" data-start=\"1052\" data-end=\"1078\">\u00c9couter la D\u00e9claration<\/li>\n<li data-section-id=\"3tuosv\" data-start=\"1079\" data-end=\"1119\">Le document le plus traduit au monde<\/li>\n<li data-section-id=\"xvw3a9\" data-start=\"1120\" data-end=\"1162\">Rechercher les traductions disponibles<\/li>\n<li data-section-id=\"182uliu\" data-start=\"1163\" data-end=\"1186\">Archives originales<\/li>\n<\/ul>\n<p data-start=\"1188\" data-end=\"1361\">La D\u00e9claration universelle des droits de l\u2019homme a \u00e9t\u00e9 adopt\u00e9e par l\u2019Assembl\u00e9e g\u00e9n\u00e9rale des Nations Unies lors de sa 183e s\u00e9ance pl\u00e9ni\u00e8re, tenue \u00e0 Paris le 10 d\u00e9cembre 1948.<\/p>\n<ul data-start=\"1363\" data-end=\"1501\">\n<li data-section-id=\"1i3sbsr\" data-start=\"1363\" data-end=\"1390\">La r\u00e9solution originale<\/li>\n<li data-section-id=\"qnmqyw\" data-start=\"1391\" data-end=\"1477\">Le proc\u00e8s-verbal de la s\u00e9ance au cours de laquelle l\u2019adoption historique a eu lieu<\/li>\n<li data-section-id=\"1wjryg9\" data-start=\"1478\" data-end=\"1501\">Le relev\u00e9 des votes<\/li>\n<\/ul>\n<p data-start=\"1503\" data-end=\"1654\">Pour plus d\u2019informations sur l\u2019histoire de la D\u00e9claration universelle des droits de l\u2019homme, veuillez consulter le guide de recherche et de ressources.<\/p>\n<p data-start=\"1656\" data-end=\"1725\"><strong data-start=\"1656\" data-end=\"1723\">Exposition sur la D\u00e9claration universelle des droits de l\u2019homme<\/strong><\/p>\n<p data-start=\"1727\" data-end=\"1985\" data-is-last-node=\"\" data-is-only-node=\"\">Nous conservons une collection mondiale de documents relatifs \u00e0 la D\u00e9claration, expos\u00e9e en permanence au si\u00e8ge des Nations Unies \u00e0 Gen\u00e8ve, en Suisse. Si vous souhaitez soumettre des documents ou des traductions li\u00e9s \u00e0 la D\u00e9claration, veuillez nous contacter.<\/p>\n<\/div>\n<\/div>\n<\/div>\n<\/div>\n<div class=\"z-0 flex min-h-[46px] justify-start\"><\/div>\n<div class=\"mt-3 w-full empty:hidden\">\n<div class=\"text-center\"><\/div>\n<\/div>\n<\/div>\n<\/div>\n<\/section>\n<\/div>\n<div class=\"pointer-events-none h-px w-px absolute bottom-0\" aria-hidden=\"true\" data-edge=\"true\"><\/div>\n<\/div>\n<\/div>\n<\/div>\n","protected":false},"excerpt":{"rendered":"<p>\u00ab La force de la D\u00e9claration universelle des droits de l\u2019homme r\u00e9side dans des id\u00e9es capables de changer le monde. Elle nous inspire \u00e0 poursuivre nos efforts afin de garantir \u00e0 tous les peuples la jouissance de la libert\u00e9, de l\u2019\u00e9galit\u00e9 et de la dignit\u00e9. \u00bb La D\u00e9claration universelle des droits de l\u2019homme est un [&hellip;]<\/p>\n","protected":false},"author":1,"featured_media":5958,"parent":0,"menu_order":0,"comment_status":"closed","ping_status":"closed","template":"page-pagebuilder-overlay.php","meta":{"footnotes":""},"class_list":["post-5957","page","type-page","status-publish","has-post-thumbnail"],"yoast_head":"<!-- This site is optimized with the Yoast SEO plugin v27.4 - https:\/\/yoast.com\/product\/yoast-seo-wordpress\/ -->\n<title>La D\u00e9claration universelle des droits de l\u2019homme | \u0627\u0644\u0647\u064a\u0626\u0629 \u0627\u0644\u0648\u0637\u0646\u064a\u0629 \u0644\u062d\u0642\u0648\u0642 \u0627\u0644\u0625\u0646\u0633\u0627\u0646 - \u0644\u0628\u0646\u0627\u0646<\/title>\n<meta name=\"robots\" content=\"index, follow, max-snippet:-1, max-image-preview:large, max-video-preview:-1\" \/>\n<link rel=\"canonical\" href=\"https:\/\/nhrclb.org\/fr\/universal-declaration-of-human-rights\" \/>\n<meta property=\"og:locale\" content=\"fr_FR\" \/>\n<meta property=\"og:type\" content=\"article\" \/>\n<meta property=\"og:title\" content=\"La D\u00e9claration universelle des droits de l\u2019homme | \u0627\u0644\u0647\u064a\u0626\u0629 \u0627\u0644\u0648\u0637\u0646\u064a\u0629 \u0644\u062d\u0642\u0648\u0642 \u0627\u0644\u0625\u0646\u0633\u0627\u0646 - \u0644\u0628\u0646\u0627\u0646\" \/>\n<meta property=\"og:description\" content=\"\u00ab La force de la D\u00e9claration universelle des droits de l\u2019homme r\u00e9side dans des id\u00e9es capables de changer le monde. Elle nous inspire \u00e0 poursuivre nos efforts afin de garantir \u00e0 tous les peuples la jouissance de la libert\u00e9, de l\u2019\u00e9galit\u00e9 et de la dignit\u00e9. \u00bb La D\u00e9claration universelle des droits de l\u2019homme est un [&hellip;]\" \/>\n<meta property=\"og:url\" content=\"https:\/\/nhrclb.org\/fr\/universal-declaration-of-human-rights\" \/>\n<meta property=\"og:site_name\" content=\"\u0627\u0644\u0647\u064a\u0626\u0629 \u0627\u0644\u0648\u0637\u0646\u064a\u0629 \u0644\u062d\u0642\u0648\u0642 \u0627\u0644\u0625\u0646\u0633\u0627\u0646 - \u0644\u0628\u0646\u0627\u0646\" \/>\n<meta property=\"article:publisher\" content=\"https:\/\/www.facebook.com\/NHRCLB\" \/>\n<meta property=\"article:modified_time\" content=\"2026-03-28T08:15:29+00:00\" \/>\n<meta property=\"og:image\" content=\"https:\/\/nhrclb.org\/wp-content\/uploads\/2024\/02\/ABS1413-1420638880.jpg\" \/>\n\t<meta property=\"og:image:width\" content=\"1200\" \/>\n\t<meta property=\"og:image:height\" content=\"794\" \/>\n\t<meta property=\"og:image:type\" content=\"image\/jpeg\" \/>\n<meta name=\"twitter:card\" content=\"summary_large_image\" \/>\n<meta name=\"twitter:site\" content=\"@nhrclb\" \/>\n<meta name=\"twitter:label1\" content=\"Dur\u00e9e de lecture estim\u00e9e\" \/>\n\t<meta name=\"twitter:data1\" content=\"3 minutes\" \/>\n<script type=\"application\/ld+json\" class=\"yoast-schema-graph\">{\"@context\":\"https:\\\/\\\/schema.org\",\"@graph\":[{\"@type\":\"WebPage\",\"@id\":\"https:\\\/\\\/nhrclb.org\\\/fr\\\/universal-declaration-of-human-rights\",\"url\":\"https:\\\/\\\/nhrclb.org\\\/fr\\\/universal-declaration-of-human-rights\",\"name\":\"La D\u00e9claration universelle des droits de l\u2019homme | \u0627\u0644\u0647\u064a\u0626\u0629 \u0627\u0644\u0648\u0637\u0646\u064a\u0629 \u0644\u062d\u0642\u0648\u0642 \u0627\u0644\u0625\u0646\u0633\u0627\u0646 - \u0644\u0628\u0646\u0627\u0646\",\"isPartOf\":{\"@id\":\"https:\\\/\\\/nhrclb.org\\\/fr#website\"},\"primaryImageOfPage\":{\"@id\":\"https:\\\/\\\/nhrclb.org\\\/fr\\\/universal-declaration-of-human-rights#primaryimage\"},\"image\":{\"@id\":\"https:\\\/\\\/nhrclb.org\\\/fr\\\/universal-declaration-of-human-rights#primaryimage\"},\"thumbnailUrl\":\"https:\\\/\\\/nhrclb.org\\\/wp-content\\\/uploads\\\/2024\\\/02\\\/ABS1413-1420638880.jpg\",\"datePublished\":\"2024-02-10T09:50:03+00:00\",\"dateModified\":\"2026-03-28T08:15:29+00:00\",\"breadcrumb\":{\"@id\":\"https:\\\/\\\/nhrclb.org\\\/fr\\\/universal-declaration-of-human-rights#breadcrumb\"},\"inLanguage\":\"fr-FR\",\"potentialAction\":[{\"@type\":\"ReadAction\",\"target\":[\"https:\\\/\\\/nhrclb.org\\\/fr\\\/universal-declaration-of-human-rights\"]}]},{\"@type\":\"ImageObject\",\"inLanguage\":\"fr-FR\",\"@id\":\"https:\\\/\\\/nhrclb.org\\\/fr\\\/universal-declaration-of-human-rights#primaryimage\",\"url\":\"https:\\\/\\\/nhrclb.org\\\/wp-content\\\/uploads\\\/2024\\\/02\\\/ABS1413-1420638880.jpg\",\"contentUrl\":\"https:\\\/\\\/nhrclb.org\\\/wp-content\\\/uploads\\\/2024\\\/02\\\/ABS1413-1420638880.jpg\",\"width\":1200,\"height\":794,\"caption\":\"\u0645\u062d\u0644\u064a\u0627\u062a \u0628\u062d\u0645\u062f\u0648\u0646 ( \u0639\u0628\u0627\u0633 \u0633\u0644\u0645\u0627\u0646 )\"},{\"@type\":\"BreadcrumbList\",\"@id\":\"https:\\\/\\\/nhrclb.org\\\/fr\\\/universal-declaration-of-human-rights#breadcrumb\",\"itemListElement\":[{\"@type\":\"ListItem\",\"position\":1,\"name\":\"\u0627\u0644\u0631\u0626\u064a\u0633\u064a\u0629\",\"item\":\"https:\\\/\\\/nhrclb.org\\\/fr\"},{\"@type\":\"ListItem\",\"position\":2,\"name\":\"La D\u00e9claration universelle des droits de l\u2019homme\"}]},{\"@type\":\"WebSite\",\"@id\":\"https:\\\/\\\/nhrclb.org\\\/fr#website\",\"url\":\"https:\\\/\\\/nhrclb.org\\\/fr\",\"name\":\"\u0627\u0644\u0647\u064a\u0626\u0629 \u0627\u0644\u0648\u0637\u0646\u064a\u0629 \u0644\u062d\u0642\u0648\u0642 \u0627\u0644\u0625\u0646\u0633\u0627\u0646 - \u0644\u0628\u0646\u0627\u0646\",\"description\":\"\u0645\u0624\u0633\u0633\u0629 \u0648\u0637\u0646\u064a\u0629 \u0645\u0633\u062a\u0642\u0644\u0629 \u0644\u062d\u0645\u0627\u064a\u0629 \u0648\u062a\u0639\u0632\u064a\u0632 \u062d\u0642\u0648\u0642 \u0627\u0644\u0627\u0646\u0633\u0627\u0646 \u0648\u0627\u0644\u0648\u0642\u0627\u064a\u0629 \u0645\u0646 \u0627\u0644\u062a\u0639\u0630\u064a\u0628 \u0645\u0646\u0634\u0627\u0629 \u0628\u0645\u0648\u062c\u0628 \u0627\u0644\u0642\u0627\u0646\u0648\u0646 62\\\/ 2016\",\"publisher\":{\"@id\":\"https:\\\/\\\/nhrclb.org\\\/fr#organization\"},\"alternateName\":\"\u0627\u0644\u0647\u064a\u0626\u0629 \u0627\u0644\u0648\u0637\u0646\u064a\u0629 \u0644\u062d\u0642\u0648\u0642 \u0627\u0644\u0627\u0646\u0633\u0627\u0646 \u0627\u0644\u0645\u062a\u0636\u0645\u0646\u0629 \u0644\u062c\u0646\u0629 \u0627\u0644\u0648\u0642\u0627\u064a\u0629 \u0645\u0646 \u0627\u0644\u062a\u0639\u0630\u064a\u0628 - \u0627\u0644\u062c\u0645\u0647\u0648\u0631\u064a\u0629 \u0627\u0644\u0644\u0628\u0646\u0627\u0646\u064a\u0629\",\"potentialAction\":[{\"@type\":\"SearchAction\",\"target\":{\"@type\":\"EntryPoint\",\"urlTemplate\":\"https:\\\/\\\/nhrclb.org\\\/fr?s={search_term_string}\"},\"query-input\":{\"@type\":\"PropertyValueSpecification\",\"valueRequired\":true,\"valueName\":\"search_term_string\"}}],\"inLanguage\":\"fr-FR\"},{\"@type\":\"Organization\",\"@id\":\"https:\\\/\\\/nhrclb.org\\\/fr#organization\",\"name\":\"\u0627\u0644\u0647\u064a\u0626\u0629 \u0627\u0644\u0648\u0637\u0646\u064a\u0629 \u0644\u062d\u0642\u0648\u0642 \u0627\u0644\u0625\u0646\u0633\u0627\u0646 \u0627\u0644\u0645\u062a\u0636\u0645\u0646\u0629 \u0644\u062c\u0646\u0629 \u0627\u0644\u0648\u0642\u0627\u064a\u0629 \u0645\u0646 \u0627\u0644\u062a\u0639\u0630\u064a\u0628 - \u0644\u0628\u0646\u0627\u0646\",\"url\":\"https:\\\/\\\/nhrclb.org\\\/fr\",\"logo\":{\"@type\":\"ImageObject\",\"inLanguage\":\"fr-FR\",\"@id\":\"https:\\\/\\\/nhrclb.org\\\/fr#\\\/schema\\\/logo\\\/image\\\/\",\"url\":\"https:\\\/\\\/nhrclb.org\\\/wp-content\\\/uploads\\\/2024\\\/01\\\/NHRC-CPT-Logo.png\",\"contentUrl\":\"https:\\\/\\\/nhrclb.org\\\/wp-content\\\/uploads\\\/2024\\\/01\\\/NHRC-CPT-Logo.png\",\"width\":1017,\"height\":761,\"caption\":\"\u0627\u0644\u0647\u064a\u0626\u0629 \u0627\u0644\u0648\u0637\u0646\u064a\u0629 \u0644\u062d\u0642\u0648\u0642 \u0627\u0644\u0625\u0646\u0633\u0627\u0646 \u0627\u0644\u0645\u062a\u0636\u0645\u0646\u0629 \u0644\u062c\u0646\u0629 \u0627\u0644\u0648\u0642\u0627\u064a\u0629 \u0645\u0646 \u0627\u0644\u062a\u0639\u0630\u064a\u0628 - \u0644\u0628\u0646\u0627\u0646\"},\"image\":{\"@id\":\"https:\\\/\\\/nhrclb.org\\\/fr#\\\/schema\\\/logo\\\/image\\\/\"},\"sameAs\":[\"https:\\\/\\\/www.facebook.com\\\/NHRCLB\",\"https:\\\/\\\/x.com\\\/nhrclb\",\"https:\\\/\\\/www.instagram.com\\\/nhrc_lb\",\"https:\\\/\\\/www.youtube.com\\\/@lebanonsnhrccpt2364\",\"https:\\\/\\\/www.flickr.com\\\/photos\\\/145354751@N08\"]}]}<\/script>\n<!-- \/ Yoast SEO plugin. -->","yoast_head_json":{"title":"La D\u00e9claration universelle des droits de l\u2019homme | \u0627\u0644\u0647\u064a\u0626\u0629 \u0627\u0644\u0648\u0637\u0646\u064a\u0629 \u0644\u062d\u0642\u0648\u0642 \u0627\u0644\u0625\u0646\u0633\u0627\u0646 - \u0644\u0628\u0646\u0627\u0646","robots":{"index":"index","follow":"follow","max-snippet":"max-snippet:-1","max-image-preview":"max-image-preview:large","max-video-preview":"max-video-preview:-1"},"canonical":"https:\/\/nhrclb.org\/fr\/universal-declaration-of-human-rights","og_locale":"fr_FR","og_type":"article","og_title":"La D\u00e9claration universelle des droits de l\u2019homme | \u0627\u0644\u0647\u064a\u0626\u0629 \u0627\u0644\u0648\u0637\u0646\u064a\u0629 \u0644\u062d\u0642\u0648\u0642 \u0627\u0644\u0625\u0646\u0633\u0627\u0646 - \u0644\u0628\u0646\u0627\u0646","og_description":"\u00ab La force de la D\u00e9claration universelle des droits de l\u2019homme r\u00e9side dans des id\u00e9es capables de changer le monde. Elle nous inspire \u00e0 poursuivre nos efforts afin de garantir \u00e0 tous les peuples la jouissance de la libert\u00e9, de l\u2019\u00e9galit\u00e9 et de la dignit\u00e9. \u00bb La D\u00e9claration universelle des droits de l\u2019homme est un [&hellip;]","og_url":"https:\/\/nhrclb.org\/fr\/universal-declaration-of-human-rights","og_site_name":"\u0627\u0644\u0647\u064a\u0626\u0629 \u0627\u0644\u0648\u0637\u0646\u064a\u0629 \u0644\u062d\u0642\u0648\u0642 \u0627\u0644\u0625\u0646\u0633\u0627\u0646 - \u0644\u0628\u0646\u0627\u0646","article_publisher":"https:\/\/www.facebook.com\/NHRCLB","article_modified_time":"2026-03-28T08:15:29+00:00","og_image":[{"width":1200,"height":794,"url":"https:\/\/nhrclb.org\/wp-content\/uploads\/2024\/02\/ABS1413-1420638880.jpg","type":"image\/jpeg"}],"twitter_card":"summary_large_image","twitter_site":"@nhrclb","twitter_misc":{"Dur\u00e9e de lecture estim\u00e9e":"3 minutes"},"schema":{"@context":"https:\/\/schema.org","@graph":[{"@type":"WebPage","@id":"https:\/\/nhrclb.org\/fr\/universal-declaration-of-human-rights","url":"https:\/\/nhrclb.org\/fr\/universal-declaration-of-human-rights","name":"La D\u00e9claration universelle des droits de l\u2019homme | \u0627\u0644\u0647\u064a\u0626\u0629 \u0627\u0644\u0648\u0637\u0646\u064a\u0629 \u0644\u062d\u0642\u0648\u0642 \u0627\u0644\u0625\u0646\u0633\u0627\u0646 - \u0644\u0628\u0646\u0627\u0646","isPartOf":{"@id":"https:\/\/nhrclb.org\/fr#website"},"primaryImageOfPage":{"@id":"https:\/\/nhrclb.org\/fr\/universal-declaration-of-human-rights#primaryimage"},"image":{"@id":"https:\/\/nhrclb.org\/fr\/universal-declaration-of-human-rights#primaryimage"},"thumbnailUrl":"https:\/\/nhrclb.org\/wp-content\/uploads\/2024\/02\/ABS1413-1420638880.jpg","datePublished":"2024-02-10T09:50:03+00:00","dateModified":"2026-03-28T08:15:29+00:00","breadcrumb":{"@id":"https:\/\/nhrclb.org\/fr\/universal-declaration-of-human-rights#breadcrumb"},"inLanguage":"fr-FR","potentialAction":[{"@type":"ReadAction","target":["https:\/\/nhrclb.org\/fr\/universal-declaration-of-human-rights"]}]},{"@type":"ImageObject","inLanguage":"fr-FR","@id":"https:\/\/nhrclb.org\/fr\/universal-declaration-of-human-rights#primaryimage","url":"https:\/\/nhrclb.org\/wp-content\/uploads\/2024\/02\/ABS1413-1420638880.jpg","contentUrl":"https:\/\/nhrclb.org\/wp-content\/uploads\/2024\/02\/ABS1413-1420638880.jpg","width":1200,"height":794,"caption":"\u0645\u062d\u0644\u064a\u0627\u062a \u0628\u062d\u0645\u062f\u0648\u0646 ( \u0639\u0628\u0627\u0633 \u0633\u0644\u0645\u0627\u0646 )"},{"@type":"BreadcrumbList","@id":"https:\/\/nhrclb.org\/fr\/universal-declaration-of-human-rights#breadcrumb","itemListElement":[{"@type":"ListItem","position":1,"name":"\u0627\u0644\u0631\u0626\u064a\u0633\u064a\u0629","item":"https:\/\/nhrclb.org\/fr"},{"@type":"ListItem","position":2,"name":"La D\u00e9claration universelle des droits de l\u2019homme"}]},{"@type":"WebSite","@id":"https:\/\/nhrclb.org\/fr#website","url":"https:\/\/nhrclb.org\/fr","name":"\u0627\u0644\u0647\u064a\u0626\u0629 \u0627\u0644\u0648\u0637\u0646\u064a\u0629 \u0644\u062d\u0642\u0648\u0642 \u0627\u0644\u0625\u0646\u0633\u0627\u0646 - \u0644\u0628\u0646\u0627\u0646","description":"\u0645\u0624\u0633\u0633\u0629 \u0648\u0637\u0646\u064a\u0629 \u0645\u0633\u062a\u0642\u0644\u0629 \u0644\u062d\u0645\u0627\u064a\u0629 \u0648\u062a\u0639\u0632\u064a\u0632 \u062d\u0642\u0648\u0642 \u0627\u0644\u0627\u0646\u0633\u0627\u0646 \u0648\u0627\u0644\u0648\u0642\u0627\u064a\u0629 \u0645\u0646 \u0627\u0644\u062a\u0639\u0630\u064a\u0628 \u0645\u0646\u0634\u0627\u0629 \u0628\u0645\u0648\u062c\u0628 \u0627\u0644\u0642\u0627\u0646\u0648\u0646 62\/ 2016","publisher":{"@id":"https:\/\/nhrclb.org\/fr#organization"},"alternateName":"\u0627\u0644\u0647\u064a\u0626\u0629 \u0627\u0644\u0648\u0637\u0646\u064a\u0629 \u0644\u062d\u0642\u0648\u0642 \u0627\u0644\u0627\u0646\u0633\u0627\u0646 \u0627\u0644\u0645\u062a\u0636\u0645\u0646\u0629 \u0644\u062c\u0646\u0629 \u0627\u0644\u0648\u0642\u0627\u064a\u0629 \u0645\u0646 \u0627\u0644\u062a\u0639\u0630\u064a\u0628 - \u0627\u0644\u062c\u0645\u0647\u0648\u0631\u064a\u0629 \u0627\u0644\u0644\u0628\u0646\u0627\u0646\u064a\u0629","potentialAction":[{"@type":"SearchAction","target":{"@type":"EntryPoint","urlTemplate":"https:\/\/nhrclb.org\/fr?s={search_term_string}"},"query-input":{"@type":"PropertyValueSpecification","valueRequired":true,"valueName":"search_term_string"}}],"inLanguage":"fr-FR"},{"@type":"Organization","@id":"https:\/\/nhrclb.org\/fr#organization","name":"\u0627\u0644\u0647\u064a\u0626\u0629 \u0627\u0644\u0648\u0637\u0646\u064a\u0629 \u0644\u062d\u0642\u0648\u0642 \u0627\u0644\u0625\u0646\u0633\u0627\u0646 \u0627\u0644\u0645\u062a\u0636\u0645\u0646\u0629 \u0644\u062c\u0646\u0629 \u0627\u0644\u0648\u0642\u0627\u064a\u0629 \u0645\u0646 \u0627\u0644\u062a\u0639\u0630\u064a\u0628 - \u0644\u0628\u0646\u0627\u0646","url":"https:\/\/nhrclb.org\/fr","logo":{"@type":"ImageObject","inLanguage":"fr-FR","@id":"https:\/\/nhrclb.org\/fr#\/schema\/logo\/image\/","url":"https:\/\/nhrclb.org\/wp-content\/uploads\/2024\/01\/NHRC-CPT-Logo.png","contentUrl":"https:\/\/nhrclb.org\/wp-content\/uploads\/2024\/01\/NHRC-CPT-Logo.png","width":1017,"height":761,"caption":"\u0627\u0644\u0647\u064a\u0626\u0629 \u0627\u0644\u0648\u0637\u0646\u064a\u0629 \u0644\u062d\u0642\u0648\u0642 \u0627\u0644\u0625\u0646\u0633\u0627\u0646 \u0627\u0644\u0645\u062a\u0636\u0645\u0646\u0629 \u0644\u062c\u0646\u0629 \u0627\u0644\u0648\u0642\u0627\u064a\u0629 \u0645\u0646 \u0627\u0644\u062a\u0639\u0630\u064a\u0628 - \u0644\u0628\u0646\u0627\u0646"},"image":{"@id":"https:\/\/nhrclb.org\/fr#\/schema\/logo\/image\/"},"sameAs":["https:\/\/www.facebook.com\/NHRCLB","https:\/\/x.com\/nhrclb","https:\/\/www.instagram.com\/nhrc_lb","https:\/\/www.youtube.com\/@lebanonsnhrccpt2364","https:\/\/www.flickr.com\/photos\/145354751@N08"]}]}},"_links":{"self":[{"href":"https:\/\/nhrclb.org\/fr\/wp-json\/wp\/v2\/pages\/5957","targetHints":{"allow":["GET"]}}],"collection":[{"href":"https:\/\/nhrclb.org\/fr\/wp-json\/wp\/v2\/pages"}],"about":[{"href":"https:\/\/nhrclb.org\/fr\/wp-json\/wp\/v2\/types\/page"}],"author":[{"embeddable":true,"href":"https:\/\/nhrclb.org\/fr\/wp-json\/wp\/v2\/users\/1"}],"replies":[{"embeddable":true,"href":"https:\/\/nhrclb.org\/fr\/wp-json\/wp\/v2\/comments?post=5957"}],"version-history":[{"count":3,"href":"https:\/\/nhrclb.org\/fr\/wp-json\/wp\/v2\/pages\/5957\/revisions"}],"predecessor-version":[{"id":5964,"href":"https:\/\/nhrclb.org\/fr\/wp-json\/wp\/v2\/pages\/5957\/revisions\/5964"}],"wp:featuredmedia":[{"embeddable":true,"href":"https:\/\/nhrclb.org\/fr\/wp-json\/wp\/v2\/media\/5958"}],"wp:attachment":[{"href":"https:\/\/nhrclb.org\/fr\/wp-json\/wp\/v2\/media?parent=5957"}],"curies":[{"name":"wp","href":"https:\/\/api.w.org\/{rel}","templated":true}]}}