{"id":5942,"date":"2024-02-10T11:45:41","date_gmt":"2024-02-10T09:45:41","guid":{"rendered":"https:\/\/nhrclb.org\/what-are-human-rights"},"modified":"2026-03-28T09:50:44","modified_gmt":"2026-03-28T07:50:44","slug":"what-are-human-rights","status":"publish","type":"page","link":"https:\/\/nhrclb.org\/fr\/what-are-human-rights","title":{"rendered":"Qu\u2019est-ce que les droits de l\u2019homme ?"},"content":{"rendered":"<h1><img loading=\"lazy\" decoding=\"async\" class=\"alignnone size-full wp-image-525\" src=\"https:\/\/nhrclb.org\/wp-content\/uploads\/2024\/02\/ABS4725.jpg\" alt=\"\" width=\"1200\" height=\"847\" srcset=\"https:\/\/nhrclb.org\/wp-content\/uploads\/2024\/02\/ABS4725.jpg 1200w, https:\/\/nhrclb.org\/wp-content\/uploads\/2024\/02\/ABS4725-300x212.jpg 300w, https:\/\/nhrclb.org\/wp-content\/uploads\/2024\/02\/ABS4725-1024x723.jpg 1024w, https:\/\/nhrclb.org\/wp-content\/uploads\/2024\/02\/ABS4725-768x542.jpg 768w, https:\/\/nhrclb.org\/wp-content\/uploads\/2024\/02\/ABS4725-150x106.jpg 150w, https:\/\/nhrclb.org\/wp-content\/uploads\/2024\/02\/ABS4725-696x491.jpg 696w, https:\/\/nhrclb.org\/wp-content\/uploads\/2024\/02\/ABS4725-1068x754.jpg 1068w\" sizes=\"auto, (max-width: 1200px) 100vw, 1200px\" \/><\/h1>\n<p data-start=\"1985\" data-end=\"2196\">Les droits de l\u2019homme sont inh\u00e9rents \u00e0 tous les \u00eatres humains, quels que soient leur nationalit\u00e9, leur sexe, leur origine nationale ou ethnique, leur couleur, leur religion, leur langue ou toute autre situation.<\/p>\n<p data-start=\"2198\" data-end=\"2764\">Les droits de l\u2019homme sont les droits dont nous jouissons tous du seul fait que nous sommes des \u00eatres humains. Ils ne sont accord\u00e9s par aucun \u00c9tat. Ces droits universels sont inh\u00e9rents \u00e0 toutes les personnes, quels que soient leur nationalit\u00e9, leur sexe, leur origine nationale ou ethnique, leur couleur, leur religion, leur langue ou toute autre situation. Ils sont vari\u00e9s et vont du droit le plus fondamental, le droit \u00e0 la vie, \u00e0 ceux qui rendent la vie digne d\u2019\u00eatre v\u00e9cue, comme les droits \u00e0 l\u2019alimentation, \u00e0 l\u2019\u00e9ducation, au travail, \u00e0 la sant\u00e9 et \u00e0 la libert\u00e9.<\/p>\n<p data-start=\"2766\" data-end=\"3238\">La D\u00e9claration universelle des droits de l\u2019homme, adopt\u00e9e par l\u2019Assembl\u00e9e g\u00e9n\u00e9rale des Nations Unies en 1948, a \u00e9t\u00e9 le premier document juridique \u00e0 \u00e9noncer les droits fondamentaux devant \u00eatre prot\u00e9g\u00e9s universellement. Elle continue de constituer le fondement de l\u2019ensemble du droit international des droits de l\u2019homme. Ses trente articles fournissent les principes des conventions, trait\u00e9s et autres instruments juridiques actuels et futurs relatifs aux droits de l\u2019homme.<\/p>\n<p data-start=\"3240\" data-end=\"3494\">Avec le Pacte international relatif aux droits civils et politiques et le Pacte international relatif aux droits \u00e9conomiques, sociaux et culturels, la D\u00e9claration universelle des droits de l\u2019homme constitue la Charte internationale des droits de l\u2019homme.<\/p>\n<p data-start=\"3496\" data-end=\"3533\"><strong data-start=\"3496\" data-end=\"3533\">Droits universels et inali\u00e9nables<\/strong><\/p>\n<p data-start=\"3535\" data-end=\"3941\">Le principe d\u2019universalit\u00e9 des droits de l\u2019homme constitue la pierre angulaire du droit international des droits de l\u2019homme. Cela signifie que tous les individus jouissent des droits de l\u2019homme sur un pied d\u2019\u00e9galit\u00e9. Ce principe, \u00e9nonc\u00e9 pour la premi\u00e8re fois dans la D\u00e9claration universelle des droits de l\u2019homme, a \u00e9t\u00e9 r\u00e9affirm\u00e9 dans de nombreuses conventions, d\u00e9clarations et r\u00e9solutions internationales.<\/p>\n<p data-start=\"3943\" data-end=\"4250\" data-is-last-node=\"\" data-is-only-node=\"\">Les droits de l\u2019homme sont inali\u00e9nables. Ils ne doivent jamais \u00eatre retir\u00e9s, sauf dans des circonstances pr\u00e9cises et conform\u00e9ment aux garanties d\u2019une proc\u00e9dure r\u00e9guli\u00e8re. Par exemple, le droit \u00e0 la libert\u00e9 peut \u00eatre restreint si une personne est reconnue coupable d\u2019une infraction par un tribunal comp\u00e9tent.<\/p>\n<figure id=\"attachment_521\" aria-describedby=\"caption-attachment-521\" style=\"width: 610px\" class=\"wp-caption aligncenter\"><img loading=\"lazy\" decoding=\"async\" class=\"wp-image-521 size-full\" src=\"https:\/\/nhrclb.org\/wp-content\/uploads\/2024\/02\/Venezuela-UNI220918.jpg\" alt=\"\" width=\"610\" height=\"410\" srcset=\"https:\/\/nhrclb.org\/wp-content\/uploads\/2024\/02\/Venezuela-UNI220918.jpg 610w, https:\/\/nhrclb.org\/wp-content\/uploads\/2024\/02\/Venezuela-UNI220918-300x202.jpg 300w, https:\/\/nhrclb.org\/wp-content\/uploads\/2024\/02\/Venezuela-UNI220918-150x101.jpg 150w\" sizes=\"auto, (max-width: 610px) 100vw, 610px\" \/><figcaption id=\"caption-attachment-521\" class=\"wp-caption-text\">\u00a9 UNICEF\/UNI220918\/Orozco<\/figcaption><\/figure>\n<p data-start=\"514\" data-end=\"576\"><strong data-start=\"514\" data-end=\"576\">Les droits de l\u2019homme sont interd\u00e9pendants et indivisibles<\/strong><\/p>\n<p data-start=\"578\" data-end=\"1040\">Tous les droits de l\u2019homme sont interd\u00e9pendants et indivisibles. Cela signifie que la pleine jouissance d\u2019un ensemble de droits ne peut \u00eatre r\u00e9alis\u00e9e sans les autres. Par exemple, les progr\u00e8s r\u00e9alis\u00e9s dans le domaine des droits civils et politiques facilitent l\u2019exercice des droits \u00e9conomiques, sociaux et culturels. \u00c0 l\u2019inverse, les violations des droits \u00e9conomiques, sociaux et culturels peuvent avoir des r\u00e9percussions n\u00e9gatives sur de nombreux autres droits.<\/p>\n<p data-start=\"1042\" data-end=\"1102\" data-is-last-node=\"\" data-is-only-node=\"\"><strong data-start=\"1042\" data-end=\"1102\" data-is-last-node=\"\">Les droits de l\u2019homme sont \u00e9gaux et non discriminatoires<\/strong><\/p>\n<p><img loading=\"lazy\" decoding=\"async\" class=\"alignnone size-full wp-image-523\" src=\"https:\/\/nhrclb.org\/wp-content\/uploads\/2024\/02\/tahtah-4.jpg\" alt=\"\" width=\"1200\" height=\"801\" srcset=\"https:\/\/nhrclb.org\/wp-content\/uploads\/2024\/02\/tahtah-4.jpg 1200w, https:\/\/nhrclb.org\/wp-content\/uploads\/2024\/02\/tahtah-4-300x200.jpg 300w, https:\/\/nhrclb.org\/wp-content\/uploads\/2024\/02\/tahtah-4-1024x684.jpg 1024w, https:\/\/nhrclb.org\/wp-content\/uploads\/2024\/02\/tahtah-4-768x513.jpg 768w, https:\/\/nhrclb.org\/wp-content\/uploads\/2024\/02\/tahtah-4-150x100.jpg 150w, https:\/\/nhrclb.org\/wp-content\/uploads\/2024\/02\/tahtah-4-696x465.jpg 696w, https:\/\/nhrclb.org\/wp-content\/uploads\/2024\/02\/tahtah-4-1068x713.jpg 1068w\" sizes=\"auto, (max-width: 1200px) 100vw, 1200px\" \/><\/p>\n<p data-start=\"1474\" data-end=\"1703\">L\u2019article 1 de la D\u00e9claration universelle des droits de l\u2019homme dispose : \u00ab Tous les \u00eatres humains naissent libres et \u00e9gaux en dignit\u00e9 et en droits. \u00bb Le principe de non-discrimination \u00e9nonc\u00e9 \u00e0 l\u2019article 2 garantit cette \u00e9galit\u00e9.<\/p>\n<p data-start=\"1705\" data-end=\"2134\">La non-discrimination est un principe fondamental du droit international des droits de l\u2019homme. Il est consacr\u00e9 dans tous les principaux trait\u00e9s relatifs aux droits de l\u2019homme. Il constitue \u00e9galement le c\u0153ur de deux instruments essentiels, la Convention internationale sur l\u2019\u00e9limination de toutes les formes de discrimination raciale et la Convention sur l\u2019\u00e9limination de toutes les formes de discrimination \u00e0 l\u2019\u00e9gard des femmes.<\/p>\n<p data-start=\"2136\" data-end=\"2161\"><strong data-start=\"2136\" data-end=\"2161\">Droits et obligations<\/strong><\/p>\n<p data-start=\"2163\" data-end=\"2545\">Tous les \u00c9tats ont ratifi\u00e9 au moins un des neuf principaux trait\u00e9s internationaux relatifs aux droits de l\u2019homme, ainsi qu\u2019au moins un des neuf protocoles facultatifs. Environ 80 % des \u00c9tats ont ratifi\u00e9 quatre instruments ou plus. Cela signifie que les \u00c9tats sont juridiquement tenus, en vertu du droit international, de respecter, prot\u00e9ger et mettre en \u0153uvre les droits de l\u2019homme.<\/p>\n<p data-start=\"2547\" data-end=\"2984\">L\u2019obligation de <strong data-start=\"2563\" data-end=\"2576\">respecter<\/strong> signifie que les \u00c9tats doivent s\u2019abstenir d\u2019interf\u00e9rer avec la jouissance des droits de l\u2019homme ou de les restreindre.<br data-start=\"2695\" data-end=\"2698\" \/>L\u2019obligation de <strong data-start=\"2714\" data-end=\"2726\">prot\u00e9ger<\/strong> exige que les \u00c9tats prot\u00e8gent les individus et les groupes contre les violations des droits de l\u2019homme.<br data-start=\"2830\" data-end=\"2833\" \/>L\u2019obligation de <strong data-start=\"2849\" data-end=\"2868\">mettre en \u0153uvre<\/strong> implique que les \u00c9tats prennent des mesures positives pour permettre la pleine r\u00e9alisation des droits fondamentaux.<\/p>\n<p data-start=\"2986\" data-end=\"3165\" data-is-last-node=\"\" data-is-only-node=\"\">Si, en tant qu\u2019individus, nous avons le droit de jouir des droits de l\u2019homme, nous avons \u00e9galement la responsabilit\u00e9 de <strong data-start=\"3106\" data-end=\"3131\">respecter et d\u00e9fendre<\/strong> les droits de l\u2019homme des autres.<\/p>\n","protected":false},"excerpt":{"rendered":"<p>Les droits de l\u2019homme sont inh\u00e9rents \u00e0 tous les \u00eatres humains, quels que soient leur nationalit\u00e9, leur sexe, leur origine nationale ou ethnique, leur couleur, leur religion, leur langue ou toute autre situation. Les droits de l\u2019homme sont les droits dont nous jouissons tous du seul fait que nous sommes des \u00eatres humains. Ils ne [&hellip;]<\/p>\n","protected":false},"author":1,"featured_media":5944,"parent":0,"menu_order":0,"comment_status":"closed","ping_status":"closed","template":"","meta":{"footnotes":""},"class_list":["post-5942","page","type-page","status-publish","has-post-thumbnail"],"yoast_head":"<!-- This site is optimized with the Yoast SEO plugin v27.4 - https:\/\/yoast.com\/product\/yoast-seo-wordpress\/ -->\n<title>Qu\u2019est-ce que les droits de l\u2019homme ? | \u0627\u0644\u0647\u064a\u0626\u0629 \u0627\u0644\u0648\u0637\u0646\u064a\u0629 \u0644\u062d\u0642\u0648\u0642 \u0627\u0644\u0625\u0646\u0633\u0627\u0646 - \u0644\u0628\u0646\u0627\u0646<\/title>\n<meta name=\"robots\" content=\"index, follow, max-snippet:-1, max-image-preview:large, max-video-preview:-1\" \/>\n<link rel=\"canonical\" href=\"https:\/\/nhrclb.org\/fr\/what-are-human-rights\" \/>\n<meta property=\"og:locale\" content=\"fr_FR\" \/>\n<meta property=\"og:type\" content=\"article\" \/>\n<meta property=\"og:title\" content=\"Qu\u2019est-ce que les droits de l\u2019homme ? | \u0627\u0644\u0647\u064a\u0626\u0629 \u0627\u0644\u0648\u0637\u0646\u064a\u0629 \u0644\u062d\u0642\u0648\u0642 \u0627\u0644\u0625\u0646\u0633\u0627\u0646 - \u0644\u0628\u0646\u0627\u0646\" \/>\n<meta property=\"og:description\" content=\"Les droits de l\u2019homme sont inh\u00e9rents \u00e0 tous les \u00eatres humains, quels que soient leur nationalit\u00e9, leur sexe, leur origine nationale ou ethnique, leur couleur, leur religion, leur langue ou toute autre situation. Les droits de l\u2019homme sont les droits dont nous jouissons tous du seul fait que nous sommes des \u00eatres humains. Ils ne [&hellip;]\" \/>\n<meta property=\"og:url\" content=\"https:\/\/nhrclb.org\/fr\/what-are-human-rights\" \/>\n<meta property=\"og:site_name\" content=\"\u0627\u0644\u0647\u064a\u0626\u0629 \u0627\u0644\u0648\u0637\u0646\u064a\u0629 \u0644\u062d\u0642\u0648\u0642 \u0627\u0644\u0625\u0646\u0633\u0627\u0646 - \u0644\u0628\u0646\u0627\u0646\" \/>\n<meta property=\"article:publisher\" content=\"https:\/\/www.facebook.com\/NHRCLB\" \/>\n<meta property=\"article:modified_time\" content=\"2026-03-28T07:50:44+00:00\" \/>\n<meta property=\"og:image\" content=\"https:\/\/nhrclb.org\/wp-content\/uploads\/2024\/02\/ABS4725.jpg\" \/>\n\t<meta property=\"og:image:width\" content=\"1200\" \/>\n\t<meta property=\"og:image:height\" content=\"847\" \/>\n\t<meta property=\"og:image:type\" content=\"image\/jpeg\" \/>\n<meta name=\"twitter:card\" content=\"summary_large_image\" \/>\n<meta name=\"twitter:site\" content=\"@nhrclb\" \/>\n<meta name=\"twitter:label1\" content=\"Dur\u00e9e de lecture estim\u00e9e\" \/>\n\t<meta name=\"twitter:data1\" content=\"6 minutes\" \/>\n<script type=\"application\/ld+json\" class=\"yoast-schema-graph\">{\"@context\":\"https:\\\/\\\/schema.org\",\"@graph\":[{\"@type\":\"WebPage\",\"@id\":\"https:\\\/\\\/nhrclb.org\\\/fr\\\/what-are-human-rights\",\"url\":\"https:\\\/\\\/nhrclb.org\\\/fr\\\/what-are-human-rights\",\"name\":\"Qu\u2019est-ce que les droits de l\u2019homme ? | \u0627\u0644\u0647\u064a\u0626\u0629 \u0627\u0644\u0648\u0637\u0646\u064a\u0629 \u0644\u062d\u0642\u0648\u0642 \u0627\u0644\u0625\u0646\u0633\u0627\u0646 - \u0644\u0628\u0646\u0627\u0646\",\"isPartOf\":{\"@id\":\"https:\\\/\\\/nhrclb.org\\\/fr#website\"},\"primaryImageOfPage\":{\"@id\":\"https:\\\/\\\/nhrclb.org\\\/fr\\\/what-are-human-rights#primaryimage\"},\"image\":{\"@id\":\"https:\\\/\\\/nhrclb.org\\\/fr\\\/what-are-human-rights#primaryimage\"},\"thumbnailUrl\":\"https:\\\/\\\/nhrclb.org\\\/wp-content\\\/uploads\\\/2024\\\/02\\\/ABS4725.jpg\",\"datePublished\":\"2024-02-10T09:45:41+00:00\",\"dateModified\":\"2026-03-28T07:50:44+00:00\",\"breadcrumb\":{\"@id\":\"https:\\\/\\\/nhrclb.org\\\/fr\\\/what-are-human-rights#breadcrumb\"},\"inLanguage\":\"fr-FR\",\"potentialAction\":[{\"@type\":\"ReadAction\",\"target\":[\"https:\\\/\\\/nhrclb.org\\\/fr\\\/what-are-human-rights\"]}]},{\"@type\":\"ImageObject\",\"inLanguage\":\"fr-FR\",\"@id\":\"https:\\\/\\\/nhrclb.org\\\/fr\\\/what-are-human-rights#primaryimage\",\"url\":\"https:\\\/\\\/nhrclb.org\\\/wp-content\\\/uploads\\\/2024\\\/02\\\/ABS4725.jpg\",\"contentUrl\":\"https:\\\/\\\/nhrclb.org\\\/wp-content\\\/uploads\\\/2024\\\/02\\\/ABS4725.jpg\",\"width\":1200,\"height\":847},{\"@type\":\"BreadcrumbList\",\"@id\":\"https:\\\/\\\/nhrclb.org\\\/fr\\\/what-are-human-rights#breadcrumb\",\"itemListElement\":[{\"@type\":\"ListItem\",\"position\":1,\"name\":\"\u0627\u0644\u0631\u0626\u064a\u0633\u064a\u0629\",\"item\":\"https:\\\/\\\/nhrclb.org\\\/fr\"},{\"@type\":\"ListItem\",\"position\":2,\"name\":\"Qu\u2019est-ce que les droits de l\u2019homme ?\"}]},{\"@type\":\"WebSite\",\"@id\":\"https:\\\/\\\/nhrclb.org\\\/fr#website\",\"url\":\"https:\\\/\\\/nhrclb.org\\\/fr\",\"name\":\"\u0627\u0644\u0647\u064a\u0626\u0629 \u0627\u0644\u0648\u0637\u0646\u064a\u0629 \u0644\u062d\u0642\u0648\u0642 \u0627\u0644\u0625\u0646\u0633\u0627\u0646 - \u0644\u0628\u0646\u0627\u0646\",\"description\":\"\u0645\u0624\u0633\u0633\u0629 \u0648\u0637\u0646\u064a\u0629 \u0645\u0633\u062a\u0642\u0644\u0629 \u0644\u062d\u0645\u0627\u064a\u0629 \u0648\u062a\u0639\u0632\u064a\u0632 \u062d\u0642\u0648\u0642 \u0627\u0644\u0627\u0646\u0633\u0627\u0646 \u0648\u0627\u0644\u0648\u0642\u0627\u064a\u0629 \u0645\u0646 \u0627\u0644\u062a\u0639\u0630\u064a\u0628 \u0645\u0646\u0634\u0627\u0629 \u0628\u0645\u0648\u062c\u0628 \u0627\u0644\u0642\u0627\u0646\u0648\u0646 62\\\/ 2016\",\"publisher\":{\"@id\":\"https:\\\/\\\/nhrclb.org\\\/fr#organization\"},\"alternateName\":\"\u0627\u0644\u0647\u064a\u0626\u0629 \u0627\u0644\u0648\u0637\u0646\u064a\u0629 \u0644\u062d\u0642\u0648\u0642 \u0627\u0644\u0627\u0646\u0633\u0627\u0646 \u0627\u0644\u0645\u062a\u0636\u0645\u0646\u0629 \u0644\u062c\u0646\u0629 \u0627\u0644\u0648\u0642\u0627\u064a\u0629 \u0645\u0646 \u0627\u0644\u062a\u0639\u0630\u064a\u0628 - \u0627\u0644\u062c\u0645\u0647\u0648\u0631\u064a\u0629 \u0627\u0644\u0644\u0628\u0646\u0627\u0646\u064a\u0629\",\"potentialAction\":[{\"@type\":\"SearchAction\",\"target\":{\"@type\":\"EntryPoint\",\"urlTemplate\":\"https:\\\/\\\/nhrclb.org\\\/fr?s={search_term_string}\"},\"query-input\":{\"@type\":\"PropertyValueSpecification\",\"valueRequired\":true,\"valueName\":\"search_term_string\"}}],\"inLanguage\":\"fr-FR\"},{\"@type\":\"Organization\",\"@id\":\"https:\\\/\\\/nhrclb.org\\\/fr#organization\",\"name\":\"\u0627\u0644\u0647\u064a\u0626\u0629 \u0627\u0644\u0648\u0637\u0646\u064a\u0629 \u0644\u062d\u0642\u0648\u0642 \u0627\u0644\u0625\u0646\u0633\u0627\u0646 \u0627\u0644\u0645\u062a\u0636\u0645\u0646\u0629 \u0644\u062c\u0646\u0629 \u0627\u0644\u0648\u0642\u0627\u064a\u0629 \u0645\u0646 \u0627\u0644\u062a\u0639\u0630\u064a\u0628 - \u0644\u0628\u0646\u0627\u0646\",\"url\":\"https:\\\/\\\/nhrclb.org\\\/fr\",\"logo\":{\"@type\":\"ImageObject\",\"inLanguage\":\"fr-FR\",\"@id\":\"https:\\\/\\\/nhrclb.org\\\/fr#\\\/schema\\\/logo\\\/image\\\/\",\"url\":\"https:\\\/\\\/nhrclb.org\\\/wp-content\\\/uploads\\\/2024\\\/01\\\/NHRC-CPT-Logo.png\",\"contentUrl\":\"https:\\\/\\\/nhrclb.org\\\/wp-content\\\/uploads\\\/2024\\\/01\\\/NHRC-CPT-Logo.png\",\"width\":1017,\"height\":761,\"caption\":\"\u0627\u0644\u0647\u064a\u0626\u0629 \u0627\u0644\u0648\u0637\u0646\u064a\u0629 \u0644\u062d\u0642\u0648\u0642 \u0627\u0644\u0625\u0646\u0633\u0627\u0646 \u0627\u0644\u0645\u062a\u0636\u0645\u0646\u0629 \u0644\u062c\u0646\u0629 \u0627\u0644\u0648\u0642\u0627\u064a\u0629 \u0645\u0646 \u0627\u0644\u062a\u0639\u0630\u064a\u0628 - \u0644\u0628\u0646\u0627\u0646\"},\"image\":{\"@id\":\"https:\\\/\\\/nhrclb.org\\\/fr#\\\/schema\\\/logo\\\/image\\\/\"},\"sameAs\":[\"https:\\\/\\\/www.facebook.com\\\/NHRCLB\",\"https:\\\/\\\/x.com\\\/nhrclb\",\"https:\\\/\\\/www.instagram.com\\\/nhrc_lb\",\"https:\\\/\\\/www.youtube.com\\\/@lebanonsnhrccpt2364\",\"https:\\\/\\\/www.flickr.com\\\/photos\\\/145354751@N08\"]}]}<\/script>\n<!-- \/ Yoast SEO plugin. -->","yoast_head_json":{"title":"Qu\u2019est-ce que les droits de l\u2019homme ? | \u0627\u0644\u0647\u064a\u0626\u0629 \u0627\u0644\u0648\u0637\u0646\u064a\u0629 \u0644\u062d\u0642\u0648\u0642 \u0627\u0644\u0625\u0646\u0633\u0627\u0646 - \u0644\u0628\u0646\u0627\u0646","robots":{"index":"index","follow":"follow","max-snippet":"max-snippet:-1","max-image-preview":"max-image-preview:large","max-video-preview":"max-video-preview:-1"},"canonical":"https:\/\/nhrclb.org\/fr\/what-are-human-rights","og_locale":"fr_FR","og_type":"article","og_title":"Qu\u2019est-ce que les droits de l\u2019homme ? | \u0627\u0644\u0647\u064a\u0626\u0629 \u0627\u0644\u0648\u0637\u0646\u064a\u0629 \u0644\u062d\u0642\u0648\u0642 \u0627\u0644\u0625\u0646\u0633\u0627\u0646 - \u0644\u0628\u0646\u0627\u0646","og_description":"Les droits de l\u2019homme sont inh\u00e9rents \u00e0 tous les \u00eatres humains, quels que soient leur nationalit\u00e9, leur sexe, leur origine nationale ou ethnique, leur couleur, leur religion, leur langue ou toute autre situation. Les droits de l\u2019homme sont les droits dont nous jouissons tous du seul fait que nous sommes des \u00eatres humains. Ils ne [&hellip;]","og_url":"https:\/\/nhrclb.org\/fr\/what-are-human-rights","og_site_name":"\u0627\u0644\u0647\u064a\u0626\u0629 \u0627\u0644\u0648\u0637\u0646\u064a\u0629 \u0644\u062d\u0642\u0648\u0642 \u0627\u0644\u0625\u0646\u0633\u0627\u0646 - \u0644\u0628\u0646\u0627\u0646","article_publisher":"https:\/\/www.facebook.com\/NHRCLB","article_modified_time":"2026-03-28T07:50:44+00:00","og_image":[{"width":1200,"height":847,"url":"https:\/\/nhrclb.org\/wp-content\/uploads\/2024\/02\/ABS4725.jpg","type":"image\/jpeg"}],"twitter_card":"summary_large_image","twitter_site":"@nhrclb","twitter_misc":{"Dur\u00e9e de lecture estim\u00e9e":"6 minutes"},"schema":{"@context":"https:\/\/schema.org","@graph":[{"@type":"WebPage","@id":"https:\/\/nhrclb.org\/fr\/what-are-human-rights","url":"https:\/\/nhrclb.org\/fr\/what-are-human-rights","name":"Qu\u2019est-ce que les droits de l\u2019homme ? | \u0627\u0644\u0647\u064a\u0626\u0629 \u0627\u0644\u0648\u0637\u0646\u064a\u0629 \u0644\u062d\u0642\u0648\u0642 \u0627\u0644\u0625\u0646\u0633\u0627\u0646 - \u0644\u0628\u0646\u0627\u0646","isPartOf":{"@id":"https:\/\/nhrclb.org\/fr#website"},"primaryImageOfPage":{"@id":"https:\/\/nhrclb.org\/fr\/what-are-human-rights#primaryimage"},"image":{"@id":"https:\/\/nhrclb.org\/fr\/what-are-human-rights#primaryimage"},"thumbnailUrl":"https:\/\/nhrclb.org\/wp-content\/uploads\/2024\/02\/ABS4725.jpg","datePublished":"2024-02-10T09:45:41+00:00","dateModified":"2026-03-28T07:50:44+00:00","breadcrumb":{"@id":"https:\/\/nhrclb.org\/fr\/what-are-human-rights#breadcrumb"},"inLanguage":"fr-FR","potentialAction":[{"@type":"ReadAction","target":["https:\/\/nhrclb.org\/fr\/what-are-human-rights"]}]},{"@type":"ImageObject","inLanguage":"fr-FR","@id":"https:\/\/nhrclb.org\/fr\/what-are-human-rights#primaryimage","url":"https:\/\/nhrclb.org\/wp-content\/uploads\/2024\/02\/ABS4725.jpg","contentUrl":"https:\/\/nhrclb.org\/wp-content\/uploads\/2024\/02\/ABS4725.jpg","width":1200,"height":847},{"@type":"BreadcrumbList","@id":"https:\/\/nhrclb.org\/fr\/what-are-human-rights#breadcrumb","itemListElement":[{"@type":"ListItem","position":1,"name":"\u0627\u0644\u0631\u0626\u064a\u0633\u064a\u0629","item":"https:\/\/nhrclb.org\/fr"},{"@type":"ListItem","position":2,"name":"Qu\u2019est-ce que les droits de l\u2019homme ?"}]},{"@type":"WebSite","@id":"https:\/\/nhrclb.org\/fr#website","url":"https:\/\/nhrclb.org\/fr","name":"\u0627\u0644\u0647\u064a\u0626\u0629 \u0627\u0644\u0648\u0637\u0646\u064a\u0629 \u0644\u062d\u0642\u0648\u0642 \u0627\u0644\u0625\u0646\u0633\u0627\u0646 - \u0644\u0628\u0646\u0627\u0646","description":"\u0645\u0624\u0633\u0633\u0629 \u0648\u0637\u0646\u064a\u0629 \u0645\u0633\u062a\u0642\u0644\u0629 \u0644\u062d\u0645\u0627\u064a\u0629 \u0648\u062a\u0639\u0632\u064a\u0632 \u062d\u0642\u0648\u0642 \u0627\u0644\u0627\u0646\u0633\u0627\u0646 \u0648\u0627\u0644\u0648\u0642\u0627\u064a\u0629 \u0645\u0646 \u0627\u0644\u062a\u0639\u0630\u064a\u0628 \u0645\u0646\u0634\u0627\u0629 \u0628\u0645\u0648\u062c\u0628 \u0627\u0644\u0642\u0627\u0646\u0648\u0646 62\/ 2016","publisher":{"@id":"https:\/\/nhrclb.org\/fr#organization"},"alternateName":"\u0627\u0644\u0647\u064a\u0626\u0629 \u0627\u0644\u0648\u0637\u0646\u064a\u0629 \u0644\u062d\u0642\u0648\u0642 \u0627\u0644\u0627\u0646\u0633\u0627\u0646 \u0627\u0644\u0645\u062a\u0636\u0645\u0646\u0629 \u0644\u062c\u0646\u0629 \u0627\u0644\u0648\u0642\u0627\u064a\u0629 \u0645\u0646 \u0627\u0644\u062a\u0639\u0630\u064a\u0628 - \u0627\u0644\u062c\u0645\u0647\u0648\u0631\u064a\u0629 \u0627\u0644\u0644\u0628\u0646\u0627\u0646\u064a\u0629","potentialAction":[{"@type":"SearchAction","target":{"@type":"EntryPoint","urlTemplate":"https:\/\/nhrclb.org\/fr?s={search_term_string}"},"query-input":{"@type":"PropertyValueSpecification","valueRequired":true,"valueName":"search_term_string"}}],"inLanguage":"fr-FR"},{"@type":"Organization","@id":"https:\/\/nhrclb.org\/fr#organization","name":"\u0627\u0644\u0647\u064a\u0626\u0629 \u0627\u0644\u0648\u0637\u0646\u064a\u0629 \u0644\u062d\u0642\u0648\u0642 \u0627\u0644\u0625\u0646\u0633\u0627\u0646 \u0627\u0644\u0645\u062a\u0636\u0645\u0646\u0629 \u0644\u062c\u0646\u0629 \u0627\u0644\u0648\u0642\u0627\u064a\u0629 \u0645\u0646 \u0627\u0644\u062a\u0639\u0630\u064a\u0628 - \u0644\u0628\u0646\u0627\u0646","url":"https:\/\/nhrclb.org\/fr","logo":{"@type":"ImageObject","inLanguage":"fr-FR","@id":"https:\/\/nhrclb.org\/fr#\/schema\/logo\/image\/","url":"https:\/\/nhrclb.org\/wp-content\/uploads\/2024\/01\/NHRC-CPT-Logo.png","contentUrl":"https:\/\/nhrclb.org\/wp-content\/uploads\/2024\/01\/NHRC-CPT-Logo.png","width":1017,"height":761,"caption":"\u0627\u0644\u0647\u064a\u0626\u0629 \u0627\u0644\u0648\u0637\u0646\u064a\u0629 \u0644\u062d\u0642\u0648\u0642 \u0627\u0644\u0625\u0646\u0633\u0627\u0646 \u0627\u0644\u0645\u062a\u0636\u0645\u0646\u0629 \u0644\u062c\u0646\u0629 \u0627\u0644\u0648\u0642\u0627\u064a\u0629 \u0645\u0646 \u0627\u0644\u062a\u0639\u0630\u064a\u0628 - \u0644\u0628\u0646\u0627\u0646"},"image":{"@id":"https:\/\/nhrclb.org\/fr#\/schema\/logo\/image\/"},"sameAs":["https:\/\/www.facebook.com\/NHRCLB","https:\/\/x.com\/nhrclb","https:\/\/www.instagram.com\/nhrc_lb","https:\/\/www.youtube.com\/@lebanonsnhrccpt2364","https:\/\/www.flickr.com\/photos\/145354751@N08"]}]}},"_links":{"self":[{"href":"https:\/\/nhrclb.org\/fr\/wp-json\/wp\/v2\/pages\/5942","targetHints":{"allow":["GET"]}}],"collection":[{"href":"https:\/\/nhrclb.org\/fr\/wp-json\/wp\/v2\/pages"}],"about":[{"href":"https:\/\/nhrclb.org\/fr\/wp-json\/wp\/v2\/types\/page"}],"author":[{"embeddable":true,"href":"https:\/\/nhrclb.org\/fr\/wp-json\/wp\/v2\/users\/1"}],"replies":[{"embeddable":true,"href":"https:\/\/nhrclb.org\/fr\/wp-json\/wp\/v2\/comments?post=5942"}],"version-history":[{"count":3,"href":"https:\/\/nhrclb.org\/fr\/wp-json\/wp\/v2\/pages\/5942\/revisions"}],"predecessor-version":[{"id":5952,"href":"https:\/\/nhrclb.org\/fr\/wp-json\/wp\/v2\/pages\/5942\/revisions\/5952"}],"wp:featuredmedia":[{"embeddable":true,"href":"https:\/\/nhrclb.org\/fr\/wp-json\/wp\/v2\/media\/5944"}],"wp:attachment":[{"href":"https:\/\/nhrclb.org\/fr\/wp-json\/wp\/v2\/media?parent=5942"}],"curies":[{"name":"wp","href":"https:\/\/api.w.org\/{rel}","templated":true}]}}