{"id":6239,"date":"2024-02-10T11:52:42","date_gmt":"2024-02-10T09:52:42","guid":{"rendered":"https:\/\/nhrclb.org\/%d9%8a%d9%88%d9%85-%d8%ad%d9%82%d9%88%d9%82-%d8%a7%d9%84%d8%a5%d9%86%d8%b3%d8%a7%d9%86"},"modified":"2026-04-05T16:55:42","modified_gmt":"2026-04-05T13:55:42","slug":"human-rights-day","status":"publish","type":"page","link":"https:\/\/nhrclb.org\/en\/human-rights-day","title":{"rendered":"Human Rights Day"},"content":{"rendered":"<div class=\"view view-property-cards-by-nodequeue view-id-property_cards_by_nodequeue view-display-id-block_5 view-dom-id-5aeab2fe9297fa03fb95471f059e5939\">\n<div class=\"view-content\">\n<div>\n<div class=\"views-field views-field-body\">\n<div class=\"field-content\">\n<div class=\"topmargin bottommargin clearfix\">\n<div class=\"row\">\n<div class=\"col-md-7 col-xs-12\">\n<p><a title=\"https:\/\/www.ohchr.org\/en\/about-us\/human-rights-day\" href=\"https:\/\/www.ohchr.org\/en\/about-us\/human-rights-day\" target=\"_blank\" rel=\"noopener\">Human Rights Day<\/a>\u00a0is observed annually around the world on 10 December. It commemorates the anniversary of one of the world&#8217;s most groundbreaking global pledges: the\u00a0<a href=\"https:\/\/www.un.org\/en\/about-us\/universal-declaration-of-human-rights\" target=\"_blank\" rel=\"noopener\">Universal Declaration of Human Rights<\/a>\u00a0(UDHR). This\u00a0landmark document enshrines the inalienable rights that everyone is entitled to as a human being &#8211; regardless of race, colour, religion, sex, language, political or other opinion, national or social origin, property, birth or other status.<\/p>\n<p>The Declaration was proclaimed by the United Nations General Assembly in Paris on 10 December 1948 and sets out, for the first time, fundamental human rights to be universally protected.<\/p>\n<p>As a \u201ccommon standard of achievement for all peoples and all nations\u201d, the UDHR is a global blueprint for international, national, and local laws and policies and a bedrock of the 2030 Agenda for sustainable development.<\/p>\n<p>It is available in 577 languages, from Abkhaz to Zulu, making the UDHR the\u00a0<a href=\"https:\/\/www.ohchr.org\/en\/human-rights\/universal-declaration\/universal-declaration-human-rights\/about-universal-declaration-human-rights-translation-project\" target=\"_blank\" rel=\"noopener\">most translated document<\/a>\u00a0in the world.<\/p>\n<\/div>\n<div class=\"col-md-4 col-xs-12 leftmargin topmargin\">\n<div class=\"eventitem leftmargin rightmargin\">\n<p><a href=\"https:\/\/www.un.org\/en\/about-us\/universal-declaration-of-human-rights\" target=\"_blank\" rel=\"noopener\">The Universal Declaration of Human Rights (UDHR)<\/a>\u00a0is a milestone document in the history of human rights.<\/p>\n<h3>Human rights are POSITIVE<\/h3>\n<p>They not only protect, they also bring joy, happiness and safety into daily life. Human rights are lived realities. They are in the food we eat, the air we breathe, the words we speak, the opportunities we pursue or the protections that keep us safe.<\/p>\n<h3>Human rights are ESSENTIAL<\/h3>\n<p>They are the essentials we all share, the common ground that unites us across differences of race, gender, belief, or background. In a world of uncertainty, human rights remain our everyday constants. When everything feels unstable, your right to safety, to speak freely and to participate in decisions that affect us, become the bedrock of our lives.<\/p>\n<h3>Human rights are ATTAINABLE<\/h3>\n<p>They begin with us, with the small, everyday choices we make from treating others with respect, speaking up against unfairness, and listening to those whose voices are often ignored. Everyday choices and voices matter more than you may realize; they build a culture of dignity and fairness around us. But human rights also depend on collective action, when communities, movements, and nations come together to demand justice and equality.<\/p>\n<\/div>\n<\/div>\n<\/div>\n<\/div>\n<\/div>\n<\/div>\n<\/div>\n<\/div>\n<\/div>\n<div class=\"view view-property-cards-by-nodequeue view-id-property_cards_by_nodequeue view-display-id-block_9 view-dom-id-73e8f6876f5bbe011d684b34c9ae2b47\">\n<div class=\"view-content\">\n<div id=\"views-bootstrap-grid-1\" class=\"views-bootstrap-grid-plugin-style\">\n<div class=\"row\">\n<div class=\" col-xs-12 col-sm-6 col-md-4 col-lg-4\">\n<div class=\"views-field views-field-field-image\">\n<div class=\"field-content\"><\/div>\n<\/div>\n<\/div>\n<\/div>\n<\/div>\n<\/div>\n<\/div>\n","protected":false},"excerpt":{"rendered":"<p>Human Rights Day\u00a0is observed annually around the world on 10 December. It commemorates the anniversary of one of the world&#8217;s most groundbreaking global pledges: the\u00a0Universal Declaration of Human Rights\u00a0(UDHR). This\u00a0landmark document enshrines the inalienable rights that everyone is entitled to as a human being &#8211; regardless of race, colour, religion, sex, language, political or other [&hellip;]<\/p>\n","protected":false},"author":1,"featured_media":6240,"parent":0,"menu_order":0,"comment_status":"closed","ping_status":"closed","template":"","meta":{"footnotes":""},"class_list":["post-6239","page","type-page","status-publish","has-post-thumbnail"],"yoast_head":"<!-- This site is optimized with the Yoast SEO plugin v27.3 - https:\/\/yoast.com\/product\/yoast-seo-wordpress\/ -->\n<title>Human Rights Day | National Human Rights Commission - Lebanon<\/title>\n<meta name=\"robots\" content=\"index, follow, max-snippet:-1, max-image-preview:large, max-video-preview:-1\" \/>\n<link rel=\"canonical\" href=\"https:\/\/nhrclb.org\/en\/human-rights-day\" \/>\n<meta property=\"og:locale\" content=\"en_US\" \/>\n<meta property=\"og:type\" content=\"article\" \/>\n<meta property=\"og:title\" content=\"Human Rights Day | National Human Rights Commission - Lebanon\" \/>\n<meta property=\"og:description\" content=\"Human Rights Day\u00a0is observed annually around the world on 10 December. It commemorates the anniversary of one of the world&#8217;s most groundbreaking global pledges: the\u00a0Universal Declaration of Human Rights\u00a0(UDHR). This\u00a0landmark document enshrines the inalienable rights that everyone is entitled to as a human being &#8211; regardless of race, colour, religion, sex, language, political or other [&hellip;]\" \/>\n<meta property=\"og:url\" content=\"https:\/\/nhrclb.org\/en\/human-rights-day\" \/>\n<meta property=\"og:site_name\" content=\"National Human Rights Commission - Lebanon\" \/>\n<meta property=\"article:publisher\" content=\"https:\/\/www.facebook.com\/NHRCLB\" \/>\n<meta property=\"article:modified_time\" content=\"2026-04-05T13:55:42+00:00\" \/>\n<meta property=\"og:image\" content=\"https:\/\/nhrclb.org\/wp-content\/uploads\/2024\/02\/20121104151017.jpg\" \/>\n\t<meta property=\"og:image:width\" content=\"1200\" \/>\n\t<meta property=\"og:image:height\" content=\"863\" \/>\n\t<meta property=\"og:image:type\" content=\"image\/jpeg\" \/>\n<meta name=\"twitter:card\" content=\"summary_large_image\" \/>\n<meta name=\"twitter:site\" content=\"@nhrclb\" \/>\n<meta name=\"twitter:label1\" content=\"Est. reading time\" \/>\n\t<meta name=\"twitter:data1\" content=\"3 minutes\" \/>\n<script type=\"application\/ld+json\" class=\"yoast-schema-graph\">{\"@context\":\"https:\\\/\\\/schema.org\",\"@graph\":[{\"@type\":\"WebPage\",\"@id\":\"https:\\\/\\\/nhrclb.org\\\/en\\\/human-rights-day\",\"url\":\"https:\\\/\\\/nhrclb.org\\\/en\\\/human-rights-day\",\"name\":\"Human Rights Day | National Human Rights Commission - Lebanon\",\"isPartOf\":{\"@id\":\"https:\\\/\\\/nhrclb.org\\\/en#website\"},\"primaryImageOfPage\":{\"@id\":\"https:\\\/\\\/nhrclb.org\\\/en\\\/human-rights-day#primaryimage\"},\"image\":{\"@id\":\"https:\\\/\\\/nhrclb.org\\\/en\\\/human-rights-day#primaryimage\"},\"thumbnailUrl\":\"https:\\\/\\\/nhrclb.org\\\/wp-content\\\/uploads\\\/2024\\\/02\\\/20121104151017.jpg\",\"datePublished\":\"2024-02-10T09:52:42+00:00\",\"dateModified\":\"2026-04-05T13:55:42+00:00\",\"breadcrumb\":{\"@id\":\"https:\\\/\\\/nhrclb.org\\\/en\\\/human-rights-day#breadcrumb\"},\"inLanguage\":\"en-US\",\"potentialAction\":[{\"@type\":\"ReadAction\",\"target\":[\"https:\\\/\\\/nhrclb.org\\\/en\\\/human-rights-day\"]}]},{\"@type\":\"ImageObject\",\"inLanguage\":\"en-US\",\"@id\":\"https:\\\/\\\/nhrclb.org\\\/en\\\/human-rights-day#primaryimage\",\"url\":\"https:\\\/\\\/nhrclb.org\\\/wp-content\\\/uploads\\\/2024\\\/02\\\/20121104151017.jpg\",\"contentUrl\":\"https:\\\/\\\/nhrclb.org\\\/wp-content\\\/uploads\\\/2024\\\/02\\\/20121104151017.jpg\",\"width\":1200,\"height\":863,\"caption\":\"\u00d9\u2026\u00d8\u00ad\u00d9\u201e\u00d9\u0160\u00d8\u00a7\u00d8\u00aa \u00d8\u00b0\u00d9\u0192\u00d8\u00b1\u00d9\u2030 \u00d8\u00a7\u00d8\u00a8\u00d9\u02c6 \u00d9\u0160\u00d8\u00ad\u00d9\u0160\u00d9\u2030 \u00d9\u0081\u00d9\u0160 \u00d8\u00a8\u00d8\u00b9\u00d9\u201e\u00d8\u00a8\u00d9\u0192 ( \u00d8\u00b9\u00d8\u00a8\u00d8\u00a7\u00d8\u00b3 \u00d8\u00b3\u00d9\u201e\u00d9\u2026\u00d8\u00a7\u00d9\u2020 )\"},{\"@type\":\"BreadcrumbList\",\"@id\":\"https:\\\/\\\/nhrclb.org\\\/en\\\/human-rights-day#breadcrumb\",\"itemListElement\":[{\"@type\":\"ListItem\",\"position\":1,\"name\":\"\u0627\u0644\u0631\u0626\u064a\u0633\u064a\u0629\",\"item\":\"https:\\\/\\\/nhrclb.org\\\/en\"},{\"@type\":\"ListItem\",\"position\":2,\"name\":\"Human Rights Day\"}]},{\"@type\":\"WebSite\",\"@id\":\"https:\\\/\\\/nhrclb.org\\\/en#website\",\"url\":\"https:\\\/\\\/nhrclb.org\\\/en\",\"name\":\"\u0627\u0644\u0647\u064a\u0626\u0629 \u0627\u0644\u0648\u0637\u0646\u064a\u0629 \u0644\u062d\u0642\u0648\u0642 \u0627\u0644\u0625\u0646\u0633\u0627\u0646 - \u0644\u0628\u0646\u0627\u0646\",\"description\":\"\u0645\u0624\u0633\u0633\u0629 \u0648\u0637\u0646\u064a\u0629 \u0645\u0633\u062a\u0642\u0644\u0629 \u0644\u062d\u0645\u0627\u064a\u0629 \u0648\u062a\u0639\u0632\u064a\u0632 \u062d\u0642\u0648\u0642 \u0627\u0644\u0627\u0646\u0633\u0627\u0646 \u0648\u0627\u0644\u0648\u0642\u0627\u064a\u0629 \u0645\u0646 \u0627\u0644\u062a\u0639\u0630\u064a\u0628 \u0645\u0646\u0634\u0627\u0629 \u0628\u0645\u0648\u062c\u0628 \u0627\u0644\u0642\u0627\u0646\u0648\u0646 62\\\/ 2016\",\"publisher\":{\"@id\":\"https:\\\/\\\/nhrclb.org\\\/en#organization\"},\"alternateName\":\"\u0627\u0644\u0647\u064a\u0626\u0629 \u0627\u0644\u0648\u0637\u0646\u064a\u0629 \u0644\u062d\u0642\u0648\u0642 \u0627\u0644\u0627\u0646\u0633\u0627\u0646 \u0627\u0644\u0645\u062a\u0636\u0645\u0646\u0629 \u0644\u062c\u0646\u0629 \u0627\u0644\u0648\u0642\u0627\u064a\u0629 \u0645\u0646 \u0627\u0644\u062a\u0639\u0630\u064a\u0628 - \u0627\u0644\u062c\u0645\u0647\u0648\u0631\u064a\u0629 \u0627\u0644\u0644\u0628\u0646\u0627\u0646\u064a\u0629\",\"potentialAction\":[{\"@type\":\"SearchAction\",\"target\":{\"@type\":\"EntryPoint\",\"urlTemplate\":\"https:\\\/\\\/nhrclb.org\\\/en?s={search_term_string}\"},\"query-input\":{\"@type\":\"PropertyValueSpecification\",\"valueRequired\":true,\"valueName\":\"search_term_string\"}}],\"inLanguage\":\"en-US\"},{\"@type\":\"Organization\",\"@id\":\"https:\\\/\\\/nhrclb.org\\\/en#organization\",\"name\":\"\u0627\u0644\u0647\u064a\u0626\u0629 \u0627\u0644\u0648\u0637\u0646\u064a\u0629 \u0644\u062d\u0642\u0648\u0642 \u0627\u0644\u0625\u0646\u0633\u0627\u0646 \u0627\u0644\u0645\u062a\u0636\u0645\u0646\u0629 \u0644\u062c\u0646\u0629 \u0627\u0644\u0648\u0642\u0627\u064a\u0629 \u0645\u0646 \u0627\u0644\u062a\u0639\u0630\u064a\u0628 - \u0644\u0628\u0646\u0627\u0646\",\"url\":\"https:\\\/\\\/nhrclb.org\\\/en\",\"logo\":{\"@type\":\"ImageObject\",\"inLanguage\":\"en-US\",\"@id\":\"https:\\\/\\\/nhrclb.org\\\/en#\\\/schema\\\/logo\\\/image\\\/\",\"url\":\"https:\\\/\\\/nhrclb.org\\\/wp-content\\\/uploads\\\/2024\\\/01\\\/NHRC-CPT-Logo.png\",\"contentUrl\":\"https:\\\/\\\/nhrclb.org\\\/wp-content\\\/uploads\\\/2024\\\/01\\\/NHRC-CPT-Logo.png\",\"width\":1017,\"height\":761,\"caption\":\"\u0627\u0644\u0647\u064a\u0626\u0629 \u0627\u0644\u0648\u0637\u0646\u064a\u0629 \u0644\u062d\u0642\u0648\u0642 \u0627\u0644\u0625\u0646\u0633\u0627\u0646 \u0627\u0644\u0645\u062a\u0636\u0645\u0646\u0629 \u0644\u062c\u0646\u0629 \u0627\u0644\u0648\u0642\u0627\u064a\u0629 \u0645\u0646 \u0627\u0644\u062a\u0639\u0630\u064a\u0628 - \u0644\u0628\u0646\u0627\u0646\"},\"image\":{\"@id\":\"https:\\\/\\\/nhrclb.org\\\/en#\\\/schema\\\/logo\\\/image\\\/\"},\"sameAs\":[\"https:\\\/\\\/www.facebook.com\\\/NHRCLB\",\"https:\\\/\\\/x.com\\\/nhrclb\",\"https:\\\/\\\/www.instagram.com\\\/nhrc_lb\",\"https:\\\/\\\/www.youtube.com\\\/@lebanonsnhrccpt2364\",\"https:\\\/\\\/www.flickr.com\\\/photos\\\/145354751@N08\"]}]}<\/script>\n<!-- \/ Yoast SEO plugin. -->","yoast_head_json":{"title":"Human Rights Day | National Human Rights Commission - Lebanon","robots":{"index":"index","follow":"follow","max-snippet":"max-snippet:-1","max-image-preview":"max-image-preview:large","max-video-preview":"max-video-preview:-1"},"canonical":"https:\/\/nhrclb.org\/en\/human-rights-day","og_locale":"en_US","og_type":"article","og_title":"Human Rights Day | National Human Rights Commission - Lebanon","og_description":"Human Rights Day\u00a0is observed annually around the world on 10 December. It commemorates the anniversary of one of the world&#8217;s most groundbreaking global pledges: the\u00a0Universal Declaration of Human Rights\u00a0(UDHR). This\u00a0landmark document enshrines the inalienable rights that everyone is entitled to as a human being &#8211; regardless of race, colour, religion, sex, language, political or other [&hellip;]","og_url":"https:\/\/nhrclb.org\/en\/human-rights-day","og_site_name":"National Human Rights Commission - Lebanon","article_publisher":"https:\/\/www.facebook.com\/NHRCLB","article_modified_time":"2026-04-05T13:55:42+00:00","og_image":[{"width":1200,"height":863,"url":"https:\/\/nhrclb.org\/wp-content\/uploads\/2024\/02\/20121104151017.jpg","type":"image\/jpeg"}],"twitter_card":"summary_large_image","twitter_site":"@nhrclb","twitter_misc":{"Est. reading time":"3 minutes"},"schema":{"@context":"https:\/\/schema.org","@graph":[{"@type":"WebPage","@id":"https:\/\/nhrclb.org\/en\/human-rights-day","url":"https:\/\/nhrclb.org\/en\/human-rights-day","name":"Human Rights Day | National Human Rights Commission - Lebanon","isPartOf":{"@id":"https:\/\/nhrclb.org\/en#website"},"primaryImageOfPage":{"@id":"https:\/\/nhrclb.org\/en\/human-rights-day#primaryimage"},"image":{"@id":"https:\/\/nhrclb.org\/en\/human-rights-day#primaryimage"},"thumbnailUrl":"https:\/\/nhrclb.org\/wp-content\/uploads\/2024\/02\/20121104151017.jpg","datePublished":"2024-02-10T09:52:42+00:00","dateModified":"2026-04-05T13:55:42+00:00","breadcrumb":{"@id":"https:\/\/nhrclb.org\/en\/human-rights-day#breadcrumb"},"inLanguage":"en-US","potentialAction":[{"@type":"ReadAction","target":["https:\/\/nhrclb.org\/en\/human-rights-day"]}]},{"@type":"ImageObject","inLanguage":"en-US","@id":"https:\/\/nhrclb.org\/en\/human-rights-day#primaryimage","url":"https:\/\/nhrclb.org\/wp-content\/uploads\/2024\/02\/20121104151017.jpg","contentUrl":"https:\/\/nhrclb.org\/wp-content\/uploads\/2024\/02\/20121104151017.jpg","width":1200,"height":863,"caption":"\u00d9\u2026\u00d8\u00ad\u00d9\u201e\u00d9\u0160\u00d8\u00a7\u00d8\u00aa \u00d8\u00b0\u00d9\u0192\u00d8\u00b1\u00d9\u2030 \u00d8\u00a7\u00d8\u00a8\u00d9\u02c6 \u00d9\u0160\u00d8\u00ad\u00d9\u0160\u00d9\u2030 \u00d9\u0081\u00d9\u0160 \u00d8\u00a8\u00d8\u00b9\u00d9\u201e\u00d8\u00a8\u00d9\u0192 ( \u00d8\u00b9\u00d8\u00a8\u00d8\u00a7\u00d8\u00b3 \u00d8\u00b3\u00d9\u201e\u00d9\u2026\u00d8\u00a7\u00d9\u2020 )"},{"@type":"BreadcrumbList","@id":"https:\/\/nhrclb.org\/en\/human-rights-day#breadcrumb","itemListElement":[{"@type":"ListItem","position":1,"name":"\u0627\u0644\u0631\u0626\u064a\u0633\u064a\u0629","item":"https:\/\/nhrclb.org\/en"},{"@type":"ListItem","position":2,"name":"Human Rights Day"}]},{"@type":"WebSite","@id":"https:\/\/nhrclb.org\/en#website","url":"https:\/\/nhrclb.org\/en","name":"\u0627\u0644\u0647\u064a\u0626\u0629 \u0627\u0644\u0648\u0637\u0646\u064a\u0629 \u0644\u062d\u0642\u0648\u0642 \u0627\u0644\u0625\u0646\u0633\u0627\u0646 - \u0644\u0628\u0646\u0627\u0646","description":"\u0645\u0624\u0633\u0633\u0629 \u0648\u0637\u0646\u064a\u0629 \u0645\u0633\u062a\u0642\u0644\u0629 \u0644\u062d\u0645\u0627\u064a\u0629 \u0648\u062a\u0639\u0632\u064a\u0632 \u062d\u0642\u0648\u0642 \u0627\u0644\u0627\u0646\u0633\u0627\u0646 \u0648\u0627\u0644\u0648\u0642\u0627\u064a\u0629 \u0645\u0646 \u0627\u0644\u062a\u0639\u0630\u064a\u0628 \u0645\u0646\u0634\u0627\u0629 \u0628\u0645\u0648\u062c\u0628 \u0627\u0644\u0642\u0627\u0646\u0648\u0646 62\/ 2016","publisher":{"@id":"https:\/\/nhrclb.org\/en#organization"},"alternateName":"\u0627\u0644\u0647\u064a\u0626\u0629 \u0627\u0644\u0648\u0637\u0646\u064a\u0629 \u0644\u062d\u0642\u0648\u0642 \u0627\u0644\u0627\u0646\u0633\u0627\u0646 \u0627\u0644\u0645\u062a\u0636\u0645\u0646\u0629 \u0644\u062c\u0646\u0629 \u0627\u0644\u0648\u0642\u0627\u064a\u0629 \u0645\u0646 \u0627\u0644\u062a\u0639\u0630\u064a\u0628 - \u0627\u0644\u062c\u0645\u0647\u0648\u0631\u064a\u0629 \u0627\u0644\u0644\u0628\u0646\u0627\u0646\u064a\u0629","potentialAction":[{"@type":"SearchAction","target":{"@type":"EntryPoint","urlTemplate":"https:\/\/nhrclb.org\/en?s={search_term_string}"},"query-input":{"@type":"PropertyValueSpecification","valueRequired":true,"valueName":"search_term_string"}}],"inLanguage":"en-US"},{"@type":"Organization","@id":"https:\/\/nhrclb.org\/en#organization","name":"\u0627\u0644\u0647\u064a\u0626\u0629 \u0627\u0644\u0648\u0637\u0646\u064a\u0629 \u0644\u062d\u0642\u0648\u0642 \u0627\u0644\u0625\u0646\u0633\u0627\u0646 \u0627\u0644\u0645\u062a\u0636\u0645\u0646\u0629 \u0644\u062c\u0646\u0629 \u0627\u0644\u0648\u0642\u0627\u064a\u0629 \u0645\u0646 \u0627\u0644\u062a\u0639\u0630\u064a\u0628 - \u0644\u0628\u0646\u0627\u0646","url":"https:\/\/nhrclb.org\/en","logo":{"@type":"ImageObject","inLanguage":"en-US","@id":"https:\/\/nhrclb.org\/en#\/schema\/logo\/image\/","url":"https:\/\/nhrclb.org\/wp-content\/uploads\/2024\/01\/NHRC-CPT-Logo.png","contentUrl":"https:\/\/nhrclb.org\/wp-content\/uploads\/2024\/01\/NHRC-CPT-Logo.png","width":1017,"height":761,"caption":"\u0627\u0644\u0647\u064a\u0626\u0629 \u0627\u0644\u0648\u0637\u0646\u064a\u0629 \u0644\u062d\u0642\u0648\u0642 \u0627\u0644\u0625\u0646\u0633\u0627\u0646 \u0627\u0644\u0645\u062a\u0636\u0645\u0646\u0629 \u0644\u062c\u0646\u0629 \u0627\u0644\u0648\u0642\u0627\u064a\u0629 \u0645\u0646 \u0627\u0644\u062a\u0639\u0630\u064a\u0628 - \u0644\u0628\u0646\u0627\u0646"},"image":{"@id":"https:\/\/nhrclb.org\/en#\/schema\/logo\/image\/"},"sameAs":["https:\/\/www.facebook.com\/NHRCLB","https:\/\/x.com\/nhrclb","https:\/\/www.instagram.com\/nhrc_lb","https:\/\/www.youtube.com\/@lebanonsnhrccpt2364","https:\/\/www.flickr.com\/photos\/145354751@N08"]}]}},"_links":{"self":[{"href":"https:\/\/nhrclb.org\/en\/wp-json\/wp\/v2\/pages\/6239","targetHints":{"allow":["GET"]}}],"collection":[{"href":"https:\/\/nhrclb.org\/en\/wp-json\/wp\/v2\/pages"}],"about":[{"href":"https:\/\/nhrclb.org\/en\/wp-json\/wp\/v2\/types\/page"}],"author":[{"embeddable":true,"href":"https:\/\/nhrclb.org\/en\/wp-json\/wp\/v2\/users\/1"}],"replies":[{"embeddable":true,"href":"https:\/\/nhrclb.org\/en\/wp-json\/wp\/v2\/comments?post=6239"}],"version-history":[{"count":5,"href":"https:\/\/nhrclb.org\/en\/wp-json\/wp\/v2\/pages\/6239\/revisions"}],"predecessor-version":[{"id":6250,"href":"https:\/\/nhrclb.org\/en\/wp-json\/wp\/v2\/pages\/6239\/revisions\/6250"}],"wp:featuredmedia":[{"embeddable":true,"href":"https:\/\/nhrclb.org\/en\/wp-json\/wp\/v2\/media\/6240"}],"wp:attachment":[{"href":"https:\/\/nhrclb.org\/en\/wp-json\/wp\/v2\/media?parent=6239"}],"curies":[{"name":"wp","href":"https:\/\/api.w.org\/{rel}","templated":true}]}}